{"id":39307,"date":"2023-11-05T18:47:12","date_gmt":"2023-11-05T17:47:12","guid":{"rendered":"https:\/\/www.parsemains.com\/?post_type=product&#038;p=39307"},"modified":"2024-02-27T11:46:02","modified_gmt":"2024-02-27T10:46:02","slug":"faire-part-a-planter-faire-part-bapteme","status":"publish","type":"product","link":"https:\/\/www.parsemains.com\/es\/producto\/faire-part-a-planter-faire-part-de-bapteme\/","title":{"rendered":"Anuncios para plantar - Anuncio de bautismo \"Gabriel"},"content":{"rendered":"<p><strong>Anuncios para plantar - Anuncio de bautismo \"Gabriel<\/strong><\/p>\n<p>En el anverso de la invitaci\u00f3n, el nombre de pila se anuncia con sobriedad, a\u00f1adiendo un toque personal. Justo debajo, tres estilizadas ilustraciones captan su atenci\u00f3n, simbolizando los momentos clave de este memorable d\u00eda. Una cruz adornada con un coraz\u00f3n rojo, una paloma y una iglesia para la fecha, la hora y el lugar de la ceremonia. Estos sutiles elementos reflejan la esencia misma del evento, creando un v\u00ednculo emocional con sus invitados a primera vista.<\/p>\n<p>En el reverso de este anuncio de bautizo encontrar\u00e1 todos los datos esenciales de la invitaci\u00f3n para anunciar la ceremonia, que podr\u00e1 personalizar. Por supuesto, puede a\u00f1adir una nota invitando a los invitados a unirse a la fiesta despu\u00e9s de la ceremonia con una comida, s\u00edmbolo de compartir y convivencia. En el reverso tambi\u00e9n encontrar\u00e1 un recuerdo visual del coraz\u00f3n rojo para subrayar el amor y la compasi\u00f3n que caracterizan este d\u00eda \u00fanico.<\/p>\n<p>Pero eso no es todo. Nuestra Invitaci\u00f3n de Bautizo Gabriel es tambi\u00e9n una invitaci\u00f3n al crecimiento y la sostenibilidad. Est\u00e1 sembrada, lo que significa que una vez finalizado el evento, puedes plantar la invitaci\u00f3n para que nazcan hermosas flores silvestres. Las instrucciones de plantaci\u00f3n se indican claramente en forma de elegantes pictogramas, proporcionando una experiencia interactiva y memorable a tus invitados a la vez que ayudas a preservar nuestro planeta.<\/p>\n<p><strong>Haz que este bautizo sea memorable en todos los sentidos, desde el elegante dise\u00f1o hasta los detalles significativos y ecol\u00f3gicos. Elige el anuncio de bautizo personalizado \"Gabriel\" y comparte este d\u00eda tan especial con tus seres queridos al tiempo que dejas una huella positiva en la Tierra.<\/strong><\/p>\n<p>Pida el suyo hoy mismo y prep\u00e1rese para celebrar la ocasi\u00f3n con estilo y responsabilidad.<\/p>\n<p><strong>Anuncios para plantar - Anuncio de bautismo \"Gabriel<\/strong><\/p>\n<p><img fetchpriority=\"high\" decoding=\"async\" class=\"alignnone size-medium wp-image-40980\" src=\"https:\/\/www.parsemains.com\/wp-content\/uploads\/2023\/10\/Consignes-dimpression-300x300.jpg\" alt=\"Instrucciones para la impresi\u00f3n personalizada\" width=\"300\" height=\"300\" title=\"\" srcset=\"https:\/\/www.parsemains.com\/wp-content\/uploads\/2023\/10\/Consignes-dimpression-300x300.jpg 300w, https:\/\/www.parsemains.com\/wp-content\/uploads\/2023\/10\/Consignes-dimpression-1024x1024.jpg 1024w, https:\/\/www.parsemains.com\/wp-content\/uploads\/2023\/10\/Consignes-dimpression-150x150.jpg 150w, https:\/\/www.parsemains.com\/wp-content\/uploads\/2023\/10\/Consignes-dimpression-768x768.jpg 768w, https:\/\/www.parsemains.com\/wp-content\/uploads\/2023\/10\/Consignes-dimpression-1536x1536.jpg 1536w, https:\/\/www.parsemains.com\/wp-content\/uploads\/2023\/10\/Consignes-dimpression-2048x2048.jpg 2048w, https:\/\/www.parsemains.com\/wp-content\/uploads\/2023\/10\/Consignes-dimpression-12x12.jpg 12w, https:\/\/www.parsemains.com\/wp-content\/uploads\/2023\/10\/Consignes-dimpression-600x600.jpg 600w\" sizes=\"(max-width: 300px) 100vw, 300px\" \/><\/p>","protected":false},"excerpt":{"rendered":"<p><strong>Anuncios para plantar - Anuncio de bautismo \"Gabriel<\/strong><\/p>\n<p>Descubra nuestro precioso anuncio de bautizo con semillas \"Gabriel\": una invitaci\u00f3n elegante y ecol\u00f3gica que podr\u00e1 personalizar para celebrar este momento tan especial en la vida de su hijo. Con su dise\u00f1o sencillo y elegante, esta invitaci\u00f3n evoca una atm\u00f3sfera suave y espiritual, con colores azul marino y rojo brillante para crear un llamativo contraste visual.<\/p>\n<p><b>dimensiones :<\/b> 9,5 x 20 cm<br \/>\n<b>papel<\/b>\u00a0Parsemains ecorreciclados hechos a mano en Francia, aprox. 250 g\/m\u00b2.<br \/>\n<b>semillas<\/b> mezcla de flores silvestres ecol\u00f3gicas o hierbas arom\u00e1ticas ecol\u00f3gicas<\/p>\n<p><strong>Anuncios para plantar - Anuncio de bautismo \"Gabriel<\/strong><\/p>","protected":false},"featured_media":39413,"comment_status":"open","ping_status":"closed","template":"","meta":[],"product_brand":[],"product_cat":[216],"product_tag":[],"class_list":{"0":"post-39307","1":"product","2":"type-product","3":"status-publish","4":"has-post-thumbnail","6":"product_cat-annonces-de-bapteme-ensemencees","8":"first","9":"instock","10":"shipping-taxable","11":"purchasable","12":"product-type-variable"},"_links":{"self":[{"href":"https:\/\/www.parsemains.com\/es\/wp-json\/wp\/v2\/product\/39307","targetHints":{"allow":["GET"]}}],"collection":[{"href":"https:\/\/www.parsemains.com\/es\/wp-json\/wp\/v2\/product"}],"about":[{"href":"https:\/\/www.parsemains.com\/es\/wp-json\/wp\/v2\/types\/product"}],"replies":[{"embeddable":true,"href":"https:\/\/www.parsemains.com\/es\/wp-json\/wp\/v2\/comments?post=39307"}],"wp:featuredmedia":[{"embeddable":true,"href":"https:\/\/www.parsemains.com\/es\/wp-json\/wp\/v2\/media\/39413"}],"wp:attachment":[{"href":"https:\/\/www.parsemains.com\/es\/wp-json\/wp\/v2\/media?parent=39307"}],"wp:term":[{"taxonomy":"product_brand","embeddable":true,"href":"https:\/\/www.parsemains.com\/es\/wp-json\/wp\/v2\/product_brand?post=39307"},{"taxonomy":"product_cat","embeddable":true,"href":"https:\/\/www.parsemains.com\/es\/wp-json\/wp\/v2\/product_cat?post=39307"},{"taxonomy":"product_tag","embeddable":true,"href":"https:\/\/www.parsemains.com\/es\/wp-json\/wp\/v2\/product_tag?post=39307"}],"curies":[{"name":"wp","href":"https:\/\/api.w.org\/{rel}","templated":true}]}}