{"id":39182,"date":"2023-11-05T18:12:44","date_gmt":"2023-11-05T17:12:44","guid":{"rendered":"https:\/\/www.parsemains.com\/?post_type=product&#038;p=39182"},"modified":"2023-11-10T21:53:45","modified_gmt":"2023-11-10T20:53:45","slug":"faire-part-ensemence-faire-part-de-bapteme-aria","status":"publish","type":"product","link":"https:\/\/www.parsemains.com\/es\/producto\/faire-part-ensemence-faire-part-de-bapteme-aria\/","title":{"rendered":"Faire-part ensemenc\u00e9 - Anuncio de bautizo \"Aria"},"content":{"rendered":"<p><strong>Faire-part ensemenc\u00e9 - Anuncio de bautizo \"Aria<\/strong><\/p>\n<p>En el anverso de esta tarjeta, el nombre de pila Aria est\u00e1 caligrafiado con exquisita gracia, a\u00f1adiendo un toque de elegancia a este sagrado acontecimiento. Justo debajo, una media corona floral de delicadas flores de correhuela moradas, pintadas en acuarela, a\u00f1ade un toque de dulzura y romanticismo al conjunto. Esta representaci\u00f3n art\u00edstica evoca la pureza y la belleza del acontecimiento.<\/p>\n<p>En el reverso encontrar\u00e1s todos los detalles esenciales de la invitaci\u00f3n, como la fecha, la hora, el lugar de celebraci\u00f3n y los datos de contacto para que puedas compartir este acontecimiento tan especial con tus seres m\u00e1s queridos. Para hacer eco de la elegancia de las flores moradas, hay un sutil toque de estas preciosas correhuelas en el fondo.<\/p>\n<p>Pero lo que hace que nuestra invitaci\u00f3n \"Aria\" sea realmente \u00fanica es su dimensi\u00f3n ecol\u00f3gica. Esta tarjeta puede plantarse despu\u00e9s del evento, dando a sus invitados la oportunidad de ver florecer hermosas flores silvestres como recuerdo de su memorable d\u00eda.<\/p>\n<p>Elige la invitaci\u00f3n \"Aria\" para el bautizo de tu peque\u00f1o tesoro y deja una huella duradera de belleza y sensibilidad en los corazones de tus invitados, al tiempo que cuidas de nuestro precioso planeta. Una invitaci\u00f3n que florecer\u00e1 y crecer\u00e1, al igual que su hijo.<\/p>\n<p><strong>Faire-part ensemenc\u00e9 - Anuncio de bautizo \"Aria<\/strong><\/p>","protected":false},"excerpt":{"rendered":"<p><strong>Faire-part ensemenc\u00e9 - Anuncio de bautizo \"Aria<\/strong><\/p>\n<p>Descubra nuestra magn\u00edfica invitaci\u00f3n de bautizo \"Aria\", una joya de delicadeza y sencillez que captar\u00e1 la esencia de este momento tan especial. Con sus relajantes tonos violeta y verde agua, esta invitaci\u00f3n est\u00e1 dise\u00f1ada para sorprender a sus invitados.<\/p>\n<p><b>dimensiones<\/b> Tama\u00f1o : 10 x 14 cm<br \/>\n<b>papel<\/b>\u00a0Parsemains ecorreciclados hechos a mano, aprox. 250 g\/m\u00b2.<br \/>\n<b>semillas<\/b> Mezcla de flores silvestres ecol\u00f3gicas<\/p>\n<p><strong>Faire-part ensemenc\u00e9 - Anuncio de bautizo \"Aria<\/strong><\/p>","protected":false},"featured_media":39290,"comment_status":"open","ping_status":"closed","template":"","meta":[],"product_brand":[],"product_cat":[216],"product_tag":[],"class_list":{"0":"post-39182","1":"product","2":"type-product","3":"status-publish","4":"has-post-thumbnail","6":"product_cat-annonces-de-bapteme-ensemencees","8":"first","9":"instock","10":"shipping-taxable","11":"purchasable","12":"product-type-variable"},"_links":{"self":[{"href":"https:\/\/www.parsemains.com\/es\/wp-json\/wp\/v2\/product\/39182","targetHints":{"allow":["GET"]}}],"collection":[{"href":"https:\/\/www.parsemains.com\/es\/wp-json\/wp\/v2\/product"}],"about":[{"href":"https:\/\/www.parsemains.com\/es\/wp-json\/wp\/v2\/types\/product"}],"replies":[{"embeddable":true,"href":"https:\/\/www.parsemains.com\/es\/wp-json\/wp\/v2\/comments?post=39182"}],"wp:featuredmedia":[{"embeddable":true,"href":"https:\/\/www.parsemains.com\/es\/wp-json\/wp\/v2\/media\/39290"}],"wp:attachment":[{"href":"https:\/\/www.parsemains.com\/es\/wp-json\/wp\/v2\/media?parent=39182"}],"wp:term":[{"taxonomy":"product_brand","embeddable":true,"href":"https:\/\/www.parsemains.com\/es\/wp-json\/wp\/v2\/product_brand?post=39182"},{"taxonomy":"product_cat","embeddable":true,"href":"https:\/\/www.parsemains.com\/es\/wp-json\/wp\/v2\/product_cat?post=39182"},{"taxonomy":"product_tag","embeddable":true,"href":"https:\/\/www.parsemains.com\/es\/wp-json\/wp\/v2\/product_tag?post=39182"}],"curies":[{"name":"wp","href":"https:\/\/api.w.org\/{rel}","templated":true}]}}