{"id":39061,"date":"2023-11-05T17:41:18","date_gmt":"2023-11-05T16:41:18","guid":{"rendered":"https:\/\/www.parsemains.com\/?post_type=product&#038;p=39061"},"modified":"2023-11-10T22:00:24","modified_gmt":"2023-11-10T21:00:24","slug":"faire-part-ensemence-faire-part-de-bapteme-evelyn","status":"publish","type":"product","link":"https:\/\/www.parsemains.com\/es\/producto\/faire-part-de-bapteme-faire-part-a-planter-evelyn\/","title":{"rendered":"Faire-part ensemenc\u00e9 - Anuncio de bautizo \"Evelyn"},"content":{"rendered":"<p><strong>Faire-part ensemenc\u00e9 - Anuncio de bautizo \"Evelyn<\/strong><\/p>\n<p>En el anverso de la invitaci\u00f3n \"Evelyn\" figura el nombre \"Evelyn\" en minuciosa caligraf\u00eda, acompa\u00f1ado de una delicada paloma en vuelo y dos ramitas de verdor. Esta composici\u00f3n evoca tanto la pureza de la ocasi\u00f3n como el crecimiento espiritual venidero, creando una imagen cautivadora para su evento especial.<\/p>\n<p>En el reverso de la invitaci\u00f3n encontrar\u00e1s todos los detalles para personalizar, incluidos la fecha, la hora y el lugar del bautizo. Los motivos vegetales se repiten aqu\u00ed sutilmente para recordar el tema de la naturaleza y el crecimiento.<\/p>\n<p>Pero lo que hace que la invitaci\u00f3n \"Evelyn\" sea a\u00fan m\u00e1s especial es su ecorresponsabilidad. Fabricada en papel con semillas de alta calidad, esta invitaci\u00f3n puede plantarse despu\u00e9s de la ceremonia. Solo tienes que seguir las instrucciones de plantaci\u00f3n que aparecen en la parte inferior de la invitaci\u00f3n para ver crecer las flores silvestres y crear un recuerdo imborrable de este acontecimiento tan significativo en la vida de tu hija.<\/p>\n<p><strong>Faire-part ensemenc\u00e9 - Anuncio de bautizo \"Evelyn<\/strong><\/p>","protected":false},"excerpt":{"rendered":"<p><strong>Faire-part ensemenc\u00e9 - Anuncio de bautizo \"Evelyn<\/strong><\/p>\n<p>Presentamos nuestro precioso anuncio de bautizo cuadrado con semillas \"Evelyn\": una invitaci\u00f3n elegante y respetuosa con el medio ambiente. El dise\u00f1o de esta invitaci\u00f3n destaca por su refinada sencillez y sus c\u00e1lidos tonos ocre, terracota y siena, que evocan una sensaci\u00f3n de armon\u00eda con la naturaleza.<\/p>\n<p>Celebre el bautizo de su hijo con estilo y conciencia medioambiental eligiendo la invitaci\u00f3n \"Evelyn\". Representa la belleza de la naturaleza y el comienzo de un nuevo viaje espiritual.<\/p>\n<p><b>dimensiones : <\/b>13,5 x 13,5 cm<br \/>\n<b>papel<\/b>\u00a0Parsemains ecorreciclados hechos a mano, aprox. 250 g\/m\u00b2.<br \/>\n<b>semillas<\/b> Mezcla de flores silvestres ecol\u00f3gicas<\/p>\n<p><strong>Faire-part ensemenc\u00e9 - Anuncio de bautizo \"Evelyn<\/strong><\/p>","protected":false},"featured_media":39168,"comment_status":"open","ping_status":"closed","template":"","meta":[],"product_brand":[],"product_cat":[216],"product_tag":[],"class_list":{"0":"post-39061","1":"product","2":"type-product","3":"status-publish","4":"has-post-thumbnail","6":"product_cat-annonces-de-bapteme-ensemencees","8":"first","9":"instock","10":"shipping-taxable","11":"purchasable","12":"product-type-variable"},"_links":{"self":[{"href":"https:\/\/www.parsemains.com\/es\/wp-json\/wp\/v2\/product\/39061","targetHints":{"allow":["GET"]}}],"collection":[{"href":"https:\/\/www.parsemains.com\/es\/wp-json\/wp\/v2\/product"}],"about":[{"href":"https:\/\/www.parsemains.com\/es\/wp-json\/wp\/v2\/types\/product"}],"replies":[{"embeddable":true,"href":"https:\/\/www.parsemains.com\/es\/wp-json\/wp\/v2\/comments?post=39061"}],"wp:featuredmedia":[{"embeddable":true,"href":"https:\/\/www.parsemains.com\/es\/wp-json\/wp\/v2\/media\/39168"}],"wp:attachment":[{"href":"https:\/\/www.parsemains.com\/es\/wp-json\/wp\/v2\/media?parent=39061"}],"wp:term":[{"taxonomy":"product_brand","embeddable":true,"href":"https:\/\/www.parsemains.com\/es\/wp-json\/wp\/v2\/product_brand?post=39061"},{"taxonomy":"product_cat","embeddable":true,"href":"https:\/\/www.parsemains.com\/es\/wp-json\/wp\/v2\/product_cat?post=39061"},{"taxonomy":"product_tag","embeddable":true,"href":"https:\/\/www.parsemains.com\/es\/wp-json\/wp\/v2\/product_tag?post=39061"}],"curies":[{"name":"wp","href":"https:\/\/api.w.org\/{rel}","templated":true}]}}