{"id":37729,"date":"2023-11-02T09:31:35","date_gmt":"2023-11-02T08:31:35","guid":{"rendered":"https:\/\/www.parsemains.com\/?post_type=product&#038;p=37729"},"modified":"2023-11-15T23:04:00","modified_gmt":"2023-11-15T22:04:00","slug":"carte-a-planter-carte-de-remerciement-carree-minimaliste-lot-de-6","status":"publish","type":"product","link":"https:\/\/www.parsemains.com\/es\/producto\/tarjeta-de-cumpleanos\/","title":{"rendered":"Tarjeta de plantaci\u00f3n - Tarjeta de agradecimiento cuadrada - Minimalista - paquete de 6"},"content":{"rendered":"<p><strong>Tarjeta de plantaci\u00f3n - Tarjeta de agradecimiento cuadrada - Minimalista - paquete de 6<\/strong><\/p>\n<p>Chaque carte carr\u00e9e de ce lot se distingue par son design \u00e9pur\u00e9 et raffin\u00e9. Le message &#8220;Mille mercis !&#8221; est calligraphi\u00e9 avec une encre verte sapin, offrant une touche de sobri\u00e9t\u00e9 et d&#8217;authenticit\u00e9. Un c\u0153ur, de la m\u00eame couleur, accompagne ce message, ajoutant une note chaleureuse \u00e0 chaque carte.<\/p>\n<p>L&#8217;aspect v\u00e9ritablement sp\u00e9cial de cet ensemble r\u00e9side dans son caract\u00e8re \u00e9cologique. Fabriqu\u00e9es \u00e0 partir de papier ensemenc\u00e9 avec la qualit\u00e9 in\u00e9galable du fait main, ces cartes contiennent des graines de fleurs sauvages bio qui ne demandent qu&#8217;\u00e0 \u00e9clore. Apr\u00e8s avoir lu votre message de remerciement, vos destinataires peuvent simplement planter la carte dans un pot de fleurs ou dans leur jardin, et bient\u00f4t, ils verront les graines se transformer en une profusion de couleurs et de beaut\u00e9 florale.<\/p>\n<p>Cet ensemble de 6 cartes de remerciement ensemenc\u00e9es est parfait pour exprimer votre gratitude de mani\u00e8re authentique et m\u00e9morable. Non seulement elles permettent de remercier vos proches de mani\u00e8re sp\u00e9ciale, mais elles t\u00e9moignent \u00e9galement de votre engagement en faveur de l&#8217;\u00e9cologie. Chaque carte est une invitation \u00e0 la croissance et au renouveau, \u00e0 l&#8217;image de la nature elle-m\u00eame.<\/p>\n<p><strong>Tarjeta de plantaci\u00f3n - Tarjeta de agradecimiento cuadrada - Minimalista - paquete de 6<\/strong><\/p>","protected":false},"excerpt":{"rendered":"<p><strong>Tarjeta de plantaci\u00f3n - Tarjeta de agradecimiento cuadrada - Minimalista - paquete de 6<\/strong><\/p>\n<p>Descubra nuestro lote de 6 tarjetas de agradecimiento con semillas, todas ellas dise\u00f1adas en el art\u00edstico estilo \"Minimalista\". Cada una de estas tarjetas cuadradas encarna la elegancia y el compromiso con el medio ambiente para un agradecimiento memorable.<\/p>\n<p>Regala estas adorables tarjetas cuadradas con semillas a tus amigos y familiares para dar las gracias de una forma \u00fanica, o introd\u00facelas en tus paquetes de productos para expresar tu preocupaci\u00f3n por nuestro planeta. Con este set, cada agradecimiento es una oportunidad para sembrar amor y belleza en el mundo, cuidando al mismo tiempo del medio ambiente.<\/p>\n<p><b>paquete<\/b> Paquete de 6 tarjetas, anverso<b><br \/>\ndimensiones <\/b>9,5 x 9,5 cm<br \/>\n<b>papel<\/b>\u00a0Parsemains ecorreciclados hechos a mano, aprox. 250 g\/m\u00b2.<br \/>\n<b>semillas<\/b> Mezcla de flores silvestres ecol\u00f3gicas<\/p>\n<p><strong>Tarjeta de plantaci\u00f3n - Tarjeta de agradecimiento cuadrada - Minimalista - paquete de 6<\/strong><\/p>","protected":false},"featured_media":37730,"comment_status":"open","ping_status":"closed","template":"","meta":[],"product_brand":[],"product_cat":[210,209],"product_tag":[],"class_list":{"0":"post-37729","1":"product","2":"type-product","3":"status-publish","4":"has-post-thumbnail","6":"product_cat-cartes-a-planter","7":"product_cat-cartes-de-remerciement-a-planter","9":"first","10":"instock","11":"purchasable","12":"product-type-simple"},"_links":{"self":[{"href":"https:\/\/www.parsemains.com\/es\/wp-json\/wp\/v2\/product\/37729","targetHints":{"allow":["GET"]}}],"collection":[{"href":"https:\/\/www.parsemains.com\/es\/wp-json\/wp\/v2\/product"}],"about":[{"href":"https:\/\/www.parsemains.com\/es\/wp-json\/wp\/v2\/types\/product"}],"replies":[{"embeddable":true,"href":"https:\/\/www.parsemains.com\/es\/wp-json\/wp\/v2\/comments?post=37729"}],"wp:featuredmedia":[{"embeddable":true,"href":"https:\/\/www.parsemains.com\/es\/wp-json\/wp\/v2\/media\/37730"}],"wp:attachment":[{"href":"https:\/\/www.parsemains.com\/es\/wp-json\/wp\/v2\/media?parent=37729"}],"wp:term":[{"taxonomy":"product_brand","embeddable":true,"href":"https:\/\/www.parsemains.com\/es\/wp-json\/wp\/v2\/product_brand?post=37729"},{"taxonomy":"product_cat","embeddable":true,"href":"https:\/\/www.parsemains.com\/es\/wp-json\/wp\/v2\/product_cat?post=37729"},{"taxonomy":"product_tag","embeddable":true,"href":"https:\/\/www.parsemains.com\/es\/wp-json\/wp\/v2\/product_tag?post=37729"}],"curies":[{"name":"wp","href":"https:\/\/api.w.org\/{rel}","templated":true}]}}