{"id":37716,"date":"2023-11-02T08:15:11","date_gmt":"2023-11-02T07:15:11","guid":{"rendered":"https:\/\/www.parsemains.com\/?post_type=product&#038;p=37716"},"modified":"2023-11-15T23:25:01","modified_gmt":"2023-11-15T22:25:01","slug":"carte-a-planter-chat-astral","status":"publish","type":"product","link":"https:\/\/www.parsemains.com\/es\/producto\/tarjeta-de-cumpleanos\/","title":{"rendered":"Carta de plantaci\u00f3n - Chat astral"},"content":{"rendered":"<p><strong>Carta de plantaci\u00f3n - Chat astral<\/strong><\/p>\n<p>La ilustraci\u00f3n de esta tarjeta es una creaci\u00f3n \u00fanica, con los contornos negros de un gato con los ojos cerrados. Este enigm\u00e1tico felino luce un motivo lunar en la frente y estrellas centelleantes salpicando su pelaje, mientras que la punta de su cola est\u00e1 bellamente anillada. Esta imagen capta tanto el encanto del misterio como la serenidad de la noche, creando una atm\u00f3sfera reconfortante.<\/p>\n<p>Cada detalle de esta tarjeta ha sido cuidadosamente dise\u00f1ado para evocar una suave magia, y el gato celestial encarna la belleza de la noche estrellada. Casi puedes sentir la tranquilidad que emana de este enigm\u00e1tico gato, y es un regalo ideal para alegrar los d\u00edas de tus seres queridos.<\/p>\n<p>L&#8217;int\u00e9rieur de la carte est laiss\u00e9 vierge, vous offrant l&#8217;espace id\u00e9al pour \u00e9crire un message personnel, une citation inspirante ou des mots d&#8217;affection \u00e0 la main.<\/p>\n<p>Mais cette carte n&#8217;est pas seulement une \u0153uvre d&#8217;art \u00e0 admirer, elle est \u00e9galement une invitation \u00e0 la croissance. En plantant cette carte dans un pot de fleurs ou un coin du jardin, vous donnerez vie \u00e0 un jardin miniature. Les graines de fleurs qu&#8217;elle renferme germeront, offrant des fleurs sauvages bio pour \u00e9gayer votre environnement. Une fois la carte plant\u00e9e, elle se transforme en une source de beaut\u00e9 vivante, cr\u00e9ant un lien entre l&#8217;art et la nature.<\/p>\n<p>Tanto si desea sorprender a un ser querido como aportar un toque de misterio y confort a su propia vida, nuestra tarjeta de plantaci\u00f3n es una opci\u00f3n ideal. Ofrezca una experiencia \u00fanica y m\u00e1gica que deleitar\u00e1 los sentidos e iluminar\u00e1 los corazones, al tiempo que ayuda a preservar nuestro hermoso planeta. Haga de cada mensaje una peque\u00f1a aventura que florecer\u00e1 con el tiempo.<\/p>\n<p><strong>Carta de plantaci\u00f3n - Chat astral<\/strong><\/p>","protected":false},"excerpt":{"rendered":"<p><strong>Carta de plantaci\u00f3n - Chat astral<\/strong><\/p>\n<p>Descubra una tarjeta de plantaci\u00f3n \u00fanica con una ilustraci\u00f3n que evoca a la vez misterio y consuelo.<\/p>\n<p>Este adorable, sereno y enigm\u00e1tico gato es una invitaci\u00f3n a la contemplaci\u00f3n y la meditaci\u00f3n. Sus ojos cerrados parecen esconder profundos secretos, mientras que las estrellas que lo rodean evocan una noche estrellada donde los sue\u00f1os se hacen realidad.<\/p>\n<p><b>dimensiones : <\/b>20 x 14 cm doblado por la mitad (formato cerrado: 10\u00d714 cm)<br \/>\n<b>papel<\/b>\u00a0Parsemains ecorreciclados hechos a mano, aprox. 250 g\/m\u00b2.<br \/>\n<b>semillas<\/b> Mezcla de flores silvestres ecol\u00f3gicas<\/p>\n<p><strong>Carta de plantaci\u00f3n - Chat astral<\/strong><\/p>","protected":false},"featured_media":37719,"comment_status":"open","ping_status":"closed","template":"","meta":[],"product_brand":[],"product_cat":[210,171],"product_tag":[],"class_list":{"0":"post-37716","1":"product","2":"type-product","3":"status-publish","4":"has-post-thumbnail","6":"product_cat-cartes-a-planter","7":"product_cat-cartes-de-voeux-ensemencees","9":"first","10":"instock","11":"purchasable","12":"product-type-simple"},"_links":{"self":[{"href":"https:\/\/www.parsemains.com\/es\/wp-json\/wp\/v2\/product\/37716","targetHints":{"allow":["GET"]}}],"collection":[{"href":"https:\/\/www.parsemains.com\/es\/wp-json\/wp\/v2\/product"}],"about":[{"href":"https:\/\/www.parsemains.com\/es\/wp-json\/wp\/v2\/types\/product"}],"replies":[{"embeddable":true,"href":"https:\/\/www.parsemains.com\/es\/wp-json\/wp\/v2\/comments?post=37716"}],"wp:featuredmedia":[{"embeddable":true,"href":"https:\/\/www.parsemains.com\/es\/wp-json\/wp\/v2\/media\/37719"}],"wp:attachment":[{"href":"https:\/\/www.parsemains.com\/es\/wp-json\/wp\/v2\/media?parent=37716"}],"wp:term":[{"taxonomy":"product_brand","embeddable":true,"href":"https:\/\/www.parsemains.com\/es\/wp-json\/wp\/v2\/product_brand?post=37716"},{"taxonomy":"product_cat","embeddable":true,"href":"https:\/\/www.parsemains.com\/es\/wp-json\/wp\/v2\/product_cat?post=37716"},{"taxonomy":"product_tag","embeddable":true,"href":"https:\/\/www.parsemains.com\/es\/wp-json\/wp\/v2\/product_tag?post=37716"}],"curies":[{"name":"wp","href":"https:\/\/api.w.org\/{rel}","templated":true}]}}