{"id":37712,"date":"2023-11-01T22:57:14","date_gmt":"2023-11-01T21:57:14","guid":{"rendered":"https:\/\/www.parsemains.com\/?post_type=product&#038;p=37712"},"modified":"2023-11-24T19:33:32","modified_gmt":"2023-11-24T18:33:32","slug":"carte-a-planter-fete-des-meres-bonne-fete-maman","status":"publish","type":"product","link":"https:\/\/www.parsemains.com\/es\/producto\/tarjeta-de-despedida\/","title":{"rendered":"Tarjeta de plantaci\u00f3n - D\u00eda de la Madre - Feliz D\u00eda de la Madre"},"content":{"rendered":"<p><strong>Tarjeta de plantaci\u00f3n - D\u00eda de la Madre - Feliz D\u00eda de la Madre<\/strong><\/p>\n<p>Embrassez la beaut\u00e9 de la nature avec notre carte \u00e0 planter ensemenc\u00e9e &#8220;Bonne f\u00eate Maman.&#8221; Cette carte exquise est bien plus qu&#8217;un simple message pour votre m\u00e8re, elle est une c\u00e9l\u00e9bration de l&#8217;amour maternel, de la nature, et de la durabilit\u00e9.<\/p>\n<p><strong>Illustration<\/strong> : notre carte \u00e0 planter est orn\u00e9e d&#8217;une magnifique illustration \u00e0 l&#8217;aquarelle, repr\u00e9sentant une \u00e9l\u00e9gante biche et son faon. Les tons roses tendres et bruns cr\u00e9ent une atmosph\u00e8re chaleureuse et douce, parfaite pour exprimer vos sentiments les plus tendres.\u00a0Le message &#8220;Bonne f\u00eate maman&#8221; est soigneusement calligraphi\u00e9 en \u00e9criture cursive \u00e9l\u00e9gante, ajoutant une touche de gr\u00e2ce et d&#8217;affection \u00e0 votre carte.<\/p>\n<p><strong>Semillas ecol\u00f3gicas de flores silvestres<\/strong> : la magie de cette carte r\u00e9side dans sa capacit\u00e9 \u00e0 se transformer en une v\u00e9ritable source de vie. Fabriqu\u00e9e \u00e0 partir de papier ensemenc\u00e9, une fois que votre m\u00e8re a re\u00e7u votre message attentionn\u00e9, elle peut planter la carte dans son jardin ou dans un pot. Les graines de fleurs sauvages bio qui sont int\u00e9gr\u00e9es dans le papier germeront, cr\u00e9ant un magnifique parterre de fleurs sauvages, rappelant toujours votre amour.<\/p>\n<p><strong>Ecol\u00f3gico y sostenible<\/strong> : notre carte est un choix responsable pour la plan\u00e8te. Elle est fabriqu\u00e9e \u00e0 partir de mat\u00e9riaux recycl\u00e9s et biod\u00e9gradables, contribuant ainsi \u00e0 la pr\u00e9servation de notre environnement.<\/p>\n<p><strong>Un regalo inolvidable <\/strong>: offrez \u00e0 votre m\u00e8re bien plus qu&#8217;une simple carte cette ann\u00e9e. Offrez-lui un souvenir vivant de votre amour, une exp\u00e9rience qui continuera de grandir et de s&#8217;\u00e9panouir, tout comme le lien sp\u00e9cial entre une m\u00e8re et son enfant.<\/p>\n<p><strong>Tarjeta de plantaci\u00f3n - D\u00eda de la Madre - Feliz D\u00eda de la Madre<\/strong><\/p>","protected":false},"excerpt":{"rendered":"<p><strong>Tarjeta de plantaci\u00f3n - D\u00eda de la Madre - Feliz D\u00eda de la Madre<\/strong><\/p>\n<p>Celebra el amor y la naturaleza con nuestra tarjeta de plantaci\u00f3n Feliz D\u00eda de la Madre. Demu\u00e9strale a tu madre lo especial que es haci\u00e9ndole un regalo que crece, florece y florece, igual que el amor que compart\u00eds. Una forma \u00fanica y significativa de desearle un feliz D\u00eda de la Madre.<\/p>\n<p>Si tu madre tambi\u00e9n es una amante de las flores y la naturaleza, y cree en los regalos \u00fatiles, \u00a1esta po\u00e9tica tarjeta llena de amor la har\u00e1 muy feliz!<\/p>\n<p><b>dimensiones : <\/b>10 x 14 cm<br \/>\n<b>papel<\/b>\u00a0Parsemains ecorreciclados hechos a mano, aprox. 250 g\/m\u00b2.<br \/>\n<b>semillas<\/b> Mezcla de flores silvestres ecol\u00f3gicas<\/p>\n<p><strong>Tarjeta de plantaci\u00f3n - D\u00eda de la Madre - Feliz D\u00eda de la Madre<\/strong><\/p>","protected":false},"featured_media":37713,"comment_status":"open","ping_status":"closed","template":"","meta":[],"product_brand":[],"product_cat":[210],"product_tag":[],"class_list":{"0":"post-37712","1":"product","2":"type-product","3":"status-publish","4":"has-post-thumbnail","6":"product_cat-cartes-a-planter","8":"first","9":"instock","10":"purchasable","11":"product-type-simple"},"_links":{"self":[{"href":"https:\/\/www.parsemains.com\/es\/wp-json\/wp\/v2\/product\/37712","targetHints":{"allow":["GET"]}}],"collection":[{"href":"https:\/\/www.parsemains.com\/es\/wp-json\/wp\/v2\/product"}],"about":[{"href":"https:\/\/www.parsemains.com\/es\/wp-json\/wp\/v2\/types\/product"}],"replies":[{"embeddable":true,"href":"https:\/\/www.parsemains.com\/es\/wp-json\/wp\/v2\/comments?post=37712"}],"wp:featuredmedia":[{"embeddable":true,"href":"https:\/\/www.parsemains.com\/es\/wp-json\/wp\/v2\/media\/37713"}],"wp:attachment":[{"href":"https:\/\/www.parsemains.com\/es\/wp-json\/wp\/v2\/media?parent=37712"}],"wp:term":[{"taxonomy":"product_brand","embeddable":true,"href":"https:\/\/www.parsemains.com\/es\/wp-json\/wp\/v2\/product_brand?post=37712"},{"taxonomy":"product_cat","embeddable":true,"href":"https:\/\/www.parsemains.com\/es\/wp-json\/wp\/v2\/product_cat?post=37712"},{"taxonomy":"product_tag","embeddable":true,"href":"https:\/\/www.parsemains.com\/es\/wp-json\/wp\/v2\/product_tag?post=37712"}],"curies":[{"name":"wp","href":"https:\/\/api.w.org\/{rel}","templated":true}]}}