{"id":37562,"date":"2023-11-01T11:49:52","date_gmt":"2023-11-01T10:49:52","guid":{"rendered":"https:\/\/www.parsemains.com\/?post_type=product&#038;p=37562"},"modified":"2026-03-02T18:46:10","modified_gmt":"2026-03-02T17:46:10","slug":"etiquettes-ensemencees-collection-vegetalia-assortiment-de-7-etiquettes","status":"publish","type":"product","link":"https:\/\/www.parsemains.com\/es\/producto\/etiquetas-de-semillas-coleccion-vegetalia-cesion-de-7-etiquetas\/","title":{"rendered":"Etiquetas inoculadas - Colecci\u00f3n \"Vegetalia\" - Surtido de 7 etiquetas"},"content":{"rendered":"<p><strong>Etiquetas inoculadas - Colecci\u00f3n \"Vegetalia\" - Surtido de 7 etiquetas<\/strong><\/p>\n<p><strong>Ilustraciones elegantes<\/strong> Cada etiqueta \"Vegetalia\" es una expresi\u00f3n de la gracia del mundo vegetal. Los motivos de acuarela capturan la belleza intemporal de la naturaleza, a\u00f1adiendo un toque de autenticidad a sus regalos o productos.<\/p>\n<p><strong>Paquete de 7 etiquetas<\/strong> Cada juego \"Vegetalia\" incluye 7 etiquetas \u00fanicas, que ofrecen una gran variedad de dise\u00f1os para satisfacer todas sus necesidades de personalizaci\u00f3n.<\/p>\n<p><strong>Semillas ecol\u00f3gicas de flores silvestres<\/strong> Lo que hace que las etiquetas \"Vegetalia\" sean a\u00fan m\u00e1s especiales es que est\u00e1n hechas de papel sembrado con semillas ecol\u00f3gicas de flores silvestres. Una vez usadas, basta con plantar la etiqueta en la tierra, regarla y pronto ver\u00e1s florecer flores silvestres.<\/p>\n<p><strong>Vers\u00e1til y respetuoso con el medio ambiente<\/strong> Estas vers\u00e1tiles etiquetas pueden utilizarse para acompa\u00f1ar regalos o como etiquetas de productos. Fabricadas con papel reciclado, son una opci\u00f3n que respeta el medio ambiente y el ciclo de la naturaleza.<\/p>\n<p><strong>Hacer una declaraci\u00f3n<\/strong> Vegetalia\" permite que su regalo o producto destaque, que cuente una historia de naturaleza y compromiso con el medio ambiente.<\/p>\n<p>Tanto si desea envolver un regalo especial, realzar sus productos artesanales o simplemente a\u00f1adir un toque de naturaleza a su d\u00eda a d\u00eda, las etiquetas para macetas \"Vegetalia\" son el complemento perfecto. Ofrezca a sus seres queridos regalos \u00fanicos y duraderos, o diferencie sus productos d\u00e1ndoles un aspecto respetuoso con el medio ambiente. Descubra hoy mismo la belleza de \"Vegetalia\" y marque la diferencia con cada etiqueta que utilice.<\/p>\n<p><strong>Etiquetas inoculadas - Colecci\u00f3n \"Vegetalia\" - Surtido de 7 etiquetas<\/strong><\/p>","protected":false},"excerpt":{"rendered":"<p><strong>Etiquetas inoculadas - Colecci\u00f3n \"Vegetalia\" - Surtido de 7 etiquetas<\/strong><\/p>\n<p>Si vous recherchez une fa\u00e7on unique et respectueuse de la nature pour personnaliser vos cadeaux ou sublimer vos produits, les \u00e9tiquettes \u00e0 planter &#8220;Vegetalia&#8221; sont un choix \u00e0 consid\u00e9rer. Ces \u00e9tiquettes artistiques, orn\u00e9es de motifs en aquarelle de feuilles et de crosses v\u00e9g\u00e9tales gracieuses, sont \u00e0 la fois simples et \u00e9l\u00e9gantes, apportant une touche d&#8217;\u00e9l\u00e9gance naturelle \u00e0 tout ce qu&#8217;elles accompagnent. Elles contiennent des graines de fleurs sauvages mellif\u00e8res bio qui viennent enrichir la biodiversit\u00e9 sans cr\u00e9er de d\u00e9chet : le support id\u00e9al pour montrer votre engagement pour la plan\u00e8te !<\/p>\n<p><b>dimensiones : <\/b>8,5 x 4 cm<br \/>\n<b>papel<\/b>\u00a0Parsemains ecorreciclados hechos a mano, aprox. 250 g\/m\u00b2.<br \/>\n<strong>acabados<\/strong> un agujero centrado a la izquierda <em>(cuerda no incluida)<\/em><br \/>\n<b>semillas<\/b> Mezcla de flores silvestres ecol\u00f3gicas<em><br \/>\n<\/em><\/p>\n<p><strong>Etiquetas inoculadas - Colecci\u00f3n \"Vegetalia\" - Surtido de 7 etiquetas<\/strong><\/p>","protected":false},"featured_media":37563,"comment_status":"open","ping_status":"closed","template":"","meta":[],"product_brand":[],"product_cat":[213],"product_tag":[],"class_list":{"0":"post-37562","1":"product","2":"type-product","3":"status-publish","4":"has-post-thumbnail","6":"product_cat-etiquettes-cadeaux-ensemencees","8":"first","9":"instock","10":"purchasable","11":"product-type-simple"},"_links":{"self":[{"href":"https:\/\/www.parsemains.com\/es\/wp-json\/wp\/v2\/product\/37562","targetHints":{"allow":["GET"]}}],"collection":[{"href":"https:\/\/www.parsemains.com\/es\/wp-json\/wp\/v2\/product"}],"about":[{"href":"https:\/\/www.parsemains.com\/es\/wp-json\/wp\/v2\/types\/product"}],"replies":[{"embeddable":true,"href":"https:\/\/www.parsemains.com\/es\/wp-json\/wp\/v2\/comments?post=37562"}],"wp:featuredmedia":[{"embeddable":true,"href":"https:\/\/www.parsemains.com\/es\/wp-json\/wp\/v2\/media\/37563"}],"wp:attachment":[{"href":"https:\/\/www.parsemains.com\/es\/wp-json\/wp\/v2\/media?parent=37562"}],"wp:term":[{"taxonomy":"product_brand","embeddable":true,"href":"https:\/\/www.parsemains.com\/es\/wp-json\/wp\/v2\/product_brand?post=37562"},{"taxonomy":"product_cat","embeddable":true,"href":"https:\/\/www.parsemains.com\/es\/wp-json\/wp\/v2\/product_cat?post=37562"},{"taxonomy":"product_tag","embeddable":true,"href":"https:\/\/www.parsemains.com\/es\/wp-json\/wp\/v2\/product_tag?post=37562"}],"curies":[{"name":"wp","href":"https:\/\/api.w.org\/{rel}","templated":true}]}}