{"id":35883,"date":"2023-10-19T21:07:44","date_gmt":"2023-10-19T19:07:44","guid":{"rendered":"https:\/\/www.parsemains.com\/?post_type=product&#038;p=35883"},"modified":"2025-05-07T12:41:01","modified_gmt":"2025-05-07T10:41:01","slug":"carte-de-visite-ensemencee","status":"publish","type":"product","link":"https:\/\/www.parsemains.com\/es\/producto\/visita-tarjeta-semilla\/","title":{"rendered":"Tarjeta de visita con semillas"},"content":{"rendered":"<p><strong>Tarjeta de visita con semillas<\/strong><\/p>\n<p>M\u00e1s informaci\u00f3n sobre nuestras tarjetas de visita con semillas. <strong>innovaci\u00f3n ecol\u00f3gica<\/strong> que combina <strong>profesionalidad<\/strong> y <strong>sostenibilidad<\/strong>. Estas tarjetas de visita, adem\u00e1s de ser <strong>medios de comunicaci\u00f3n innovadores<\/strong>Nuestros productos encarnan su compromiso con la conservaci\u00f3n del medio ambiente. Esto es lo que nuestros <strong>tarjetas de visita con semillas<\/strong> tienen que ofrecer:<\/p>\n<p><strong>Caracter\u00edsticas principales :<\/strong><\/p>\n<p>1. <strong>Respetuoso con el medio ambiente :<\/strong>\u00a0Fabricadas en papel reciclado con semillas de alta calidad, nuestras tarjetas de visita con semillas son una opci\u00f3n respetuosa con el medio ambiente. Una vez que sus clientes o socios hayan registrado sus datos, podr\u00e1n plantar la tarjeta directamente en su jard\u00edn para ver crecer hermosas flores.<\/p>\n<p>2. <strong>Personalizable :<\/strong>\u00a0Elija entre diversas opciones de personalizaci\u00f3n para crear tarjetas de visita que reflejen a la perfecci\u00f3n la identidad de su marca. Impresi\u00f3n a una o dos caras, orientaci\u00f3n vertical u horizontal, elecci\u00f3n de colores y fuentes para adaptarse a su negocio.<\/p>\n<p>3. <strong>Semillas de flores silvestres ecol\u00f3gicas :<\/strong>\u00a0Cada tarjeta de visita con semillas lleva incrustadas semillas de flores silvestres, cuidadosamente seleccionadas por su belleza y su capacidad para atraer a los polinizadores. Una vez plantadas, las tarjetas se convierten en un peque\u00f1o y colorido jard\u00edn.<\/p>\n<p>4. <strong>Impacto positivo<\/strong> Al distribuir nuestras tarjetas de visita con semillas, demuestra su compromiso con la sostenibilidad y la responsabilidad medioambiental. Adem\u00e1s, anima a sus contactos a participar en esta iniciativa.<\/p>\n<p>Tanto si es un <strong>una empresa que se preocupa por el medio ambiente<\/strong>Tanto si eres un profesional aut\u00f3nomo como un empresario, nuestras tarjetas de visita con semillas son la opci\u00f3n ideal para <strong>causar una buena impresi\u00f3n<\/strong> al tiempo que contribuye a la <strong>preservar el planeta<\/strong>.<\/p>\n<p>Apueste por un futuro sostenible y la originalidad con nuestras tarjetas de visita con semillas.<\/p>\n<p><strong>Tarjeta de visita con semillas<\/strong><\/p>","protected":false},"excerpt":{"rendered":"<p class=\"p1\"><b>Tarjeta de visita con semillas<\/b><\/p>\n<p class=\"p1\">Destaca entre la multitud mientras <strong>actuar por el planeta<\/strong> con nuestras tarjetas de visita con semillas. Estas tarjetas de dise\u00f1o inteligente combinan la profesionalidad de las tarjetas de visita tradicionales con un <strong>compromiso ecol\u00f3gico excepcional<\/strong>.<\/p>\n<p class=\"p1\">\u00bfBusca una forma innovadora de promocionar su empresa respetando el medio ambiente? Nuestras tarjetas de visita con semillas son \u00fanicas, est\u00e1n hechas a mano hoja a hoja y son perfectas para usted.<\/p>\n<p class=\"p1\"><b>dimensiones\u00a0<\/b>5,5 cm x 8,5 cm, vertical u horizontal<br \/>\n<b>papel<\/b>\u00a0Parsemains ecorreciclados hechos a mano, aprox. 250 g\/m\u00b2.<br \/>\n<b>semillas<\/b> Mezcla de flores silvestres ecol\u00f3gicas o hierbas arom\u00e1ticas ecol\u00f3gicas (a elegir)<\/p>\n<p><b>Qu\u00e9 hacer\u00a0<\/b>Cargue su(s) archivo(s) en formato .pdf (300 DPI) con las dimensiones correctas (85 mm x 55 mm para las tarjetas de visita europeas) de acuerdo con <a href=\"https:\/\/www.parsemains.com\/wp-content\/uploads\/2024\/02\/Fiche-technique-Impression-sur-papier-ensemence_lo.pdf\">nuestros datos t\u00e9cnicos<\/a>Despu\u00e9s de elegir sus opciones, haga su pedido.<\/p>\n<p><strong><span style=\"text-decoration: underline;\"><em>Importante<\/em><\/span><\/strong> : <em>Para preservar el \u00edndice de germinaci\u00f3n de las semillas incluidas en su papel, aseg\u00farese de no cubrir con tinta m\u00e1s de 25% de la superficie de la tarjeta que va a imprimir, y evite las zonas s\u00f3lidas y las fotos. Reserve tambi\u00e9n 0,5 cm de m\u00e1rgenes interiores en blanco (blanco rotativo).<\/em>.<\/p>\n<p><b>Tarjeta de visita con semillas<\/b><\/p>","protected":false},"featured_media":42316,"comment_status":"open","ping_status":"closed","template":"","meta":[],"product_brand":[],"product_cat":[423],"product_tag":[],"class_list":{"0":"post-35883","1":"product","2":"type-product","3":"status-publish","4":"has-post-thumbnail","6":"product_cat-carte-de-visite","8":"first","9":"instock","10":"purchasable","11":"product-type-variable"},"_links":{"self":[{"href":"https:\/\/www.parsemains.com\/es\/wp-json\/wp\/v2\/product\/35883","targetHints":{"allow":["GET"]}}],"collection":[{"href":"https:\/\/www.parsemains.com\/es\/wp-json\/wp\/v2\/product"}],"about":[{"href":"https:\/\/www.parsemains.com\/es\/wp-json\/wp\/v2\/types\/product"}],"replies":[{"embeddable":true,"href":"https:\/\/www.parsemains.com\/es\/wp-json\/wp\/v2\/comments?post=35883"}],"wp:featuredmedia":[{"embeddable":true,"href":"https:\/\/www.parsemains.com\/es\/wp-json\/wp\/v2\/media\/42316"}],"wp:attachment":[{"href":"https:\/\/www.parsemains.com\/es\/wp-json\/wp\/v2\/media?parent=35883"}],"wp:term":[{"taxonomy":"product_brand","embeddable":true,"href":"https:\/\/www.parsemains.com\/es\/wp-json\/wp\/v2\/product_brand?post=35883"},{"taxonomy":"product_cat","embeddable":true,"href":"https:\/\/www.parsemains.com\/es\/wp-json\/wp\/v2\/product_cat?post=35883"},{"taxonomy":"product_tag","embeddable":true,"href":"https:\/\/www.parsemains.com\/es\/wp-json\/wp\/v2\/product_tag?post=35883"}],"curies":[{"name":"wp","href":"https:\/\/api.w.org\/{rel}","templated":true}]}}