{"id":35138,"date":"2023-10-01T06:57:35","date_gmt":"2023-10-01T04:57:35","guid":{"rendered":"https:\/\/www.parsemains.com\/?post_type=product&#038;p=35138"},"modified":"2023-11-17T19:34:38","modified_gmt":"2023-11-17T18:34:38","slug":"invitation-anniversaire-ensemencee","status":"publish","type":"product","link":"https:\/\/www.parsemains.com\/es\/producto\/invitacion-cumpleanos-invitacion-nino-magia\/","title":{"rendered":"Invitaci\u00f3n de cumplea\u00f1os infantil con semillas - Invitation magique"},"content":{"rendered":"<p><strong>Invitaci\u00f3n de cumplea\u00f1os infantil con semillas - Invitation magique<br \/>\nCaracter\u00edsticas del producto<\/strong> :<\/p>\n<p><strong>Papel con semillas<\/strong> Fabricadas con papel reciclado 100% y sembradas con semillas de flores silvestres, cada invitaci\u00f3n se convierte en una hermosa planta una vez plantada.<\/p>\n<p><strong>Dise\u00f1o m\u00e1gico<\/strong> La invitaci\u00f3n est\u00e1 decorada con ilustraciones juguetonas y encantadoras, perfectamente dise\u00f1adas para captar la imaginaci\u00f3n de los ni\u00f1os.<\/p>\n<p><strong>Personalizable<\/strong>e: Personaliza cada invitaci\u00f3n con los detalles del cumplea\u00f1os de tu hijo, incluyendo la fecha, la hora, el lugar y toda la informaci\u00f3n importante.<\/p>\n<p><strong>Ecol\u00f3gico<\/strong> Al elegir nuestra invitaci\u00f3n m\u00e1gica, est\u00e1 dando ejemplo de protecci\u00f3n del medio ambiente y sostenibilidad.<\/p>\n<p><strong>Experiencia memorable<\/strong> Ofrezca a sus invitados una experiencia \u00fanica invit\u00e1ndoles a participar activamente en la creaci\u00f3n de un jard\u00edn de recuerdos.<\/p>\n<p>Haz del cumplea\u00f1os de tu hijo un d\u00eda especial para recordar utilizando nuestra \"Invitaci\u00f3n m\u00e1gica\". No solo har\u00e1s feliz a tu hijo, sino que tambi\u00e9n ayudar\u00e1s a preservar la naturaleza. <strong>Haga su pedido hoy mismo y empiece a crear recuerdos m\u00e1gicos.<br \/>\nInvitaci\u00f3n de cumplea\u00f1os infantil con semillas - Invitation magique<\/strong><\/p>\n<p>&nbsp;<\/p>","protected":false},"excerpt":{"rendered":"<p><strong>Invitaci\u00f3n de cumplea\u00f1os infantil con semillas - Invitation magique<\/strong><\/p>\n<p>Se acerca el cumplea\u00f1os de tu peque\u00f1o y est\u00e1s buscando una forma original y ecol\u00f3gica de invitar a los amigos de tu hijo a este d\u00eda tan especial. No busque m\u00e1s. Nuestra \"Invitaci\u00f3n M\u00e1gica\" es la opci\u00f3n perfecta para crear recuerdos inolvidables cuidando el planeta.<\/p>\n<p>Elaborada con cari\u00f1o a partir de papel con semillas de alta calidad, esta invitaci\u00f3n \u00fanica combina el arte de la invitaci\u00f3n tradicional con un toque ecol\u00f3gico. Cuando tus invitados reciban esta m\u00e1gica invitaci\u00f3n, descubrir\u00e1n el secreto que esconde. Todo lo que tienen que hacer es plantar la invitaci\u00f3n en su jard\u00edn o en una maceta, regarla regularmente y ver c\u00f3mo se produce la magia. Las coloridas flores silvestres florecer\u00e1n, creando un hermoso jard\u00edn de recuerdos para celebrar el cumplea\u00f1os de tu hijo.<br \/>\n<strong>Invitaci\u00f3n de cumplea\u00f1os infantil con semillas - Invitation magique<br \/>\n<\/strong><\/p>","protected":false},"featured_media":35242,"comment_status":"open","ping_status":"closed","template":"","meta":[],"product_brand":[],"product_cat":[211,196],"product_tag":[],"class_list":{"0":"post-35138","1":"product","2":"type-product","3":"status-publish","4":"has-post-thumbnail","6":"product_cat-cartes-danniversaire-ensemencees","7":"product_cat-invitation-ensemencee","9":"first","10":"instock","11":"shipping-taxable","12":"purchasable","13":"product-type-variable"},"_links":{"self":[{"href":"https:\/\/www.parsemains.com\/es\/wp-json\/wp\/v2\/product\/35138","targetHints":{"allow":["GET"]}}],"collection":[{"href":"https:\/\/www.parsemains.com\/es\/wp-json\/wp\/v2\/product"}],"about":[{"href":"https:\/\/www.parsemains.com\/es\/wp-json\/wp\/v2\/types\/product"}],"replies":[{"embeddable":true,"href":"https:\/\/www.parsemains.com\/es\/wp-json\/wp\/v2\/comments?post=35138"}],"wp:featuredmedia":[{"embeddable":true,"href":"https:\/\/www.parsemains.com\/es\/wp-json\/wp\/v2\/media\/35242"}],"wp:attachment":[{"href":"https:\/\/www.parsemains.com\/es\/wp-json\/wp\/v2\/media?parent=35138"}],"wp:term":[{"taxonomy":"product_brand","embeddable":true,"href":"https:\/\/www.parsemains.com\/es\/wp-json\/wp\/v2\/product_brand?post=35138"},{"taxonomy":"product_cat","embeddable":true,"href":"https:\/\/www.parsemains.com\/es\/wp-json\/wp\/v2\/product_cat?post=35138"},{"taxonomy":"product_tag","embeddable":true,"href":"https:\/\/www.parsemains.com\/es\/wp-json\/wp\/v2\/product_tag?post=35138"}],"curies":[{"name":"wp","href":"https:\/\/api.w.org\/{rel}","templated":true}]}}