{"id":35032,"date":"2023-09-30T17:49:30","date_gmt":"2023-09-30T15:49:30","guid":{"rendered":"https:\/\/www.parsemains.com\/?post_type=product&#038;p=35032"},"modified":"2023-11-17T19:44:23","modified_gmt":"2023-11-17T18:44:23","slug":"invitation-anniversaire-a-planter","status":"publish","type":"product","link":"https:\/\/www.parsemains.com\/es\/producto\/invitacion-cumpleanos-dinosaurio-nino\/","title":{"rendered":"Invitaci\u00f3n de cumplea\u00f1os plantable - Dinosaurio"},"content":{"rendered":"<p><strong>Invitaci\u00f3n de cumplea\u00f1os plantable - Dinosaurio<\/strong><\/p>\n<p>&nbsp;<\/p>\n<p>\ud83e\udd95 <strong>Un viaje prehist\u00f3rico<\/strong>\u00a0\ud83e\udd96<\/p>\n<p>&nbsp;<\/p>\n<p>Sum\u00e9rgete en el fascinante mundo de los dinosaurios con esta invitaci\u00f3n \u00fanica. Sobre un fondo de papel con semillas, tu hijo y sus amigos descubrir\u00e1n un mundo prehist\u00f3rico ilustrado por un majestuoso dinosaurio. Ser\u00e1 su primer anticipo de la emoci\u00f3n de la fiesta que se avecina.<\/p>\n<p>&nbsp;<\/p>\n<p>\ud83c\udf31 <strong>Ecol\u00f3gico y sostenible<\/strong> \ud83c\udf3f<\/p>\n<p>&nbsp;<\/p>\n<p>No es s\u00f3lo una invitaci\u00f3n de papel. Es una invitaci\u00f3n que se convierte en un recuerdo duradero. Despu\u00e9s de la fiesta, simplemente planta la invitaci\u00f3n en la tierra, ri\u00e9gala regularmente y pronto brotar\u00e1n flores silvestres que dejar\u00e1n tras de s\u00ed un bonito recuerdo del cumplea\u00f1os.<\/p>\n<p>&nbsp;<\/p>\n<p>\ud83c\udf89 <strong>Personalizable y f\u00e1cil de usar<\/strong> \ud83d\udd8b\ufe0f<\/p>\n<p>&nbsp;<\/p>\n<p>A\u00f1ade un toque personal rellenando los datos de la fiesta en la invitaci\u00f3n. Puedes personalizarla con el nombre de tu hijo, la fecha, la hora y la direcci\u00f3n de la fiesta. Tambi\u00e9n se incluyen instrucciones para plantar el papel, lo que hace que el proceso sea sencillo y divertido.<\/p>\n<p>&nbsp;<\/p>\n<p>\ud83d\udc8c <strong>La invitaci\u00f3n perfecta para un cumplea\u00f1os memorable<\/strong> \ud83c\udf88<\/p>\n<p>&nbsp;<\/p>\n<p>Regala a tu hijo una fiesta de cumplea\u00f1os excepcional con una invitaci\u00f3n que sorprender\u00e1 a sus amigos y dejar\u00e1 una huella ecol\u00f3gica positiva. Al elegir nuestra Invitaci\u00f3n de cumplea\u00f1os de dinosaurio de papel con semillas, estar\u00e1s creando recuerdos inolvidables a la vez que ayudas a preservar nuestro planeta.<\/p>\n<p>&nbsp;<\/p>\n<p><strong>Haz tu pedido hoy mismo y prep\u00e1rate para celebrar el cumplea\u00f1os de tu hijo de una forma m\u00e1gica y respetuosa con el medio ambiente.<\/strong> \ud83c\udf0d\ud83c\udf1f<\/p>\n<p><strong>Invitaci\u00f3n de cumplea\u00f1os plantable - Dinosaurio<\/strong><\/p>","protected":false},"excerpt":{"rendered":"<p><strong>Invitaci\u00f3n de cumplea\u00f1os infantil con semillas - Dinosaurio<\/strong><\/p>\n<p>Si eres un padre creativo que busca el toque ecol\u00f3gico perfecto para el cumplea\u00f1os de tu peque\u00f1o aventurero, aqu\u00ed tienes la invitaci\u00f3n perfecta: nuestra Invitaci\u00f3n de cumplea\u00f1os.<\/p>\n<p>Dinosaurio de papel con semillas<\/p>\n<p>Nuestra invitaci\u00f3n se ha fabricado cuidadosamente con papel con semillas, lo que significa que puede plantarse despu\u00e9s de su uso para que crezcan hermosas flores silvestres.<\/p>\n<p>Una forma fant\u00e1stica de dar una segunda vida a tu invitaci\u00f3n al tiempo que ayudas a preservar nuestro planeta.<\/p>\n<p><strong>Invitaci\u00f3n de cumplea\u00f1os plantable - Dinosaurio<\/strong><\/p>","protected":false},"featured_media":35135,"comment_status":"open","ping_status":"closed","template":"","meta":[],"product_brand":[],"product_cat":[211,196],"product_tag":[],"class_list":{"0":"post-35032","1":"product","2":"type-product","3":"status-publish","4":"has-post-thumbnail","6":"product_cat-cartes-danniversaire-ensemencees","7":"product_cat-invitation-ensemencee","9":"first","10":"instock","11":"shipping-taxable","12":"purchasable","13":"product-type-variable"},"_links":{"self":[{"href":"https:\/\/www.parsemains.com\/es\/wp-json\/wp\/v2\/product\/35032","targetHints":{"allow":["GET"]}}],"collection":[{"href":"https:\/\/www.parsemains.com\/es\/wp-json\/wp\/v2\/product"}],"about":[{"href":"https:\/\/www.parsemains.com\/es\/wp-json\/wp\/v2\/types\/product"}],"replies":[{"embeddable":true,"href":"https:\/\/www.parsemains.com\/es\/wp-json\/wp\/v2\/comments?post=35032"}],"wp:featuredmedia":[{"embeddable":true,"href":"https:\/\/www.parsemains.com\/es\/wp-json\/wp\/v2\/media\/35135"}],"wp:attachment":[{"href":"https:\/\/www.parsemains.com\/es\/wp-json\/wp\/v2\/media?parent=35032"}],"wp:term":[{"taxonomy":"product_brand","embeddable":true,"href":"https:\/\/www.parsemains.com\/es\/wp-json\/wp\/v2\/product_brand?post=35032"},{"taxonomy":"product_cat","embeddable":true,"href":"https:\/\/www.parsemains.com\/es\/wp-json\/wp\/v2\/product_cat?post=35032"},{"taxonomy":"product_tag","embeddable":true,"href":"https:\/\/www.parsemains.com\/es\/wp-json\/wp\/v2\/product_tag?post=35032"}],"curies":[{"name":"wp","href":"https:\/\/api.w.org\/{rel}","templated":true}]}}