{"id":34568,"date":"2023-09-30T17:08:07","date_gmt":"2023-09-30T15:08:07","guid":{"rendered":"https:\/\/www.parsemains.com\/?post_type=product&#038;p=34568"},"modified":"2023-11-17T19:51:06","modified_gmt":"2023-11-17T18:51:06","slug":"invitation-anniversaire-ensemencee-2","status":"publish","type":"product","link":"https:\/\/www.parsemains.com\/es\/producto\/invitacion-aniversario-semilla-corona-otono\/","title":{"rendered":"Invitaci\u00f3n de cumplea\u00f1os con semillas - Corona oto\u00f1al"},"content":{"rendered":"<p><strong>Invitaci\u00f3n de cumplea\u00f1os con semillas - Corona oto\u00f1al<\/strong><\/p>\n<p><strong>Caracter\u00edsticas excepcionales :<\/strong><\/p>\n<p><strong>\ud83c\udf41 Elegante corona de oto\u00f1o<\/strong> La invitaci\u00f3n presenta una magn\u00edfica ilustraci\u00f3n de una corona oto\u00f1al, que evoca la calidez de los colores de la estaci\u00f3n y el esp\u00edritu festivo de la ocasi\u00f3n. Este toque art\u00edstico a\u00f1ade una dosis de encanto a tu fiesta antes incluso de que empiece.<\/p>\n<p><strong>\ud83c\udf31 Papel ecol\u00f3gico con semillas<\/strong> Nuestro papel con semillas est\u00e1 fabricado con materiales reciclados de alta calidad. Cuando tus invitados hayan disfrutado de tu fiesta de cumplea\u00f1os, podr\u00e1n plantar esta invitaci\u00f3n en el suelo y ver c\u00f3mo florecen hermosas flores silvestres. Una invitaci\u00f3n que se convierte en un recuerdo duradero de tu amor por la naturaleza.<\/p>\n<p><strong>\ud83c\udf89 F\u00e1cil personalizaci\u00f3n<\/strong> A\u00f1ade tu nombre, la fecha, la hora y el lugar de la fiesta para que esta invitaci\u00f3n sea tan \u00fanica como tu celebraci\u00f3n. Tambi\u00e9n puedes incluir informaci\u00f3n especial o detalles sobre el tema de tu fiesta.<\/p>\n<p><strong>\ud83c\udf1f Impacto positivo en el medio ambiente<\/strong> Al elegir nuestras invitaciones de papel con semillas, estar\u00e1 haciendo algo concreto por el medio ambiente al reducir su huella de carbono.<\/p>\n<p><strong>Detalles t\u00e9cnicos<\/strong> :<\/p>\n<p>- Tama\u00f1o de la invitaci\u00f3n: 10 x 14,1 cm<br \/>\n- Papel para semillas: fabricado con materiales reciclados de alta calidad<br \/>\n- Impresi\u00f3n de alta calidad: colores vivos y dise\u00f1o impecable<\/p>\n<p>No esperes m\u00e1s para hacer de tu fiesta de cumplea\u00f1os un acontecimiento inolvidable. Elige la invitaci\u00f3n de cumplea\u00f1os Corona de oto\u00f1o en papel de semillas y comparte tu amor por la naturaleza con tus seres queridos mientras celebras esta ocasi\u00f3n tan especial.<\/p>\n<p><strong>Haz tu pedido ahora y prep\u00e1rate para una fiesta memorable y respetuosa con el medio ambiente.<\/strong><\/p>\n<p><strong>Invitaci\u00f3n de cumplea\u00f1os con semillas - Corona oto\u00f1al<\/strong><\/p>","protected":false},"excerpt":{"rendered":"<p><strong>Invitaci\u00f3n de cumplea\u00f1os con semillas - Corona oto\u00f1al<\/strong><\/p>\n<p><em>Cel\u00e9brelo por todo lo alto preservando la naturaleza.<\/em><\/p>\n<p>Est\u00e1s cordialmente invitado a una celebraci\u00f3n muy especial, y esta invitaci\u00f3n de cumplea\u00f1os de papel sembrada con una magn\u00edfica corona oto\u00f1al es prueba de ello. Dise\u00f1ada con cari\u00f1o para los amantes de la naturaleza y las almas creativas, esta invitaci\u00f3n \u00fanica es la forma perfecta de compartir tu alegr\u00eda por esta ocasi\u00f3n tan especial a la vez que ayudas a preservar nuestro medio ambiente.<\/p>\n<p><strong>Invitaci\u00f3n de cumplea\u00f1os con semillas - Corona oto\u00f1al<\/strong><\/p>","protected":false},"featured_media":34773,"comment_status":"open","ping_status":"closed","template":"","meta":[],"product_brand":[],"product_cat":[211,196],"product_tag":[],"class_list":{"0":"post-34568","1":"product","2":"type-product","3":"status-publish","4":"has-post-thumbnail","6":"product_cat-cartes-danniversaire-ensemencees","7":"product_cat-invitation-ensemencee","9":"first","10":"instock","11":"shipping-taxable","12":"purchasable","13":"product-type-variable"},"_links":{"self":[{"href":"https:\/\/www.parsemains.com\/es\/wp-json\/wp\/v2\/product\/34568","targetHints":{"allow":["GET"]}}],"collection":[{"href":"https:\/\/www.parsemains.com\/es\/wp-json\/wp\/v2\/product"}],"about":[{"href":"https:\/\/www.parsemains.com\/es\/wp-json\/wp\/v2\/types\/product"}],"replies":[{"embeddable":true,"href":"https:\/\/www.parsemains.com\/es\/wp-json\/wp\/v2\/comments?post=34568"}],"wp:featuredmedia":[{"embeddable":true,"href":"https:\/\/www.parsemains.com\/es\/wp-json\/wp\/v2\/media\/34773"}],"wp:attachment":[{"href":"https:\/\/www.parsemains.com\/es\/wp-json\/wp\/v2\/media?parent=34568"}],"wp:term":[{"taxonomy":"product_brand","embeddable":true,"href":"https:\/\/www.parsemains.com\/es\/wp-json\/wp\/v2\/product_brand?post=34568"},{"taxonomy":"product_cat","embeddable":true,"href":"https:\/\/www.parsemains.com\/es\/wp-json\/wp\/v2\/product_cat?post=34568"},{"taxonomy":"product_tag","embeddable":true,"href":"https:\/\/www.parsemains.com\/es\/wp-json\/wp\/v2\/product_tag?post=34568"}],"curies":[{"name":"wp","href":"https:\/\/api.w.org\/{rel}","templated":true}]}}