{"id":34259,"date":"2023-09-30T16:50:59","date_gmt":"2023-09-30T14:50:59","guid":{"rendered":"https:\/\/www.parsemains.com\/?post_type=product&#038;p=34259"},"modified":"2023-11-17T19:56:33","modified_gmt":"2023-11-17T18:56:33","slug":"invitation-anniversaire-ensemencee-3","status":"publish","type":"product","link":"https:\/\/www.parsemains.com\/es\/producto\/invitacion-aniversario-boda-aniversario\/","title":{"rendered":"Invitaci\u00f3n de cumplea\u00f1os con semillas - Aniversario de boda"},"content":{"rendered":"<p><strong>Invitaci\u00f3n de cumplea\u00f1os con semillas - Aniversario de boda<\/strong><\/p>\n<p><strong>Caracter\u00edsticas principales<\/strong> :<\/p>\n<p><strong>Ecol\u00f3gico y sostenible<\/strong> Nuestro papel con semillas est\u00e1 dise\u00f1ado para ser plantado despu\u00e9s del evento. Una vez colocado en el suelo, se transforma en hermosas flores silvestres, creando un recuerdo vivo de vuestro amor.<\/p>\n<p><strong>Dise\u00f1o personalizable<\/strong> Personalice sus invitaciones para reflejar su historia de amor. Elige entre una gama de colores, fuentes e ilustraciones para crear una invitaci\u00f3n a tu medida.<\/p>\n<p><strong>Calidad superior<\/strong> Fabricadas en papel de alta calidad, nuestras invitaciones son elegantes al tacto y visualmente atractivas. Reflejan la importancia de este acontecimiento especial.<\/p>\n<p><strong>F\u00e1cil de plantar<\/strong> Las sencillas instrucciones incluidas hacen que el proceso de plantaci\u00f3n sea un juego de ni\u00f1os. Observa c\u00f3mo las semillas se convierten en flores y en florecientes recuerdos de tu aniversario de boda.<\/p>\n<p><strong>Una elecci\u00f3n responsable<\/strong> Si opta por nuestras invitaciones de papel con semillas, estar\u00e1 ayudando a reducir la huella de carbono de su evento al tiempo que ofrece a sus invitados una experiencia memorable y duradera.<\/p>\n<p><strong>\u00bfPor qu\u00e9 elegir nuestras invitaciones de papel con semillas?<\/strong> ?<\/p>\n<p>Tanto si celebra su primer como su quincuag\u00e9simo aniversario de boda, nuestras invitaciones de papel con semillas a\u00f1aden una dimensi\u00f3n \u00fanica a su d\u00eda especial. Cada invitaci\u00f3n es una promesa de renovaci\u00f3n, que simboliza el continuo crecimiento de vuestro amor y compromiso.<\/p>\n<p><strong>Haz tu pedido ahora para crear recuerdos duraderos y compartir tu amor respetando la naturaleza.<\/strong><\/p>\n<p>Nuestras invitaciones de aniversario de boda de papel con semillas son mucho m\u00e1s que una invitaci\u00f3n: son el comienzo de una nueva aventura floral para usted y sus seres queridos.<\/p>\n<p><strong>Invitaci\u00f3n de cumplea\u00f1os con semillas - Aniversario de boda<\/strong><\/p>","protected":false},"excerpt":{"rendered":"<p><strong>Invitaci\u00f3n de cumplea\u00f1os con semillas - Aniversario de boda<\/strong><\/p>\n<p>Celebre el amor y la uni\u00f3n que han perdurado en el tiempo con nuestras invitaciones de aniversario de boda de papel con semillas, una forma excepcional de conmemorar un hito tan significativo en su viaje juntos. Cuidadosamente elaboradas pensando en el medio ambiente, estas invitaciones a\u00f1aden un toque de elegancia a tu celebraci\u00f3n, al tiempo que ayudan a preservar nuestro hermoso planeta.<\/p>\n<p><strong>Invitaci\u00f3n de cumplea\u00f1os con semillas - Aniversario de boda<\/strong><\/p>","protected":false},"featured_media":34362,"comment_status":"open","ping_status":"closed","template":"","meta":[],"product_brand":[],"product_cat":[211,196],"product_tag":[],"class_list":{"0":"post-34259","1":"product","2":"type-product","3":"status-publish","4":"has-post-thumbnail","6":"product_cat-cartes-danniversaire-ensemencees","7":"product_cat-invitation-ensemencee","9":"first","10":"instock","11":"shipping-taxable","12":"purchasable","13":"product-type-variable"},"_links":{"self":[{"href":"https:\/\/www.parsemains.com\/es\/wp-json\/wp\/v2\/product\/34259","targetHints":{"allow":["GET"]}}],"collection":[{"href":"https:\/\/www.parsemains.com\/es\/wp-json\/wp\/v2\/product"}],"about":[{"href":"https:\/\/www.parsemains.com\/es\/wp-json\/wp\/v2\/types\/product"}],"replies":[{"embeddable":true,"href":"https:\/\/www.parsemains.com\/es\/wp-json\/wp\/v2\/comments?post=34259"}],"wp:featuredmedia":[{"embeddable":true,"href":"https:\/\/www.parsemains.com\/es\/wp-json\/wp\/v2\/media\/34362"}],"wp:attachment":[{"href":"https:\/\/www.parsemains.com\/es\/wp-json\/wp\/v2\/media?parent=34259"}],"wp:term":[{"taxonomy":"product_brand","embeddable":true,"href":"https:\/\/www.parsemains.com\/es\/wp-json\/wp\/v2\/product_brand?post=34259"},{"taxonomy":"product_cat","embeddable":true,"href":"https:\/\/www.parsemains.com\/es\/wp-json\/wp\/v2\/product_cat?post=34259"},{"taxonomy":"product_tag","embeddable":true,"href":"https:\/\/www.parsemains.com\/es\/wp-json\/wp\/v2\/product_tag?post=34259"}],"curies":[{"name":"wp","href":"https:\/\/api.w.org\/{rel}","templated":true}]}}