{"id":34051,"date":"2023-09-30T16:32:14","date_gmt":"2023-09-30T14:32:14","guid":{"rendered":"https:\/\/www.parsemains.com\/?post_type=product&#038;p=34051"},"modified":"2023-11-17T20:00:36","modified_gmt":"2023-11-17T19:00:36","slug":"invitation-a-planter-anniversaire-de-couple","status":"publish","type":"product","link":"https:\/\/www.parsemains.com\/es\/producto\/invitacion-aniversario-pareja-aniversario\/","title":{"rendered":"Invitaci\u00f3n al aniversario de una pareja"},"content":{"rendered":"<p><strong>Invitaci\u00f3n al aniversario de una pareja<\/strong><\/p>\n<p><strong><br \/>\nCaracter\u00edsticas excepcionales<\/strong> :<\/p>\n<p><strong>Papel con semillas<\/strong> Nuestra invitaci\u00f3n est\u00e1 hecha de papel con semillas de alta calidad, lo que significa que se puede plantar despu\u00e9s de usarla. Las semillas incrustadas en el papel dar\u00e1n lugar a hermosas flores silvestres, creando un recuerdo floreciente y duradero de tu cumplea\u00f1os.<\/p>\n<p><strong>Dise\u00f1o elegante para una pareja<\/strong> La invitaci\u00f3n presenta un dise\u00f1o elegante y rom\u00e1ntico, perfecto para el aniversario de una pareja. Los detalles personalizables te permiten a\u00f1adir tus propios toques, incluidos vuestros nombres y la fecha del evento.<\/p>\n<p><strong>Ecol\u00f3gico y sostenible<\/strong> Al elegir nuestra invitaci\u00f3n de papel con semillas, est\u00e1 ayudando a reducir los residuos y a proteger nuestro planeta. Una vez plantada, se convertir\u00e1 en una hermosa expresi\u00f3n de la naturaleza.<\/p>\n<p><strong>F\u00e1cil de plantar<\/strong> Las sencillas instrucciones del reverso de la invitaci\u00f3n explican c\u00f3mo plantar el papel con semillas. Es una actividad divertida que la pareja invitada puede hacer junta, reforzando los lazos de amor y uni\u00f3n.<\/p>\n<p><strong>Formato pr\u00e1ctico<\/strong> Cada invitaci\u00f3n tiene un formato pr\u00e1ctico y puede enviarse f\u00e1cilmente por correo. Vienen con sobres a juego para una presentaci\u00f3n elegante.<\/p>\n<p><strong>Una invitaci\u00f3n que crece con el amor de la pareja<\/strong> :<\/p>\n<p>Esta invitaci\u00f3n de aniversario de papel con semillas no es un simple anuncio de fiesta, sino un s\u00edmbolo de crecimiento, sostenibilidad y amor. Es una invitaci\u00f3n que crecer\u00e1 igual que el amor que celebra la pareja.<\/p>\n<p>Elige la invitaci\u00f3n de aniversario en papel con semillas para una pareja y haz que tu evento sea memorable, al tiempo que ayudas a preservar nuestro planeta. Es el regalo perfecto tanto para los amantes de la naturaleza como para los rom\u00e1nticos.<\/p>\n<p>Celebra tu amor y el medio ambiente con nuestra Invitaci\u00f3n de cumplea\u00f1os en papel con semillas para una pareja.<\/p>\n<p><strong>Haga su pedido hoy mismo y prep\u00e1rese para una celebraci\u00f3n memorable.<\/strong><\/p>\n<p><strong>Invitaci\u00f3n al aniversario de una pareja<br \/>\n<\/strong><\/p>","protected":false},"excerpt":{"rendered":"<p><strong>Invitaci\u00f3n al aniversario de una pareja<br \/>\n<\/strong><\/p>\n<p>\u00bfBusca una forma \u00fanica y ecol\u00f3gica de anunciar su pr\u00f3ximo aniversario de pareja? \u00a1No busque m\u00e1s! Nuestra Invitaci\u00f3n de Aniversario en Papel con Semillas para Pareja es la elecci\u00f3n perfecta para a\u00f1adir un toque de magia a su evento y, al mismo tiempo, mostrar su compromiso con la preservaci\u00f3n del medio ambiente.<\/p>\n<p><strong>Invitaci\u00f3n al aniversario de una pareja<br \/>\n<\/strong><\/p>","protected":false},"featured_media":34256,"comment_status":"open","ping_status":"closed","template":"","meta":[],"product_brand":[],"product_cat":[211,196],"product_tag":[],"class_list":{"0":"post-34051","1":"product","2":"type-product","3":"status-publish","4":"has-post-thumbnail","6":"product_cat-cartes-danniversaire-ensemencees","7":"product_cat-invitation-ensemencee","9":"first","10":"instock","11":"shipping-taxable","12":"purchasable","13":"product-type-variable"},"_links":{"self":[{"href":"https:\/\/www.parsemains.com\/es\/wp-json\/wp\/v2\/product\/34051","targetHints":{"allow":["GET"]}}],"collection":[{"href":"https:\/\/www.parsemains.com\/es\/wp-json\/wp\/v2\/product"}],"about":[{"href":"https:\/\/www.parsemains.com\/es\/wp-json\/wp\/v2\/types\/product"}],"replies":[{"embeddable":true,"href":"https:\/\/www.parsemains.com\/es\/wp-json\/wp\/v2\/comments?post=34051"}],"wp:featuredmedia":[{"embeddable":true,"href":"https:\/\/www.parsemains.com\/es\/wp-json\/wp\/v2\/media\/34256"}],"wp:attachment":[{"href":"https:\/\/www.parsemains.com\/es\/wp-json\/wp\/v2\/media?parent=34051"}],"wp:term":[{"taxonomy":"product_brand","embeddable":true,"href":"https:\/\/www.parsemains.com\/es\/wp-json\/wp\/v2\/product_brand?post=34051"},{"taxonomy":"product_cat","embeddable":true,"href":"https:\/\/www.parsemains.com\/es\/wp-json\/wp\/v2\/product_cat?post=34051"},{"taxonomy":"product_tag","embeddable":true,"href":"https:\/\/www.parsemains.com\/es\/wp-json\/wp\/v2\/product_tag?post=34051"}],"curies":[{"name":"wp","href":"https:\/\/api.w.org\/{rel}","templated":true}]}}