{"id":33431,"date":"2023-09-24T07:10:46","date_gmt":"2023-09-24T05:10:46","guid":{"rendered":"https:\/\/www.parsemains.com\/?post_type=product&#038;p=33431"},"modified":"2024-02-24T16:21:22","modified_gmt":"2024-02-24T15:21:22","slug":"save-the-date-ensemence-touche-moderne","status":"publish","type":"product","link":"https:\/\/www.parsemains.com\/es\/producto\/save-the-date-ensemence-touche-moderne\/","title":{"rendered":"Fechador con semillas - Un toque moderno"},"content":{"rendered":"<p><strong>Fechador con semillas - Un toque moderno<\/strong><\/p>\n<p><strong>Ecol\u00f3gico y responsable<\/strong> Nuestro Save-the-Date \"Touche Moderne\" est\u00e1 fabricado en papel con semillas de alta gama, hecho a mano en Francia.<\/p>\n<p>Despu\u00e9s de anunciar tu boda, tus invitados pueden plantar este save-the-date y crecer\u00e1 hasta convertirse en hermosas flores silvestres. Es un gesto de amor a la naturaleza.<\/p>\n<p><strong>Dise\u00f1o elegante y moderno<\/strong>\u00a0La est\u00e9tica contempor\u00e1nea de este save-the-date es perfecta para las parejas que buscan un estilo elegante y minimalista.<\/p>\n<p>Su dise\u00f1o atemporal encaja con cualquier tema de boda.<\/p>\n<p><strong>Personalizable<\/strong>\u00a0Personaliza este save-the-date con los detalles de tu boda, incluidos la fecha, la hora y el lugar de celebraci\u00f3n.<\/p>\n<p>A\u00f1ada su toque personal eligiendo entre una gama de colores y tipos de letra.<\/p>\n<p><strong>Formato pr\u00e1ctico<\/strong>\u00a0Este Save-the-Date cuadrado mide 9,5 x 9,5 cm, un formato ideal para sus anuncios de boda, y encajar\u00e1 perfectamente en una maceta.<\/p>\n<p><strong>Inolvidable y duradero<\/strong>\u00a0Tus invitados no s\u00f3lo recordar\u00e1n tu boda, sino tambi\u00e9n tu compromiso con la sostenibilidad.<\/p>\n<p>Cada save-the-date se convertir\u00e1 en un hermoso recuerdo floral que florecer\u00e1 y sorprender\u00e1 mucho despu\u00e9s de su boda.<\/p>\n<p>El Save-the-Date \"Touche Moderne\" en papel de semillas no es s\u00f3lo un hermoso anuncio de su boda, sino tambi\u00e9n un s\u00edmbolo de amor, respeto por la naturaleza y estilo atemporal.<\/p>\n<p>Haz que tu declaraci\u00f3n de boda tenga sentido con este save-the-date \u00fanico y deja una huella positiva en el planeta.<\/p>\n<p>Proteja el planeta a la vez que celebra su amor con nuestro Save-the-Date \"Touche Moderne\" hecho de papel con semillas.<\/p>\n<p><strong>Haga su pedido ahora y comience su viaje hacia una boda excepcionalmente elegante y duradera.<\/strong><\/p>\n<p><strong>Fechador con semillas - Un toque moderno<\/strong><\/p>","protected":false},"excerpt":{"rendered":"<p><strong>Fechador con semillas - Un toque moderno<\/strong><\/p>\n<p>Celebre el amor preservando la belleza de la naturaleza con nuestro Save-the-Date \"Touche Moderne\" en papel con semillas. Este elegante save-the-date encarna la elegancia contempor\u00e1nea al tiempo que ayuda a preservar nuestro planeta.<\/p>\n<p><b>dimensiones\u00a0<\/b>Dimensiones : 9,5 cm x 9,5 cm<br \/>\n<b>papel<\/b>\u00a0Parsemains ecorreciclados hechos a mano, aprox. 250 g\/m\u00b2.<br \/>\n<b>semillas<\/b> Mezcla de flores silvestres ecol\u00f3gicas o hierbas arom\u00e1ticas ecol\u00f3gicas (a elegir)<\/p>\n<p><strong>Fechador con semillas - Un toque moderno<\/strong><\/p>\n<p><img decoding=\"async\" class=\"alignnone size-medium wp-image-13406\" src=\"https:\/\/www.parsemains.com\/wp-content\/uploads\/2023\/04\/footer-payment-method-7-300x27.png\" alt=\"pie-m\u00e9todo-de-pago.png\" width=\"300\" height=\"27\" srcset=\"https:\/\/www.parsemains.com\/wp-content\/uploads\/2023\/04\/footer-payment-method-7-300x27.png 300w, https:\/\/www.parsemains.com\/wp-content\/uploads\/2023\/04\/footer-payment-method-7.png 358w\" sizes=\"(max-width: 300px) 100vw, 300px\" \/><\/p>","protected":false},"featured_media":41585,"comment_status":"open","ping_status":"closed","template":"","meta":[],"product_brand":[],"product_cat":[195,183],"product_tag":[],"class_list":{"0":"post-33431","1":"product","2":"type-product","3":"status-publish","4":"has-post-thumbnail","6":"product_cat-save-the-date-ensemence","7":"product_cat-touche-moderne","9":"first","10":"instock","11":"shipping-taxable","12":"purchasable","13":"product-type-variable"},"_links":{"self":[{"href":"https:\/\/www.parsemains.com\/es\/wp-json\/wp\/v2\/product\/33431","targetHints":{"allow":["GET"]}}],"collection":[{"href":"https:\/\/www.parsemains.com\/es\/wp-json\/wp\/v2\/product"}],"about":[{"href":"https:\/\/www.parsemains.com\/es\/wp-json\/wp\/v2\/types\/product"}],"replies":[{"embeddable":true,"href":"https:\/\/www.parsemains.com\/es\/wp-json\/wp\/v2\/comments?post=33431"}],"wp:featuredmedia":[{"embeddable":true,"href":"https:\/\/www.parsemains.com\/es\/wp-json\/wp\/v2\/media\/41585"}],"wp:attachment":[{"href":"https:\/\/www.parsemains.com\/es\/wp-json\/wp\/v2\/media?parent=33431"}],"wp:term":[{"taxonomy":"product_brand","embeddable":true,"href":"https:\/\/www.parsemains.com\/es\/wp-json\/wp\/v2\/product_brand?post=33431"},{"taxonomy":"product_cat","embeddable":true,"href":"https:\/\/www.parsemains.com\/es\/wp-json\/wp\/v2\/product_cat?post=33431"},{"taxonomy":"product_tag","embeddable":true,"href":"https:\/\/www.parsemains.com\/es\/wp-json\/wp\/v2\/product_tag?post=33431"}],"curies":[{"name":"wp","href":"https:\/\/api.w.org\/{rel}","templated":true}]}}