{"id":33326,"date":"2023-09-24T06:59:28","date_gmt":"2023-09-24T04:59:28","guid":{"rendered":"https:\/\/www.parsemains.com\/?post_type=product&#038;p=33326"},"modified":"2024-02-24T17:08:50","modified_gmt":"2024-02-24T16:08:50","slug":"save-the-date-ensemence-tendresse","status":"publish","type":"product","link":"https:\/\/www.parsemains.com\/es\/producto\/save-the-date-ensemence-flowers\/","title":{"rendered":"Save-the-date con semillas - Flores de ternura"},"content":{"rendered":"<p><strong>Save-the-date con semillas - Flores de ternura<\/strong><\/p>\n<p><strong>Responsabilidad ecol\u00f3gica<\/strong> Estos Save-the-Dates est\u00e1n fabricados con papel de semillas ecorreciclado de primera calidad, un material respetuoso con el medio ambiente.<\/p>\n<p>Una vez que tus invitados hayan recibido estas tarjetas \u00fanicas, podr\u00e1n plantarlas en su jard\u00edn para ver florecer aut\u00e9nticas flores silvestres, para deleite de abejas y mariposas. Es un gesto simb\u00f3lico que les recuerda el amor que comparten y adem\u00e1s ayuda a preservar nuestro planeta.<\/p>\n<p><strong>Dise\u00f1o elegante<\/strong> Fleurs de Tendresse\" est\u00e1n adornadas con un delicado y rom\u00e1ntico dise\u00f1o floral creado con meticulosa atenci\u00f3n al detalle, perfecto para una boda eco-chic o campestre.<\/p>\n<p>Los colores suaves y los motivos florales evocan una atm\u00f3sfera de ternura y romanticismo, perfectamente adecuada para anunciar su gran d\u00eda.<\/p>\n<p><strong>Personalizable<\/strong> Cada Save-the-Date puede personalizarse con tu nombre, la fecha de la boda y el texto que elijas, a\u00f1adiendo un toque personal a cada tarjeta.<\/p>\n<p>Si lo desea, tambi\u00e9n puede elegir los colores y tipos de letra que desee para el texto, a juego con el tema de su boda.<\/p>\n<p><strong>Inolvidable<\/strong> Sus invitados estar\u00e1n encantados de recibir estos Save-the-Dates \u00fanicos y memorables.<\/p>\n<p>Les conmover\u00e1 el mensaje de amor y esperanza que llevan, as\u00ed como la oportunidad de cultivar flores en honor de vuestra uni\u00f3n.<\/p>\n<p><strong>Pr\u00e1ctica<\/strong> Esta plantilla para guardar la fecha tiene unas sencillas instrucciones en el reverso para plantar las semillas y ver florecer las flores. Es un recordatorio constante de tu boda que perdurar\u00e1 mucho despu\u00e9s del gran d\u00eda.<\/p>\n<p>Los Save-the-Dates \"Fleurs de Tendresse\" de papel con semillas son la elecci\u00f3n perfecta para las parejas que desean marcar el inicio de su aventura matrimonial con un toque de amor por el planeta.<\/p>\n<p><strong>Haz brotar el amor y la naturaleza con estos excepcionales save-the-dates que dejar\u00e1n una huella imborrable en los corazones de tus invitados.<\/strong><\/p>\n<p><em>\"Planta amor. M\u00edralo crecer\".<\/em><\/p>\n<p><strong>Save-the-date con semillas - Flores de ternura<\/strong><\/p>","protected":false},"excerpt":{"rendered":"<p><strong>Save-the-date con semillas - Flores de ternura<\/strong><\/p>\n<p>Haz florecer tu amor con nuestro magn\u00edfico Save-the-Date \"Flores de ternura\" en papel de semillas.<\/p>\n<p>Los Save-the-Dates \"Flores de ternura\" en papel de semillas son anuncios de boda muy especiales.<\/p>\n<p>Hechas a mano en Francia, hoja a hoja, a partir de semillas ecol\u00f3gicas de flores silvestres, son la encarnaci\u00f3n de tu amor y compromiso por cultivar algo hermoso, igual que una semilla que germina para convertirse en una magn\u00edfica flor de miel.<\/p>\n<p><b>dimensiones\u00a0<\/b>Dimensiones : 9,5 cm x 9,5 cm<br \/>\n<b>papel<\/b>\u00a0Parsemains ecorreciclados hechos a mano, aprox. 250 g\/m\u00b2.<br \/>\n<b>semillas<\/b> Mezcla de flores silvestres ecol\u00f3gicas o hierbas arom\u00e1ticas ecol\u00f3gicas (a elegir)<\/p>\n<p><strong>Save-the-date con semillas - Flores de ternura<\/strong><\/p>","protected":false},"featured_media":41574,"comment_status":"open","ping_status":"closed","template":"","meta":[],"product_brand":[],"product_cat":[451,195],"product_tag":[],"class_list":{"0":"post-33326","1":"product","2":"type-product","3":"status-publish","4":"has-post-thumbnail","6":"product_cat-fleurs-de-tendresse","7":"product_cat-save-the-date-ensemence","9":"first","10":"instock","11":"shipping-taxable","12":"purchasable","13":"product-type-variable"},"_links":{"self":[{"href":"https:\/\/www.parsemains.com\/es\/wp-json\/wp\/v2\/product\/33326","targetHints":{"allow":["GET"]}}],"collection":[{"href":"https:\/\/www.parsemains.com\/es\/wp-json\/wp\/v2\/product"}],"about":[{"href":"https:\/\/www.parsemains.com\/es\/wp-json\/wp\/v2\/types\/product"}],"replies":[{"embeddable":true,"href":"https:\/\/www.parsemains.com\/es\/wp-json\/wp\/v2\/comments?post=33326"}],"wp:featuredmedia":[{"embeddable":true,"href":"https:\/\/www.parsemains.com\/es\/wp-json\/wp\/v2\/media\/41574"}],"wp:attachment":[{"href":"https:\/\/www.parsemains.com\/es\/wp-json\/wp\/v2\/media?parent=33326"}],"wp:term":[{"taxonomy":"product_brand","embeddable":true,"href":"https:\/\/www.parsemains.com\/es\/wp-json\/wp\/v2\/product_brand?post=33326"},{"taxonomy":"product_cat","embeddable":true,"href":"https:\/\/www.parsemains.com\/es\/wp-json\/wp\/v2\/product_cat?post=33326"},{"taxonomy":"product_tag","embeddable":true,"href":"https:\/\/www.parsemains.com\/es\/wp-json\/wp\/v2\/product_tag?post=33326"}],"curies":[{"name":"wp","href":"https:\/\/api.w.org\/{rel}","templated":true}]}}