{"id":32910,"date":"2023-09-23T17:32:48","date_gmt":"2023-09-23T15:32:48","guid":{"rendered":"https:\/\/www.parsemains.com\/?post_type=product&#038;p=32910"},"modified":"2023-11-10T22:19:26","modified_gmt":"2023-11-10T21:19:26","slug":"menu-de-mariage-ensemence-histoire-de-coquelicot","status":"publish","type":"product","link":"https:\/\/www.parsemains.com\/es\/producto\/wedding-menu-poppy-story\/","title":{"rendered":"Men\u00fa de boda con semillas - \"Histoire de Coquelicot\" (Historia de Amapola)"},"content":{"rendered":"<p><strong>Men\u00fa de boda con semillas - \"Histoire de Coquelicot\" (Historia de Amapola)<\/strong><\/p>\n<p><strong>Caracter\u00edsticas principales<\/strong> :<\/p>\n<p><strong>Papel con semillas<\/strong> Cada men\u00fa est\u00e1 hecho de papel con semillas de alta calidad, un material duradero que se puede plantar despu\u00e9s de la boda para que crezcan hermosas amapolas. Representa el crecimiento de vuestro amor y crea recuerdos duraderos.<\/p>\n<p><strong>Dise\u00f1o elegante<\/strong> La est\u00e9tica de Histoire de Coquelicot es sencillamente encantadora. El fondo blanco puro resalta los delicados motivos de amapolas en rojo vivo, creando una atm\u00f3sfera rom\u00e1ntica y delicada.<\/p>\n<p><strong>Personalizable<\/strong> Cada men\u00fa puede personalizarse con vuestros nombres, la fecha de vuestra boda y el men\u00fa de la comida. Esto lo convierte no s\u00f3lo en un elemento decorativo, sino tambi\u00e9n en un precioso recuerdo para ti y tus invitados.<\/p>\n<p><strong>Eco-responsable<\/strong> Al elegir nuestros men\u00fas de boda de papel con semillas, est\u00e1 ayudando a preservar nuestro planeta. Una vez plantado, el papel se transforma en una magn\u00edfica floraci\u00f3n de amapolas, reduciendo as\u00ed los residuos innecesarios.<\/p>\n<p><strong>Un Souvenir Qui Fleurit<\/strong> :<\/p>\n<p>Despu\u00e9s de tu boda, s\u00f3lo tienes que plantar la carta \"Histoire de Coquelicot\" en una maceta o jard\u00edn, regarla regularmente y esperar el momento m\u00e1gico en que las semillitas empiecen a brotar. Cada vez que veas florecer esas flores, recordar\u00e1s ese d\u00eda m\u00e1gico y el amor que lo empez\u00f3 todo.<\/p>\n<p>Deje que \"Histoire de Coquelicot\" a\u00f1ada un toque de poes\u00eda y naturaleza a su boda, al tiempo que refleja su compromiso con un futuro sostenible. Celebre su amor con un men\u00fa que cuenta una historia de amor tan hermosa como la flor de la amapola.<\/p>\n<p><strong>Haz tu pedido ahora y deja que las amapolas cuenten tu historia.<\/strong><\/p>\n<p>Nota: Como producto eco-responsable, aseg\u00farese de informar a sus invitados sobre c\u00f3mo plantar y cuidar el papel con semillas para garantizar una floraci\u00f3n satisfactoria.<\/p>\n<p><strong>Men\u00fa de boda con semillas - \"Histoire de Coquelicot\" (Historia de Amapola)<\/strong><\/p>","protected":false},"excerpt":{"rendered":"<p><strong>Men\u00fa de boda con semillas - \"Histoire de Coquelicot\" (Historia de Amapola)<\/strong><\/p>\n<p>Queridos futuros novios,<\/p>\n<p>Perm\u00edtanos presentarle nuestro men\u00fa de boda de papel con semillas \"Poppy Story\", una exquisita creaci\u00f3n dise\u00f1ada para a\u00f1adir un toque de naturaleza y elegancia a su d\u00eda especial. Este men\u00fa encarna la belleza ef\u00edmera de las amapolas, s\u00edmbolo del amor apasionado y la promesa de un futuro brillante que compartir\u00e9is juntos.<\/p>\n<p><b>dimensiones <\/b>9,5 x 20 cm<br \/>\n<b>papel<\/b>\u00a0Parsemains ecorreciclados hechos a mano, aprox. 250 g\/m\u00b2.<br \/>\n<b>semillas<\/b> Mezcla de flores silvestres ecol\u00f3gicas<\/p>\n<p><strong>Men\u00fa de boda con semillas - \"Histoire de Coquelicot\" (Historia de Amapola)<\/strong><\/p>","protected":false},"featured_media":39594,"comment_status":"open","ping_status":"closed","template":"","meta":[],"product_brand":[],"product_cat":[193],"product_tag":[],"class_list":{"0":"post-32910","1":"product","2":"type-product","3":"status-publish","4":"has-post-thumbnail","6":"product_cat-menu-mariage-ensemence","8":"first","9":"instock","10":"shipping-taxable","11":"purchasable","12":"product-type-variable"},"_links":{"self":[{"href":"https:\/\/www.parsemains.com\/es\/wp-json\/wp\/v2\/product\/32910","targetHints":{"allow":["GET"]}}],"collection":[{"href":"https:\/\/www.parsemains.com\/es\/wp-json\/wp\/v2\/product"}],"about":[{"href":"https:\/\/www.parsemains.com\/es\/wp-json\/wp\/v2\/types\/product"}],"replies":[{"embeddable":true,"href":"https:\/\/www.parsemains.com\/es\/wp-json\/wp\/v2\/comments?post=32910"}],"wp:featuredmedia":[{"embeddable":true,"href":"https:\/\/www.parsemains.com\/es\/wp-json\/wp\/v2\/media\/39594"}],"wp:attachment":[{"href":"https:\/\/www.parsemains.com\/es\/wp-json\/wp\/v2\/media?parent=32910"}],"wp:term":[{"taxonomy":"product_brand","embeddable":true,"href":"https:\/\/www.parsemains.com\/es\/wp-json\/wp\/v2\/product_brand?post=32910"},{"taxonomy":"product_cat","embeddable":true,"href":"https:\/\/www.parsemains.com\/es\/wp-json\/wp\/v2\/product_cat?post=32910"},{"taxonomy":"product_tag","embeddable":true,"href":"https:\/\/www.parsemains.com\/es\/wp-json\/wp\/v2\/product_tag?post=32910"}],"curies":[{"name":"wp","href":"https:\/\/api.w.org\/{rel}","templated":true}]}}