{"id":32805,"date":"2023-09-23T17:26:07","date_gmt":"2023-09-23T15:26:07","guid":{"rendered":"https:\/\/www.parsemains.com\/?post_type=product&#038;p=32805"},"modified":"2023-11-17T21:26:44","modified_gmt":"2023-11-17T20:26:44","slug":"menu-de-mariage-a-planter","status":"publish","type":"product","link":"https:\/\/www.parsemains.com\/es\/producto\/menu-de-mariage-ensemence-douceur-nature\/","title":{"rendered":"Men\u00fa de boda para plantar - Douceur Nature"},"content":{"rendered":"<p><strong>Men\u00fa de boda para plantar - Douceur Nature<\/strong><\/p>\n<p><strong>Caracter\u00edsticas excepcionales<\/strong> :<\/p>\n<p><strong>Papel con semillas<\/strong> Nuestra carta est\u00e1 hecha de papel con semillas de alta calidad. Despu\u00e9s de usarlo, se puede plantar para que nazcan hermosas flores silvestres. Es una forma sostenible de empezar vuestra nueva vida juntos.<\/p>\n<p><strong>Dise\u00f1o elegante<\/strong> El men\u00fa de boda \"Douceur Nature\" tiene un dise\u00f1o delicado y refinado que combina a la perfecci\u00f3n con cualquier decoraci\u00f3n de boda. Sus sutiles motivos florales y su cuidada tipograf\u00eda aportan un toque rom\u00e1ntico a su mesa.<\/p>\n<p><strong>Personalizable<\/strong> Personalice este men\u00fa seg\u00fan sus preferencias. A\u00f1ada sus nombres, la fecha de su boda y el men\u00fa que elija para que sea realmente \u00fanico para su evento.<\/p>\n<p><strong>Eco-responsable<\/strong> Si elige nuestro men\u00fa de boda de papel con semillas, estar\u00e1 haciendo algo por el medio ambiente. Una vez plantado, el papel se transforma en flores silvestres, creando un impacto positivo en la biodiversidad.<\/p>\n<p><strong>Detalles de calidad<\/strong> Cada men\u00fa se dise\u00f1a e imprime cuidadosamente, prestando una atenci\u00f3n meticulosa a los detalles, lo que garantiza una calidad superior.<\/p>\n<p><strong>Un recuerdo imborrable<\/strong> :<\/p>\n<p>El men\u00fa de boda Sweet Nature en papel de semillas es mucho m\u00e1s que un men\u00fa. Es un s\u00edmbolo de su compromiso con la naturaleza, su amor y su futuro juntos. Regala a tus invitados un recuerdo duradero y significativo de tu d\u00eda especial.<\/p>\n<p>Haga de su boda un acontecimiento memorable y respetuoso con el medio ambiente con el men\u00fa de boda \"Gentle Nature\" en papel de semillas.<\/p>\n<p><strong>Pida el suyo hoy mismo y vea c\u00f3mo florece su amor con el tiempo.<\/strong><\/p>\n<p><strong>Men\u00fa de boda para plantar - Douceur Nature<\/strong><\/p>","protected":false},"excerpt":{"rendered":"<p><strong>Men\u00fa de boda para plantar - Douceur Nature<\/strong><\/p>\n<p>A\u00f1ade un toque de elegancia ecol\u00f3gica a tu d\u00eda especial con nuestro men\u00fa de boda Sweet Nature en papel de semillas. Este exquisito men\u00fa combina el encanto natural con la sofisticaci\u00f3n, creando una experiencia \u00fanica para tus invitados a la vez que respeta el planeta.<\/p>\n<p><strong>Men\u00fa de boda para plantar - Douceur Nature<\/strong><\/p>\n<p><img decoding=\"async\" class=\"alignnone size-medium wp-image-13406\" src=\"https:\/\/www.parsemains.com\/wp-content\/uploads\/2023\/04\/footer-payment-method-7-300x27.png\" alt=\"pie-m\u00e9todo-de-pago.png\" width=\"300\" height=\"27\" srcset=\"https:\/\/www.parsemains.com\/wp-content\/uploads\/2023\/04\/footer-payment-method-7-300x27.png 300w, https:\/\/www.parsemains.com\/wp-content\/uploads\/2023\/04\/footer-payment-method-7.png 358w\" sizes=\"(max-width: 300px) 100vw, 300px\" \/><\/p>","protected":false},"featured_media":32908,"comment_status":"open","ping_status":"closed","template":"","meta":[],"product_brand":[],"product_cat":[193],"product_tag":[],"class_list":{"0":"post-32805","1":"product","2":"type-product","3":"status-publish","4":"has-post-thumbnail","6":"product_cat-menu-mariage-ensemence","8":"first","9":"instock","10":"shipping-taxable","11":"purchasable","12":"product-type-variable"},"_links":{"self":[{"href":"https:\/\/www.parsemains.com\/es\/wp-json\/wp\/v2\/product\/32805","targetHints":{"allow":["GET"]}}],"collection":[{"href":"https:\/\/www.parsemains.com\/es\/wp-json\/wp\/v2\/product"}],"about":[{"href":"https:\/\/www.parsemains.com\/es\/wp-json\/wp\/v2\/types\/product"}],"replies":[{"embeddable":true,"href":"https:\/\/www.parsemains.com\/es\/wp-json\/wp\/v2\/comments?post=32805"}],"wp:featuredmedia":[{"embeddable":true,"href":"https:\/\/www.parsemains.com\/es\/wp-json\/wp\/v2\/media\/32908"}],"wp:attachment":[{"href":"https:\/\/www.parsemains.com\/es\/wp-json\/wp\/v2\/media?parent=32805"}],"wp:term":[{"taxonomy":"product_brand","embeddable":true,"href":"https:\/\/www.parsemains.com\/es\/wp-json\/wp\/v2\/product_brand?post=32805"},{"taxonomy":"product_cat","embeddable":true,"href":"https:\/\/www.parsemains.com\/es\/wp-json\/wp\/v2\/product_cat?post=32805"},{"taxonomy":"product_tag","embeddable":true,"href":"https:\/\/www.parsemains.com\/es\/wp-json\/wp\/v2\/product_tag?post=32805"}],"curies":[{"name":"wp","href":"https:\/\/api.w.org\/{rel}","templated":true}]}}