{"id":32700,"date":"2023-09-23T15:14:59","date_gmt":"2023-09-23T13:14:59","guid":{"rendered":"https:\/\/www.parsemains.com\/?post_type=product&#038;p=32700"},"modified":"2023-11-17T21:34:05","modified_gmt":"2023-11-17T20:34:05","slug":"menu-de-mariage-ensemence-hiver","status":"publish","type":"product","link":"https:\/\/www.parsemains.com\/es\/producto\/winter-seed-wedding-menu\/","title":{"rendered":"Men\u00fa de boda con semillas - Invierno"},"content":{"rendered":"<p><strong>Men\u00fa de boda con semillas - Invierno<\/strong><\/p>\n<p><strong>Caracter\u00edsticas del men\u00fa \"Invierno\" en papel sembrado<\/strong> :<\/p>\n<p><strong>Elegancia invernal<\/strong> Nuestro delicado dise\u00f1o del men\u00fa, inspirado en la magia del invierno, le encantar\u00e1. Los detalles art\u00edsticos evocan la suavidad de los copos de nieve y la belleza de los paisajes nevados, creando un ambiente c\u00e1lido y rom\u00e1ntico para el banquete de su boda.<\/p>\n<p><strong>Material ecol\u00f3gico<\/strong> Nuestro men\u00fa est\u00e1 hecho de papel con semillas de alta calidad, una opci\u00f3n respetuosa con el medio ambiente. Una vez que haya cumplido su funci\u00f3n como men\u00fa, tus invitados podr\u00e1n plantar el men\u00fa en su jard\u00edn o en una maceta, y crecer\u00e1 hasta convertirse en hermosas flores silvestres, creando un v\u00edvido recuerdo de tu d\u00eda especial.<\/p>\n<p><strong>Personalizaci\u00f3n<\/strong> Personalice el men\u00fa \"Invierno\" de papel con semillas con sus nombres, la fecha de la boda y el men\u00fa del d\u00eda. A\u00f1ade un toque personal eligiendo entre una variedad de fuentes y colores que combinen con el tema de tu boda.<\/p>\n<p><strong>Recuerdos imborrables<\/strong> Tus invitados atesorar\u00e1n este men\u00fa como un precioso recuerdo de tu boda, observando felices c\u00f3mo crecen y florecen las flores silvestres, al igual que sigue creciendo vuestro amor.<\/p>\n<p><strong>Responsabilidad medioambiental<\/strong> Al optar por nuestro men\u00fa de invierno de papel con semillas, demuestra su compromiso con la conservaci\u00f3n del planeta reduciendo los residuos y fomentando la biodiversidad.<\/p>\n<p>Convierta su boda de invierno en un acontecimiento inolvidable a la vez que ayuda a preservar la naturaleza con nuestro men\u00fa \"Invierno\" de papel con semillas. Es la elecci\u00f3n perfecta para las parejas concienciadas con el medio ambiente que quieren a\u00f1adir un toque de magia invernal a su d\u00eda especial.<\/p>\n<p><strong>P\u00eddalo ahora y deje que la magia del invierno perdure mucho despu\u00e9s de su boda con nuestro men\u00fa \"Invierno\" de papel con semillas.<\/strong><\/p>\n<p><strong>Men\u00fa de boda con semillas - Invierno<\/strong><\/p>","protected":false},"excerpt":{"rendered":"<p><strong>Men\u00fa de boda con semillas - Invierno<\/strong><\/p>\n<p>Para su boda de invierno, ofrezca a sus invitados un recuerdo ecol\u00f3gico y po\u00e9tico con nuestro Men\u00fa \"Invierno\" hecho de Papel de Semilla. Este men\u00fa elegante y ecol\u00f3gico est\u00e1 dise\u00f1ado para dar un toque especial a su memorable d\u00eda.<\/p>\n<p><strong>Men\u00fa de boda con semillas - Invierno<br \/>\n<img decoding=\"async\" class=\"alignnone size-medium wp-image-13406\" src=\"https:\/\/www.parsemains.com\/wp-content\/uploads\/2023\/04\/footer-payment-method-7-300x27.png\" alt=\"pie-m\u00e9todo-de-pago.png\" width=\"300\" height=\"27\" srcset=\"https:\/\/www.parsemains.com\/wp-content\/uploads\/2023\/04\/footer-payment-method-7-300x27.png 300w, https:\/\/www.parsemains.com\/wp-content\/uploads\/2023\/04\/footer-payment-method-7.png 358w\" sizes=\"(max-width: 300px) 100vw, 300px\" \/><br \/>\n<\/strong><\/p>","protected":false},"featured_media":32803,"comment_status":"open","ping_status":"closed","template":"","meta":[],"product_brand":[],"product_cat":[193],"product_tag":[],"class_list":{"0":"post-32700","1":"product","2":"type-product","3":"status-publish","4":"has-post-thumbnail","6":"product_cat-menu-mariage-ensemence","8":"first","9":"instock","10":"shipping-taxable","11":"purchasable","12":"product-type-variable"},"_links":{"self":[{"href":"https:\/\/www.parsemains.com\/es\/wp-json\/wp\/v2\/product\/32700","targetHints":{"allow":["GET"]}}],"collection":[{"href":"https:\/\/www.parsemains.com\/es\/wp-json\/wp\/v2\/product"}],"about":[{"href":"https:\/\/www.parsemains.com\/es\/wp-json\/wp\/v2\/types\/product"}],"replies":[{"embeddable":true,"href":"https:\/\/www.parsemains.com\/es\/wp-json\/wp\/v2\/comments?post=32700"}],"wp:featuredmedia":[{"embeddable":true,"href":"https:\/\/www.parsemains.com\/es\/wp-json\/wp\/v2\/media\/32803"}],"wp:attachment":[{"href":"https:\/\/www.parsemains.com\/es\/wp-json\/wp\/v2\/media?parent=32700"}],"wp:term":[{"taxonomy":"product_brand","embeddable":true,"href":"https:\/\/www.parsemains.com\/es\/wp-json\/wp\/v2\/product_brand?post=32700"},{"taxonomy":"product_cat","embeddable":true,"href":"https:\/\/www.parsemains.com\/es\/wp-json\/wp\/v2\/product_cat?post=32700"},{"taxonomy":"product_tag","embeddable":true,"href":"https:\/\/www.parsemains.com\/es\/wp-json\/wp\/v2\/product_tag?post=32700"}],"curies":[{"name":"wp","href":"https:\/\/api.w.org\/{rel}","templated":true}]}}