{"id":32595,"date":"2023-09-23T15:06:07","date_gmt":"2023-09-23T13:06:07","guid":{"rendered":"https:\/\/www.parsemains.com\/?post_type=product&#038;p=32595"},"modified":"2023-11-17T21:42:43","modified_gmt":"2023-11-17T20:42:43","slug":"menu-de-mariage-ensemence-automne","status":"publish","type":"product","link":"https:\/\/www.parsemains.com\/es\/producto\/otono-semilla-boda-menu\/","title":{"rendered":"Men\u00fa de boda para plantar - Oto\u00f1o"},"content":{"rendered":"<p><strong>Men\u00fa de boda para plantar - Oto\u00f1o<\/strong><\/p>\n<p><strong>Caracter\u00edsticas del men\u00fa \"Oto\u00f1o\" en papel con semillas<\/strong> :<\/p>\n<p>&nbsp;<\/p>\n<p><strong>Ecol\u00f3gico y sostenible<\/strong> Fabricado en papel con semillas de alta calidad, este men\u00fa es respetuoso con el medio ambiente. Una vez que tu boda haya terminado, simplemente planta el men\u00fa en el suelo, riega regularmente, y pronto ver\u00e1s crecer hermosas flores silvestres, creando recuerdos hermosos y duraderos.<\/p>\n<p><strong>Dise\u00f1o estacional<\/strong> El men\u00fa \"Oto\u00f1o\" presenta motivos inspirados en el oto\u00f1o, como hojas de arce, manzanas, calabazas y c\u00e1lidos tonos rojos, naranjas y marrones. A\u00f1ade un toque c\u00e1lido y rom\u00e1ntico a la mesa de tu boda.<\/p>\n<p><strong>Personalizable<\/strong> Personalice cada men\u00fa con su nombre, la fecha de su boda y el men\u00fa elegido. D\u00e9 un toque personal a su evento sin renunciar a la elegancia del dise\u00f1o \"Oto\u00f1o\".<\/p>\n<p><strong>Calidad superior <\/strong>Elaborado con meticulosa atenci\u00f3n al detalle, este men\u00fa est\u00e1 impreso con tintas de alta calidad para ofrecer nitidez y colores vibrantes. Dar\u00e1 un toque sofisticado a tu mesa de boda.<\/p>\n<p><strong>Recuerdos inolvidables<\/strong> El men\u00fa \"Oto\u00f1o\": Tus invitados recordar\u00e1n tu boda cada vez que vean las flores silvestres que crecen en el men\u00fa \"Oto\u00f1o\". Es un recuerdo duradero de vuestro amor y de este d\u00eda tan especial.<\/p>\n<p>A\u00f1ade un toque oto\u00f1al a tu boda mientras cuidas del planeta con nuestro Men\u00fa de Oto\u00f1o hecho con Papel de Semilla. Crea recuerdos \u00fanicos y duraderos para ti y tus invitados con esta opci\u00f3n elegante y ecol\u00f3gica.<\/p>\n<p><strong>Haz tu pedido ahora y deja que la magia del oto\u00f1o florezca en tu vida.<\/strong><\/p>\n<p><strong>Men\u00fa de boda para plantar - Oto\u00f1o<\/strong><\/p>","protected":false},"excerpt":{"rendered":"<p><strong>Men\u00fa de boda para plantar - Oto\u00f1o<\/strong><\/p>\n<p>Capture la belleza del oto\u00f1o en cada detalle de su boda con nuestro Men\u00fa de Oto\u00f1o de Papel de Semilla. Dise\u00f1ado con amor y cuidado por el medio ambiente, este men\u00fa \u00fanico es la elecci\u00f3n perfecta para a\u00f1adir un toque de magia a tu d\u00eda especial.<\/p>\n<p><strong>Men\u00fa de boda para plantar - Oto\u00f1o<\/strong><\/p>\n<p><img decoding=\"async\" class=\"alignnone size-medium wp-image-13406\" src=\"https:\/\/www.parsemains.com\/wp-content\/uploads\/2023\/04\/footer-payment-method-7-300x27.png\" alt=\"pie-m\u00e9todo-de-pago.png\" width=\"300\" height=\"27\" srcset=\"https:\/\/www.parsemains.com\/wp-content\/uploads\/2023\/04\/footer-payment-method-7-300x27.png 300w, https:\/\/www.parsemains.com\/wp-content\/uploads\/2023\/04\/footer-payment-method-7.png 358w\" sizes=\"(max-width: 300px) 100vw, 300px\" \/><\/p>","protected":false},"featured_media":32698,"comment_status":"open","ping_status":"closed","template":"","meta":[],"product_brand":[],"product_cat":[193],"product_tag":[],"class_list":{"0":"post-32595","1":"product","2":"type-product","3":"status-publish","4":"has-post-thumbnail","6":"product_cat-menu-mariage-ensemence","8":"first","9":"instock","10":"shipping-taxable","11":"purchasable","12":"product-type-variable"},"_links":{"self":[{"href":"https:\/\/www.parsemains.com\/es\/wp-json\/wp\/v2\/product\/32595","targetHints":{"allow":["GET"]}}],"collection":[{"href":"https:\/\/www.parsemains.com\/es\/wp-json\/wp\/v2\/product"}],"about":[{"href":"https:\/\/www.parsemains.com\/es\/wp-json\/wp\/v2\/types\/product"}],"replies":[{"embeddable":true,"href":"https:\/\/www.parsemains.com\/es\/wp-json\/wp\/v2\/comments?post=32595"}],"wp:featuredmedia":[{"embeddable":true,"href":"https:\/\/www.parsemains.com\/es\/wp-json\/wp\/v2\/media\/32698"}],"wp:attachment":[{"href":"https:\/\/www.parsemains.com\/es\/wp-json\/wp\/v2\/media?parent=32595"}],"wp:term":[{"taxonomy":"product_brand","embeddable":true,"href":"https:\/\/www.parsemains.com\/es\/wp-json\/wp\/v2\/product_brand?post=32595"},{"taxonomy":"product_cat","embeddable":true,"href":"https:\/\/www.parsemains.com\/es\/wp-json\/wp\/v2\/product_cat?post=32595"},{"taxonomy":"product_tag","embeddable":true,"href":"https:\/\/www.parsemains.com\/es\/wp-json\/wp\/v2\/product_tag?post=32595"}],"curies":[{"name":"wp","href":"https:\/\/api.w.org\/{rel}","templated":true}]}}