{"id":32491,"date":"2023-09-23T10:20:29","date_gmt":"2023-09-23T08:20:29","guid":{"rendered":"https:\/\/www.parsemains.com\/?post_type=product&#038;p=32491"},"modified":"2023-11-17T21:51:03","modified_gmt":"2023-11-17T20:51:03","slug":"menu-de-mariage-ensemence-ete","status":"publish","type":"product","link":"https:\/\/www.parsemains.com\/es\/producto\/menu-de-mariage-ensemence-ete\/","title":{"rendered":"Men\u00fa de boda con semillas - Verano"},"content":{"rendered":"<p><strong>Men\u00fa de boda con semillas - Verano<\/strong><\/p>\n<p><strong>Caracter\u00edsticas principales :<\/strong><\/p>\n<p><strong>Papel con semillas<\/strong> Papel con semillas: Fabricado con papel con semillas de alta calidad, este men\u00fa no s\u00f3lo es biodegradable, sino tambi\u00e9n una fuente de vida. Despu\u00e9s de deleitar a sus invitados con las delicias de su comida, pueden plantar este men\u00fa en el suelo, regarlo con cari\u00f1o y ver florecer hermosas flores silvestres, creando un recuerdo duradero de su amor.<\/p>\n<p><strong>Dise\u00f1o de verano<\/strong> Nuestro men\u00fa de boda de verano es una oda a la estaci\u00f3n del amor y la luz. Su dise\u00f1o veraniego, con colores vivos, ilustraciones florales y una elegante tipograf\u00eda, aporta un toque fresco a la mesa de tu boda. Es una invitaci\u00f3n visual a saborear cada momento de este d\u00eda memorable.<\/p>\n<p><strong>Personalizable<\/strong> Cada men\u00fa es un lienzo listo para ser personalizado con vuestros nombres, la fecha de vuestra boda, los platos del d\u00eda y un mensaje especial. Convi\u00e9rtelo en una pieza \u00fanica que refleje vuestra historia de amor.<\/p>\n<p><strong>Ecol\u00f3gico<\/strong> Al elegir nuestro men\u00fa de boda \"Verano\" hecho de papel con semillas, est\u00e1 tomando una decisi\u00f3n respetuosa con el medio ambiente. Est\u00e1s ayudando a reducir los residuos y a preservar nuestro planeta, a la vez que creas recuerdos inolvidables.<\/p>\n<p><strong>Calidad superior<\/strong>e: Prestamos una atenci\u00f3n meticulosa a los detalles y a la calidad de nuestro papel con semillas. Cada men\u00fa se elabora cuidadosamente para garantizar una agradable experiencia t\u00e1ctil y visual.<\/p>\n<p><strong>Una boda memorable y respetuosa con el medio ambiente<\/strong> :<\/p>\n<p>El men\u00fa de boda \"Verano\" en papel de semillas es mucho m\u00e1s que un elemento decorativo. Es una declaraci\u00f3n de amor a la naturaleza y un compromiso con un futuro sostenible. Ofrezca a sus invitados un recuerdo \u00fanico y contribuya al mismo tiempo a la belleza de nuestro planeta.<\/p>\n<p>Apueste por la elegancia, la durabilidad y la personalizaci\u00f3n con nuestro men\u00fa de boda \"Verano\" en papel de semillas, una fusi\u00f3n perfecta de amor y naturaleza.<\/p>\n<p><strong>Haz tu pedido ahora para dar un toque ecol\u00f3gico a tu boda y compartir el amor preservando la tierra que todos amamos.<\/strong><\/p>\n<p><strong>Men\u00fa de boda con semillas - Verano<\/strong><\/p>","protected":false},"excerpt":{"rendered":"<p><strong>Men\u00fa de boda con semillas - Verano<\/strong><\/p>\n<p>Lleva tu boda al siguiente nivel de respeto por el medio ambiente con nuestro men\u00fa de boda de papel con semillas \"Verano\", una exquisita creaci\u00f3n que combina a la perfecci\u00f3n elegancia y sostenibilidad. Dise\u00f1ado para celebrar el d\u00eda m\u00e1s especial de tu vida preservando la belleza de la naturaleza, este men\u00fa es mucho m\u00e1s que un trozo de papel.<\/p>\n<p><strong>Men\u00fa de boda con semillas - Verano<br \/>\n<img decoding=\"async\" class=\"alignnone size-medium wp-image-13406\" src=\"https:\/\/www.parsemains.com\/wp-content\/uploads\/2023\/04\/footer-payment-method-7-300x27.png\" alt=\"pie-m\u00e9todo-de-pago.png\" width=\"300\" height=\"27\" srcset=\"https:\/\/www.parsemains.com\/wp-content\/uploads\/2023\/04\/footer-payment-method-7-300x27.png 300w, https:\/\/www.parsemains.com\/wp-content\/uploads\/2023\/04\/footer-payment-method-7.png 358w\" sizes=\"(max-width: 300px) 100vw, 300px\" \/><br \/>\n<\/strong><\/p>","protected":false},"featured_media":32594,"comment_status":"open","ping_status":"closed","template":"","meta":[],"product_brand":[],"product_cat":[193],"product_tag":[],"class_list":{"0":"post-32491","1":"product","2":"type-product","3":"status-publish","4":"has-post-thumbnail","6":"product_cat-menu-mariage-ensemence","8":"first","9":"instock","10":"shipping-taxable","11":"purchasable","12":"product-type-variable"},"_links":{"self":[{"href":"https:\/\/www.parsemains.com\/es\/wp-json\/wp\/v2\/product\/32491","targetHints":{"allow":["GET"]}}],"collection":[{"href":"https:\/\/www.parsemains.com\/es\/wp-json\/wp\/v2\/product"}],"about":[{"href":"https:\/\/www.parsemains.com\/es\/wp-json\/wp\/v2\/types\/product"}],"replies":[{"embeddable":true,"href":"https:\/\/www.parsemains.com\/es\/wp-json\/wp\/v2\/comments?post=32491"}],"wp:featuredmedia":[{"embeddable":true,"href":"https:\/\/www.parsemains.com\/es\/wp-json\/wp\/v2\/media\/32594"}],"wp:attachment":[{"href":"https:\/\/www.parsemains.com\/es\/wp-json\/wp\/v2\/media?parent=32491"}],"wp:term":[{"taxonomy":"product_brand","embeddable":true,"href":"https:\/\/www.parsemains.com\/es\/wp-json\/wp\/v2\/product_brand?post=32491"},{"taxonomy":"product_cat","embeddable":true,"href":"https:\/\/www.parsemains.com\/es\/wp-json\/wp\/v2\/product_cat?post=32491"},{"taxonomy":"product_tag","embeddable":true,"href":"https:\/\/www.parsemains.com\/es\/wp-json\/wp\/v2\/product_tag?post=32491"}],"curies":[{"name":"wp","href":"https:\/\/api.w.org\/{rel}","templated":true}]}}