{"id":32387,"date":"2023-09-23T10:13:33","date_gmt":"2023-09-23T08:13:33","guid":{"rendered":"https:\/\/www.parsemains.com\/?post_type=product&#038;p=32387"},"modified":"2024-02-08T12:06:11","modified_gmt":"2024-02-08T11:06:11","slug":"menu-mariage-a-planter-printemps","status":"publish","type":"product","link":"https:\/\/www.parsemains.com\/es\/producto\/spring-seed-wedding-menu\/","title":{"rendered":"Men\u00fa de boda para plantar - Primavera"},"content":{"rendered":"<p><strong>Men\u00fa de boda para plantar - Primavera<\/strong><\/p>\n<p><strong>Caracter\u00edsticas principales<\/strong> :<\/p>\n<p><strong>Papel ecol\u00f3gico con semillas<\/strong> Fabricado con nuestro papel sembrado a mano de alta gama, nuestro men\u00fa \"Primavera\" deja una huella ecol\u00f3gica positiva. Despu\u00e9s de servirlo, puede plantarse para que nazcan hermosas flores silvestres: \u00a1un recuerdo vivo de su boda!<\/p>\n<p><strong>Delicado dise\u00f1o floral<\/strong> El men\u00fa presenta un delicado y rom\u00e1ntico dise\u00f1o floral inspirado en los colores y las flores de la primavera. A\u00f1ade un toque de frescura y belleza natural a la mesa de tu boda.<\/p>\n<p><strong>F\u00e1cil personalizaci\u00f3n<\/strong> Personalice su men\u00fa de semillas \"Primavera\" como desee, indic\u00e1ndonos el men\u00fa de su d\u00eda especial y cualquier otra informaci\u00f3n que desee. Convierta este men\u00fa en un recuerdo \u00fanico para usted y sus invitados.<\/p>\n<p><strong>Respetuoso con el medio ambiente<\/strong> Al elegir nuestro men\u00fa de papel con semillas, est\u00e1 ayudando a reducir los residuos y a preservar la biodiversidad. Tu boda no solo ser\u00e1 memorable, sino tambi\u00e9n sostenible.<\/p>\n<p><strong>Perfecto para una ceremonia al aire libre<\/strong> El men\u00fa \"Primavera\" es ideal para bodas al aire libre, donde puede plantarse directamente en la tierra al final de las fiestas, creando un v\u00ednculo simb\u00f3lico entre su uni\u00f3n y la naturaleza.<\/p>\n<p><strong>Recuerdos imborrables<\/strong> Tus invitados tambi\u00e9n podr\u00e1n llevarse a casa este men\u00fa \u00fanico como recuerdo de tu d\u00eda especial. Mientras ven crecer las flores, podr\u00e1n recordar vuestro amor en flor.<\/p>\n<p>Haz del d\u00eda de tu boda una celebraci\u00f3n inolvidable mientras cuidas de nuestro hermoso planeta. Elija el men\u00fa de boda \"Primavera\" de papel con semillas y deje un legado floral duradero de su amor.<\/p>\n<p><strong>Haga su pedido ahora y prep\u00e1rese para celebrar su boda de forma \u00e9tica, elegante y ecol\u00f3gica.<\/strong><\/p>\n<p><strong>Men\u00fa de boda para plantar - Primavera<\/strong><\/p>","protected":false},"excerpt":{"rendered":"<p><strong>Men\u00fa de boda para plantar - Primavera<\/strong><\/p>\n<p>Para su gran d\u00eda, a\u00f1ada un toque de poes\u00eda a su boda y convi\u00e9rtala en un evento ecorresponsable con nuestro men\u00fa de boda \"Primavera\" elaborado con papel de semillas. Esta exquisita creaci\u00f3n combina elegancia y sostenibilidad para crear una experiencia memorable tanto para ti como para el planeta.<\/p>\n<p><b>dimensiones : <\/b>9,5 x 20 cm<br \/>\n<b>papel<\/b>\u00a0Parsemains ecorreciclados hechos a mano, aprox. 250 g\/m\u00b2.<br \/>\n<b>semillas<\/b> Mezcla de flores silvestres ecol\u00f3gicas o hierbas arom\u00e1ticas ecol\u00f3gicas (a elegir)<\/p>\n<p><strong>Men\u00fa de boda para plantar - Primavera<br \/>\n<img decoding=\"async\" class=\"alignnone size-medium wp-image-13406\" src=\"https:\/\/www.parsemains.com\/wp-content\/uploads\/2023\/04\/footer-payment-method-7-300x27.png\" alt=\"pie-m\u00e9todo-de-pago.png\" width=\"300\" height=\"27\" srcset=\"https:\/\/www.parsemains.com\/wp-content\/uploads\/2023\/04\/footer-payment-method-7-300x27.png 300w, https:\/\/www.parsemains.com\/wp-content\/uploads\/2023\/04\/footer-payment-method-7.png 358w\" sizes=\"(max-width: 300px) 100vw, 300px\" \/><br \/>\n<\/strong><\/p>","protected":false},"featured_media":41438,"comment_status":"open","ping_status":"closed","template":"","meta":[],"product_brand":[],"product_cat":[193],"product_tag":[],"class_list":{"0":"post-32387","1":"product","2":"type-product","3":"status-publish","4":"has-post-thumbnail","6":"product_cat-menu-mariage-ensemence","8":"first","9":"instock","10":"shipping-taxable","11":"purchasable","12":"product-type-variable"},"_links":{"self":[{"href":"https:\/\/www.parsemains.com\/es\/wp-json\/wp\/v2\/product\/32387","targetHints":{"allow":["GET"]}}],"collection":[{"href":"https:\/\/www.parsemains.com\/es\/wp-json\/wp\/v2\/product"}],"about":[{"href":"https:\/\/www.parsemains.com\/es\/wp-json\/wp\/v2\/types\/product"}],"replies":[{"embeddable":true,"href":"https:\/\/www.parsemains.com\/es\/wp-json\/wp\/v2\/comments?post=32387"}],"wp:featuredmedia":[{"embeddable":true,"href":"https:\/\/www.parsemains.com\/es\/wp-json\/wp\/v2\/media\/41438"}],"wp:attachment":[{"href":"https:\/\/www.parsemains.com\/es\/wp-json\/wp\/v2\/media?parent=32387"}],"wp:term":[{"taxonomy":"product_brand","embeddable":true,"href":"https:\/\/www.parsemains.com\/es\/wp-json\/wp\/v2\/product_brand?post=32387"},{"taxonomy":"product_cat","embeddable":true,"href":"https:\/\/www.parsemains.com\/es\/wp-json\/wp\/v2\/product_cat?post=32387"},{"taxonomy":"product_tag","embeddable":true,"href":"https:\/\/www.parsemains.com\/es\/wp-json\/wp\/v2\/product_tag?post=32387"}],"curies":[{"name":"wp","href":"https:\/\/api.w.org\/{rel}","templated":true}]}}