{"id":32283,"date":"2023-09-23T10:02:47","date_gmt":"2023-09-23T08:02:47","guid":{"rendered":"https:\/\/www.parsemains.com\/?post_type=product&#038;p=32283"},"modified":"2023-11-17T22:00:09","modified_gmt":"2023-11-17T21:00:09","slug":"menu-mariage-a-planter-touche-moderne","status":"publish","type":"product","link":"https:\/\/www.parsemains.com\/es\/producto\/modern-touch-wedding-menu\/","title":{"rendered":"Men\u00fa de boda para plantar - Un toque moderno"},"content":{"rendered":"<p><strong>Men\u00fa de boda para plantar - Un toque moderno<\/strong><\/p>\n<p><strong>Caracter\u00edsticas excepcionales<\/strong> :<\/p>\n<p><strong>Elegancia moderna<\/strong> El men\u00fa de boda \"Touche Moderne\" tiene un dise\u00f1o limpio y contempor\u00e1neo que combina armoniosamente con cualquier tema de boda. Sus l\u00edneas limpias y su sofisticada tipograf\u00eda encarnan la sencillez y la elegancia.<\/p>\n<p><strong>Papel con semillas<\/strong> Fabricado en papel con semillas de alta calidad, este men\u00fa es ecol\u00f3gico y respetuoso con la naturaleza. Una vez terminado el banquete, tus invitados podr\u00e1n plantar el men\u00fa en su jard\u00edn o en una maceta, y ver crecer el amor en forma de hermosas flores silvestres.<\/p>\n<p><strong>Personalizable<\/strong> A\u00f1ade tu toque personal personalizando el men\u00fa con los detalles de tu boda, incluidos los nombres de los novios, la fecha y el men\u00fa de la comida. Elige entre una gama de colores y tipos de letra para crear una obra de arte \u00fanica.<\/p>\n<p><strong>Mensaje ecol\u00f3gico<\/strong> El men\u00fa de boda \"Touche Moderne\" (Toque Moderno) de papel con semillas ayuda a concienciar a sus invitados sobre la conservaci\u00f3n del medio ambiente mientras celebran su amor. Incluye un breve mensaje invitando a tus seres queridos a cuidar el planeta.<\/p>\n<p><strong>Un recuerdo imborrable<\/strong> Tus invitados guardar\u00e1n este men\u00fa como un precioso recuerdo del d\u00eda de tu boda. Cada vez que vean crecer las flores silvestres, recordar\u00e1n el d\u00eda tan especial en que floreci\u00f3 vuestro amor.<\/p>\n<p><strong>Detalles t\u00e9cnicos<\/strong> :<\/p>\n<p>- Dimensiones: 140 mm x 200 mm<br \/>\n- Material: Papel con semillas de alta calidad<br \/>\n- Personalizaci\u00f3n: Nombres de los novios, fecha y men\u00fa<br \/>\n- Colores: personalizables para adaptarlos a la paleta de su boda<br \/>\n- Embalaje : Entregado en un embalaje eco-responsable<\/p>\n<p>Ofrezca a sus invitados un recuerdo inolvidable al tiempo que ayuda a preservar el planeta con el men\u00fa de boda \"Touche Moderne\" en papel de semillas. Es la elecci\u00f3n perfecta para las parejas que quieren marcar su boda con amor y sostenibilidad.<\/p>\n<p><strong>Pida el suyo hoy mismo y empiece a sembrar las semillas del amor que crecer\u00e1n durante generaciones.<br \/>\nMen\u00fa de boda para plantar - Un toque moderno<br \/>\n<\/strong><\/p>","protected":false},"excerpt":{"rendered":"<p><strong>Men\u00fa de boda para plantar - Un toque moderno<\/strong><\/p>\n<p>En la intersecci\u00f3n de la elegancia atemporal y la sostenibilidad ecol\u00f3gica, el men\u00fa de boda de papel con semillas \"Touche Moderne\" es la pieza central perfecta para su d\u00eda especial. Dise\u00f1ado con amor y cuidado por el medio ambiente, este men\u00fa es mucho m\u00e1s que un trozo de papel. Es una invitaci\u00f3n al amor y al crecimiento, como vuestra uni\u00f3n.<br \/>\n<strong>Men\u00fa de boda para plantar - Un toque moderno<\/strong><\/p>\n<p><img decoding=\"async\" class=\"alignnone size-medium wp-image-13406\" src=\"https:\/\/www.parsemains.com\/wp-content\/uploads\/2023\/04\/footer-payment-method-7-300x27.png\" alt=\"pie-m\u00e9todo-de-pago.png\" width=\"300\" height=\"27\" srcset=\"https:\/\/www.parsemains.com\/wp-content\/uploads\/2023\/04\/footer-payment-method-7-300x27.png 300w, https:\/\/www.parsemains.com\/wp-content\/uploads\/2023\/04\/footer-payment-method-7.png 358w\" sizes=\"(max-width: 300px) 100vw, 300px\" \/><\/p>","protected":false},"featured_media":32386,"comment_status":"open","ping_status":"closed","template":"","meta":[],"product_brand":[],"product_cat":[193,183],"product_tag":[],"class_list":{"0":"post-32283","1":"product","2":"type-product","3":"status-publish","4":"has-post-thumbnail","6":"product_cat-menu-mariage-ensemence","7":"product_cat-touche-moderne","9":"first","10":"instock","11":"shipping-taxable","12":"purchasable","13":"product-type-variable"},"_links":{"self":[{"href":"https:\/\/www.parsemains.com\/es\/wp-json\/wp\/v2\/product\/32283","targetHints":{"allow":["GET"]}}],"collection":[{"href":"https:\/\/www.parsemains.com\/es\/wp-json\/wp\/v2\/product"}],"about":[{"href":"https:\/\/www.parsemains.com\/es\/wp-json\/wp\/v2\/types\/product"}],"replies":[{"embeddable":true,"href":"https:\/\/www.parsemains.com\/es\/wp-json\/wp\/v2\/comments?post=32283"}],"wp:featuredmedia":[{"embeddable":true,"href":"https:\/\/www.parsemains.com\/es\/wp-json\/wp\/v2\/media\/32386"}],"wp:attachment":[{"href":"https:\/\/www.parsemains.com\/es\/wp-json\/wp\/v2\/media?parent=32283"}],"wp:term":[{"taxonomy":"product_brand","embeddable":true,"href":"https:\/\/www.parsemains.com\/es\/wp-json\/wp\/v2\/product_brand?post=32283"},{"taxonomy":"product_cat","embeddable":true,"href":"https:\/\/www.parsemains.com\/es\/wp-json\/wp\/v2\/product_cat?post=32283"},{"taxonomy":"product_tag","embeddable":true,"href":"https:\/\/www.parsemains.com\/es\/wp-json\/wp\/v2\/product_tag?post=32283"}],"curies":[{"name":"wp","href":"https:\/\/api.w.org\/{rel}","templated":true}]}}