{"id":32178,"date":"2023-09-23T09:06:43","date_gmt":"2023-09-23T07:06:43","guid":{"rendered":"https:\/\/www.parsemains.com\/?post_type=product&#038;p=32178"},"modified":"2023-11-17T22:04:50","modified_gmt":"2023-11-17T21:04:50","slug":"menu-mariage-ensemence-divine-idylle","status":"publish","type":"product","link":"https:\/\/www.parsemains.com\/es\/producto\/boda-menu-divina-idylle\/","title":{"rendered":"Men\u00fa de boda con semillas - Divine Idylle"},"content":{"rendered":"<p><strong>Men\u00fa de boda con semillas - Divine Idylle<\/strong><\/p>\n<p><strong>Caracter\u00edsticas :<\/strong><\/p>\n<p><strong>Papel con semillas<\/strong> Nuestra carta est\u00e1 hecha de un delicado papel texturizado impregnado de semillas de flores silvestres. Despu\u00e9s de usarla, pl\u00e1ntala en tu jard\u00edn y observa c\u00f3mo crece el amor en forma de hermosas flores.<\/p>\n<p><strong>Dise\u00f1o exquisito<\/strong> La \"Divine Idylle\" tiene un dise\u00f1o refinado y personalizable para adaptarse a la est\u00e9tica de su boda. Desde delicados motivos florales hasta colores suaves, cada detalle ha sido pensado para a\u00f1adir un toque de belleza a su mesa.<\/p>\n<p><strong>Ecol\u00f3gico<\/strong> Al elegir este men\u00fa, est\u00e1s ayudando a preservar nuestro planeta. El papel con semillas es biodegradable y favorece el crecimiento de abejas y mariposas, esenciales para nuestro ecosistema.<\/p>\n<p><strong>Personalizable<\/strong> Personaliza el men\u00fa con vuestros nombres, la fecha de la boda y el men\u00fa del d\u00eda para tener un recuerdo a\u00fan m\u00e1s especial.<\/p>\n<p><strong>Hecho a mano<\/strong> Cada men\u00fa \"Divine Idylle\" es elaborado con cari\u00f1o y esmero por nuestro equipo de expertos artesanos.<\/p>\n<p><strong>Utilice<\/strong> :<br \/>\n1. Coloca el men\u00fa \"Idilio Divino\" en cada plato para un encanto instant\u00e1neo.<br \/>\n2. Deje que sus invitados se deleiten con cada detalle del men\u00fa mientras admiran la belleza de este papel \u00fanico.<br \/>\n3. Despu\u00e9s de la boda, planta la carta en una maceta o directamente en tu jard\u00edn. Ri\u00e9gala con regularidad y observa c\u00f3mo florecen las flores silvestres de tu amor durante a\u00f1os.<\/p>\n<p><strong>Una boda ecol\u00f3gica y elegante<\/strong> :<\/p>\n<p>El Men\u00fa de Boda \"Idilio Divino\" en Papel de Semilla combina elegancia y conciencia ecol\u00f3gica, ofreciendo a sus invitados una experiencia inolvidable a la vez que ayuda a preservar nuestro precioso planeta. Opte por una belleza duradera y deje una huella de amor eterno con \"Divino Idilio\".<\/p>\n<p>Haga de su boda un momento para recordar, no s\u00f3lo por su amor, sino tambi\u00e9n por su compromiso con un futuro m\u00e1s ecol\u00f3gico.<\/p>\n<p><strong>Pida hoy mismo sus men\u00fas \"Idilio Divino\" y prep\u00e1rese para celebrar una uni\u00f3n inolvidable en la armon\u00eda de la naturaleza.<br \/>\nMen\u00fa de boda con semillas - Divine Idylle<br \/>\n<\/strong><\/p>","protected":false},"excerpt":{"rendered":"<p><strong>Men\u00fa de boda con semillas - Divine Idylle<\/strong><\/p>\n<p>En tu d\u00eda especial, celebra el amor preservando la naturaleza con nuestro men\u00fa de boda de papel con semillas \"Idilio Divino\". Este exquisito men\u00fa encarna la elegancia atemporal a la vez que da un paso de gigante hacia un futuro m\u00e1s ecol\u00f3gico y sostenible.<br \/>\n<strong>Men\u00fa de boda con semillas - Divine Idylle<\/strong><\/p>\n<p><img decoding=\"async\" class=\"alignnone size-medium wp-image-13406\" src=\"https:\/\/www.parsemains.com\/wp-content\/uploads\/2023\/04\/footer-payment-method-7-300x27.png\" alt=\"pie-m\u00e9todo-de-pago.png\" width=\"300\" height=\"27\" srcset=\"https:\/\/www.parsemains.com\/wp-content\/uploads\/2023\/04\/footer-payment-method-7-300x27.png 300w, https:\/\/www.parsemains.com\/wp-content\/uploads\/2023\/04\/footer-payment-method-7.png 358w\" sizes=\"(max-width: 300px) 100vw, 300px\" \/><\/p>","protected":false},"featured_media":32281,"comment_status":"open","ping_status":"closed","template":"","meta":[],"product_brand":[],"product_cat":[193],"product_tag":[],"class_list":{"0":"post-32178","1":"product","2":"type-product","3":"status-publish","4":"has-post-thumbnail","6":"product_cat-menu-mariage-ensemence","8":"first","9":"instock","10":"shipping-taxable","11":"purchasable","12":"product-type-variable"},"_links":{"self":[{"href":"https:\/\/www.parsemains.com\/es\/wp-json\/wp\/v2\/product\/32178","targetHints":{"allow":["GET"]}}],"collection":[{"href":"https:\/\/www.parsemains.com\/es\/wp-json\/wp\/v2\/product"}],"about":[{"href":"https:\/\/www.parsemains.com\/es\/wp-json\/wp\/v2\/types\/product"}],"replies":[{"embeddable":true,"href":"https:\/\/www.parsemains.com\/es\/wp-json\/wp\/v2\/comments?post=32178"}],"wp:featuredmedia":[{"embeddable":true,"href":"https:\/\/www.parsemains.com\/es\/wp-json\/wp\/v2\/media\/32281"}],"wp:attachment":[{"href":"https:\/\/www.parsemains.com\/es\/wp-json\/wp\/v2\/media?parent=32178"}],"wp:term":[{"taxonomy":"product_brand","embeddable":true,"href":"https:\/\/www.parsemains.com\/es\/wp-json\/wp\/v2\/product_brand?post=32178"},{"taxonomy":"product_cat","embeddable":true,"href":"https:\/\/www.parsemains.com\/es\/wp-json\/wp\/v2\/product_cat?post=32178"},{"taxonomy":"product_tag","embeddable":true,"href":"https:\/\/www.parsemains.com\/es\/wp-json\/wp\/v2\/product_tag?post=32178"}],"curies":[{"name":"wp","href":"https:\/\/api.w.org\/{rel}","templated":true}]}}