{"id":32074,"date":"2023-09-23T08:58:01","date_gmt":"2023-09-23T06:58:01","guid":{"rendered":"https:\/\/www.parsemains.com\/?post_type=product&#038;p=32074"},"modified":"2023-11-17T22:09:41","modified_gmt":"2023-11-17T21:09:41","slug":"menu-mariage-a-planter-tendresse","status":"publish","type":"product","link":"https:\/\/www.parsemains.com\/es\/producto\/menu-de-boda-semillas-flores-de-la-ternura\/","title":{"rendered":"Men\u00fa de boda para plantar - Fleurs de Tendresse"},"content":{"rendered":"<p><strong>Men\u00fa de boda para plantar - Fleurs de Tendresse<\/strong><\/p>\n<p><strong>Caracter\u00edsticas del men\u00fa \"Flores de ternura\" :<\/strong><\/p>\n<p><strong>\u00a0\ud83c\udf31 Papel ecol\u00f3gico con semillas<\/strong> Cada men\u00fa est\u00e1 hecho de papel con semillas de alta calidad, una opci\u00f3n respetuosa con el medio ambiente que no deja huella de carbono. Una vez plantado, se convertir\u00e1 en hermosas flores silvestres, un s\u00edmbolo de su amor creciendo y floreciendo.<\/p>\n<p><strong>\u00a0\ud83c\udf38 Elegante dise\u00f1o floral<\/strong> El men\u00fa \"Fleurs de Tendresse\" presenta un dise\u00f1o floral elegante y refinado que combina a la perfecci\u00f3n con la decoraci\u00f3n de su boda. Los colores suaves y los delicados motivos a\u00f1aden un toque rom\u00e1ntico a su mesa.<\/p>\n<p><strong>\u00a0\ud83d\udc91 Personalizable<\/strong> Cada men\u00fa puede personalizarse con vuestros nombres, la fecha de vuestra boda e incluso un mensaje especial para vuestros invitados. Es una forma \u00fanica de compartir vuestra historia de amor con vuestros seres queridos.<\/p>\n<p><strong>\u00a0\ud83c\udf7d\ufe0f Informaci\u00f3n clara y concisa<\/strong> El men\u00fa incluye una lista de deliciosos platos para que sus invitados disfruten en su recepci\u00f3n. Las descripciones de los platos son claras y detalladas para satisfacer todos los paladares.<\/p>\n<p><strong>\u00a0\ud83c\udf81 Regalo sostenible<\/strong> Adem\u00e1s de ser un men\u00fa excepcional, \"Fleurs de Tendresse\" es tambi\u00e9n un regalo duradero que sus invitados podr\u00e1n llevarse a casa. S\u00f3lo tienen que seguir las instrucciones del reverso del men\u00fa para cultivar sus propias flores y mantener vivo el recuerdo de su d\u00eda especial.<\/p>\n<p>El men\u00fa de boda \"Fleurs de Tendresse\" es mucho m\u00e1s que una simple decoraci\u00f3n de mesa. Encarna el amor, la belleza y la sostenibilidad, reflejando sus valores y su compromiso con el medio ambiente. Ofrezca a sus invitados una experiencia memorable eligiendo este men\u00fa \u00fanico y responsable para su boda.<\/p>\n<p>Celebre su amor preservando la naturaleza con el men\u00fa \"Fleurs de Tendresse\".<\/p>\n<p><strong>Pide el tuyo hoy mismo y aporta amor y belleza al mundo que te rodea.<\/strong><\/p>\n<p><strong>Men\u00fa de boda para plantar - Fleurs de Tendresse<\/strong><\/p>","protected":false},"excerpt":{"rendered":"<p><strong>Men\u00fa de boda para plantar - Fleurs de Tendresse - Edici\u00f3n Ecol\u00f3gica<\/strong><\/p>\n<p>Queridos amigos y familiares, vuestro amor es la m\u00e1s bella de las historias, y hoy nos complace presentaros un men\u00fa de boda tan \u00fanico como vuestra uni\u00f3n. El men\u00fa \"Fleurs de Tendresse\" encarna la belleza de vuestro amor preservando al mismo tiempo la belleza de la naturaleza.<br \/>\n<strong>Men\u00fa de boda para plantar - Fleurs de Tendresse<\/strong><\/p>\n<p><img decoding=\"async\" class=\"alignnone size-medium wp-image-13406\" src=\"https:\/\/www.parsemains.com\/wp-content\/uploads\/2023\/04\/footer-payment-method-7-300x27.png\" alt=\"pie-m\u00e9todo-de-pago.png\" width=\"300\" height=\"27\" srcset=\"https:\/\/www.parsemains.com\/wp-content\/uploads\/2023\/04\/footer-payment-method-7-300x27.png 300w, https:\/\/www.parsemains.com\/wp-content\/uploads\/2023\/04\/footer-payment-method-7.png 358w\" sizes=\"(max-width: 300px) 100vw, 300px\" \/><\/p>","protected":false},"featured_media":32177,"comment_status":"open","ping_status":"closed","template":"","meta":[],"product_brand":[],"product_cat":[193],"product_tag":[],"class_list":{"0":"post-32074","1":"product","2":"type-product","3":"status-publish","4":"has-post-thumbnail","6":"product_cat-menu-mariage-ensemence","8":"first","9":"instock","10":"shipping-taxable","11":"purchasable","12":"product-type-variable"},"_links":{"self":[{"href":"https:\/\/www.parsemains.com\/es\/wp-json\/wp\/v2\/product\/32074","targetHints":{"allow":["GET"]}}],"collection":[{"href":"https:\/\/www.parsemains.com\/es\/wp-json\/wp\/v2\/product"}],"about":[{"href":"https:\/\/www.parsemains.com\/es\/wp-json\/wp\/v2\/types\/product"}],"replies":[{"embeddable":true,"href":"https:\/\/www.parsemains.com\/es\/wp-json\/wp\/v2\/comments?post=32074"}],"wp:featuredmedia":[{"embeddable":true,"href":"https:\/\/www.parsemains.com\/es\/wp-json\/wp\/v2\/media\/32177"}],"wp:attachment":[{"href":"https:\/\/www.parsemains.com\/es\/wp-json\/wp\/v2\/media?parent=32074"}],"wp:term":[{"taxonomy":"product_brand","embeddable":true,"href":"https:\/\/www.parsemains.com\/es\/wp-json\/wp\/v2\/product_brand?post=32074"},{"taxonomy":"product_cat","embeddable":true,"href":"https:\/\/www.parsemains.com\/es\/wp-json\/wp\/v2\/product_cat?post=32074"},{"taxonomy":"product_tag","embeddable":true,"href":"https:\/\/www.parsemains.com\/es\/wp-json\/wp\/v2\/product_tag?post=32074"}],"curies":[{"name":"wp","href":"https:\/\/api.w.org\/{rel}","templated":true}]}}