{"id":31969,"date":"2023-09-23T08:45:46","date_gmt":"2023-09-23T06:45:46","guid":{"rendered":"https:\/\/www.parsemains.com\/?post_type=product&#038;p=31969"},"modified":"2023-11-17T22:13:18","modified_gmt":"2023-11-17T21:13:18","slug":"menu-mariage-ensemence-entrelacs-damour","status":"publish","type":"product","link":"https:\/\/www.parsemains.com\/es\/producto\/menu-de-boda-seed-between-lakes-love\/","title":{"rendered":"Men\u00fa de boda con semillas - Entrelazando el amor"},"content":{"rendered":"<p><strong>Men\u00fa de boda con semillas - Entrelazando el amor<\/strong><\/p>\n<p><strong>Caracter\u00edsticas principales<\/strong> :<\/p>\n<p><strong>Papel con semillas<\/strong> Nuestro men\u00fa est\u00e1 hecho de papel de alta calidad, que incorpora semillas de flores silvestres. Una vez finalizada la boda, simplemente planta el men\u00fa en tu jard\u00edn o en una maceta, y observa c\u00f3mo crecen las hermosas flores como recuerdo de tu d\u00eda especial.<\/p>\n<p><strong>Dise\u00f1o elegante<\/strong> El \"Entrelacs d'amour\" est\u00e1 adornado con un art\u00edstico dise\u00f1o de entrelazados y motivos florales que simbolizan la uni\u00f3n de dos almas. Los colores suaves y rom\u00e1nticos aportan un toque de sofisticaci\u00f3n a su mesa de boda.<\/p>\n<p><strong>Personalizable<\/strong>e: Personaliza el men\u00fa con los nombres de los novios, la fecha de la boda y el men\u00fa de la comida para a\u00f1adir un toque personal y memorable a la decoraci\u00f3n de tu mesa.<\/p>\n<p><strong>Respetuoso con el medio ambiente<\/strong> Al elegir nuestro men\u00fa de papel con semillas, est\u00e1s ayudando a reducir tu huella de carbono. Es una elecci\u00f3n sostenible que fomenta el crecimiento de la vida vegetal y nos recuerda la importancia de cultivar el amor y la naturaleza.<\/p>\n<p><strong>V\u00ednculo emocional<\/strong> Las semillas de flores silvestres incluidas en el men\u00fa son un s\u00edmbolo duradero de vuestro amor siempre creciente, al igual que las flores que crecen de este papel con semillas.<\/p>\n<p>Dimensiones: [Especifique las dimensiones del men\u00fa].<\/p>\n<p>**Contenido del paquete:** [Indique lo que incluye el paquete, por ejemplo, el n\u00famero de men\u00fas].<\/p>\n<p>Cree un ambiente \u00fanico y memorable en su boda eligiendo nuestro men\u00fa de boda \"Intertwining Love\" hecho de papel con semillas. No solo impresionar\u00e1s a tus invitados con su elegancia y personalizaci\u00f3n, sino que adem\u00e1s estar\u00e1s ayudando a preservar la belleza del planeta.<\/p>\n<p><strong>Comience su viaje hacia una vida de felicidad conyugal sembrando las semillas del amor y la naturaleza con este excepcional men\u00fa.<\/strong><\/p>\n<p><strong>Men\u00fa de boda con semillas - Entrelazando el amor<\/strong><\/p>","protected":false},"excerpt":{"rendered":"<p><strong>Men\u00fa de boda con semillas - Entrelazando el amor<\/strong><\/p>\n<p>Celebre su amor de una forma memorable y respetuosa con el medio ambiente con nuestro men\u00fa de boda de papel con semillas \"Amor entrelazado\". Dise\u00f1ado para a\u00f1adir un toque de encanto natural a tu d\u00eda especial, este elegante men\u00fa encarna tanto el amor que compart\u00eds como vuestro compromiso con el planeta.<\/p>\n<p><strong>Men\u00fa de boda con semillas - Entrelazando el amor<\/strong><\/p>\n<p><img decoding=\"async\" class=\"alignnone size-medium wp-image-13406\" src=\"https:\/\/www.parsemains.com\/wp-content\/uploads\/2023\/04\/footer-payment-method-7-300x27.png\" alt=\"pie-m\u00e9todo-de-pago.png\" width=\"300\" height=\"27\" srcset=\"https:\/\/www.parsemains.com\/wp-content\/uploads\/2023\/04\/footer-payment-method-7-300x27.png 300w, https:\/\/www.parsemains.com\/wp-content\/uploads\/2023\/04\/footer-payment-method-7.png 358w\" sizes=\"(max-width: 300px) 100vw, 300px\" \/><\/p>","protected":false},"featured_media":32072,"comment_status":"open","ping_status":"closed","template":"","meta":[],"product_brand":[],"product_cat":[193],"product_tag":[],"class_list":{"0":"post-31969","1":"product","2":"type-product","3":"status-publish","4":"has-post-thumbnail","6":"product_cat-menu-mariage-ensemence","8":"first","9":"instock","10":"shipping-taxable","11":"purchasable","12":"product-type-variable"},"_links":{"self":[{"href":"https:\/\/www.parsemains.com\/es\/wp-json\/wp\/v2\/product\/31969","targetHints":{"allow":["GET"]}}],"collection":[{"href":"https:\/\/www.parsemains.com\/es\/wp-json\/wp\/v2\/product"}],"about":[{"href":"https:\/\/www.parsemains.com\/es\/wp-json\/wp\/v2\/types\/product"}],"replies":[{"embeddable":true,"href":"https:\/\/www.parsemains.com\/es\/wp-json\/wp\/v2\/comments?post=31969"}],"wp:featuredmedia":[{"embeddable":true,"href":"https:\/\/www.parsemains.com\/es\/wp-json\/wp\/v2\/media\/32072"}],"wp:attachment":[{"href":"https:\/\/www.parsemains.com\/es\/wp-json\/wp\/v2\/media?parent=31969"}],"wp:term":[{"taxonomy":"product_brand","embeddable":true,"href":"https:\/\/www.parsemains.com\/es\/wp-json\/wp\/v2\/product_brand?post=31969"},{"taxonomy":"product_cat","embeddable":true,"href":"https:\/\/www.parsemains.com\/es\/wp-json\/wp\/v2\/product_cat?post=31969"},{"taxonomy":"product_tag","embeddable":true,"href":"https:\/\/www.parsemains.com\/es\/wp-json\/wp\/v2\/product_tag?post=31969"}],"curies":[{"name":"wp","href":"https:\/\/api.w.org\/{rel}","templated":true}]}}