{"id":31447,"date":"2023-09-22T17:53:19","date_gmt":"2023-09-22T15:53:19","guid":{"rendered":"https:\/\/www.parsemains.com\/?post_type=product&#038;p=31447"},"modified":"2023-11-10T22:27:07","modified_gmt":"2023-11-10T21:27:07","slug":"marque-place-ensemence-mariage-histoire-de-coquelicot","status":"publish","type":"product","link":"https:\/\/www.parsemains.com\/es\/producto\/poppy-story-wedding-seed-bookmark\/","title":{"rendered":"Tarjeta de mesa con semillas para boda - \"Histoire de Coquelicot\" (Historia de Amapola)"},"content":{"rendered":"<p><strong>Tarjeta de mesa con semillas para boda - \"Histoire de Coquelicot\" (Historia de Amapola)<\/strong><\/p>\n<p><strong>Caracter\u00edsticas destacadas<\/strong> :<\/p>\n<p><strong>Papel sembrado de calidad superior<\/strong> Nuestra tarjeta de mesa est\u00e1 hecha de papel con semillas de la m\u00e1s alta calidad, que contiene semillas de amapola. Despu\u00e9s de tu boda, podr\u00e1s plantarlas para que crezcan hermosas amapolas, s\u00edmbolo del florecimiento de tu amor.<\/p>\n<p><strong>Dise\u00f1o elegante<\/strong> Elegancia y sencillez se dan la mano en el dise\u00f1o \"Histoire de Coquelicot\". Los suaves motivos de amapolas en relieve aportan un toque delicado y rom\u00e1ntico a todas las habitaciones.<\/p>\n<p><strong>Personalizable<\/strong> Cada tarjeta puede personalizarse con los nombres de los novios y la fecha de la boda, creando un recuerdo \u00fanico para sus invitados.<\/p>\n<p><strong>Ecol\u00f3gico y sostenible<\/strong> Fabricado a mano con materiales respetuosos con el medio ambiente, este marcap\u00e1ginas contribuye a reducir la huella de carbono y a fomentar la sostenibilidad.<\/p>\n<p><strong>Regalo de agradecimiento<\/strong> Adem\u00e1s de guiar a sus invitados a sus asientos, \"Histoire de Coquelicot\" tambi\u00e9n es un maravilloso regalo de agradecimiento para sus seres queridos que han compartido con usted este d\u00eda tan especial.<\/p>\n<p>Deje que \"Histoire de Coquelicot\" a\u00f1ada un toque de naturaleza y belleza duradera a su boda, ya que simboliza el crecimiento y el florecimiento de su amor.<\/p>\n<p><strong>P\u00eddalo ahora y cree recuerdos inolvidables para usted y sus invitados.<\/strong><\/p>\n<p>Cada marcador \"Histoire de Coquelicot\" cuenta una historia de amor \u00fanica, y la suya est\u00e1 lista para florecer.<\/p>\n<p><strong>Tarjeta de mesa con semillas para boda - \"Histoire de Coquelicot\" (Historia de Amapola)<\/strong><\/p>","protected":false},"excerpt":{"rendered":"<p><strong>Tarjeta de mesa con semillas para boda - \"Histoire de Coquelicot\" (Historia de Amapola)<\/strong><\/p>\n<p>Descubre nuestro precioso mantel individual de boda \"Poppy Story\", una creaci\u00f3n delicada y ecol\u00f3gica que a\u00f1adir\u00e1 un toque de encanto natural a tu d\u00eda especial. Elaborado con esmero a partir de papel con semillas de alta calidad, este mantel individual encarna el amor y el compromiso, al tiempo que ayuda a preservar nuestro precioso planeta.<\/p>\n<p><b>dimensiones <\/b>5,5 x 8,5 cm<br \/>\n<b>papel<\/b>\u00a0Parsemains ecorreciclados hechos a mano, aprox. 250 g\/m\u00b2.<br \/>\n<b>semillas<\/b> Mezcla de flores silvestres ecol\u00f3gicas<\/p>\n<p><strong>Tarjeta de mesa con semillas para boda - \"Histoire de Coquelicot\" (Historia de Amapola)<\/strong><\/p>","protected":false},"featured_media":39591,"comment_status":"open","ping_status":"closed","template":"","meta":[],"product_brand":[],"product_cat":[187],"product_tag":[],"class_list":{"0":"post-31447","1":"product","2":"type-product","3":"status-publish","4":"has-post-thumbnail","6":"product_cat-marque-place-ensemence-mariage","8":"first","9":"instock","10":"shipping-taxable","11":"purchasable","12":"product-type-variable"},"_links":{"self":[{"href":"https:\/\/www.parsemains.com\/es\/wp-json\/wp\/v2\/product\/31447","targetHints":{"allow":["GET"]}}],"collection":[{"href":"https:\/\/www.parsemains.com\/es\/wp-json\/wp\/v2\/product"}],"about":[{"href":"https:\/\/www.parsemains.com\/es\/wp-json\/wp\/v2\/types\/product"}],"replies":[{"embeddable":true,"href":"https:\/\/www.parsemains.com\/es\/wp-json\/wp\/v2\/comments?post=31447"}],"wp:featuredmedia":[{"embeddable":true,"href":"https:\/\/www.parsemains.com\/es\/wp-json\/wp\/v2\/media\/39591"}],"wp:attachment":[{"href":"https:\/\/www.parsemains.com\/es\/wp-json\/wp\/v2\/media?parent=31447"}],"wp:term":[{"taxonomy":"product_brand","embeddable":true,"href":"https:\/\/www.parsemains.com\/es\/wp-json\/wp\/v2\/product_brand?post=31447"},{"taxonomy":"product_cat","embeddable":true,"href":"https:\/\/www.parsemains.com\/es\/wp-json\/wp\/v2\/product_cat?post=31447"},{"taxonomy":"product_tag","embeddable":true,"href":"https:\/\/www.parsemains.com\/es\/wp-json\/wp\/v2\/product_tag?post=31447"}],"curies":[{"name":"wp","href":"https:\/\/api.w.org\/{rel}","templated":true}]}}