{"id":31343,"date":"2023-09-22T17:47:01","date_gmt":"2023-09-22T15:47:01","guid":{"rendered":"https:\/\/www.parsemains.com\/?post_type=product&#038;p=31343"},"modified":"2023-11-17T22:19:27","modified_gmt":"2023-11-17T21:19:27","slug":"marque-place-ensemence-mariage-nature","status":"publish","type":"product","link":"https:\/\/www.parsemains.com\/es\/producto\/marque-place-ensemence-mariage-douceur-nature\/","title":{"rendered":"Tarjeta de mesa con semillas - Douceur nature"},"content":{"rendered":"<p><strong>Tarjeta de mesa con semillas - Douceur nature<\/strong><\/p>\n<p><strong>Caracter\u00edsticas \u00fanicas<\/strong>:<\/p>\n<p><strong>Papel con semillas de alta calidad<\/strong>Fabricadas en papel ecol\u00f3gico, nuestras tarjetas de mesa \"Douceur Nature\" llevan incrustaciones de semillas de flores silvestres.<\/p>\n<p>Despu\u00e9s de usarlo, basta con plantarlo en el suelo, regarlo regularmente y en pocas semanas se convertir\u00e1 en un deslumbrante jardincito de flores.<\/p>\n<p><strong>Dise\u00f1o elegante<\/strong>El dise\u00f1o de nuestras tarjetas de mesa encarna la elegante sencillez y la dulzura de la naturaleza. Adornadas con sutiles motivos florales y una delicada caligraf\u00eda, aportan un toque de autenticidad a su mesa de boda.<\/p>\n<p><strong>Personalizable<\/strong>Cada tarjeta puede personalizarse con los nombres de sus invitados, a\u00f1adiendo un toque personal a su d\u00eda especial. Tambi\u00e9n puedes elegir entre una gran variedad de colores para que combinen con la paleta de tu boda.<\/p>\n<p><strong>Ecol\u00f3gico<\/strong>Si opta por nuestras tarjetas de papel con semillas, reducir\u00e1 su huella ecol\u00f3gica y ofrecer\u00e1 a sus invitados un regalo \u00fanico y significativo.<\/p>\n<p><strong>Un recuerdo inolvidable<\/strong>Tus invitados guardar\u00e1n estas tarjetas de mesa como recuerdos de tu boda. Cada vez que vean crecer sus flores silvestres, recordar\u00e1n con cari\u00f1o ese d\u00eda tan especial.<\/p>\n<p>Las tarjetas de mesa \"Douceur Nature\" son algo m\u00e1s que un accesorio de mesa, son s\u00edmbolos de tu amor por el planeta y de los preciosos momentos que compartes con tus seres queridos.<\/p>\n<p><strong>A\u00f1ada un toque de naturaleza a su boda y deje una huella positiva en la Tierra con estas excepcionales tarjetas de mesa.<\/strong><\/p>\n<p><strong>Tarjeta de mesa con semillas - Douceur nature<\/strong><\/p>","protected":false},"excerpt":{"rendered":"<p><strong>Tarjeta de mesa con semillas - Douceur nature<\/strong><\/p>\n<p>Sumerja a sus invitados en la elegancia natural de su boda con nuestras tarjetas de mesa \"Douceur Nature\".<\/p>\n<p>Elaboradas con esmero a partir de papel con semillas de alta calidad, estas tarjetas individuales no s\u00f3lo a\u00f1aden un toque de encanto r\u00fastico a la decoraci\u00f3n de su mesa, sino que tambi\u00e9n ofrecen una experiencia memorable y respetuosa con el medio ambiente.<\/p>\n<p>Cada marcador individual est\u00e1 cuidadosamente dise\u00f1ado, con una est\u00e9tica delicada y refinada que evoca la belleza de la naturaleza.<\/p>\n<p>El papel con semillas utilizado es una maravilla de la sostenibilidad, ya que puede plantarse despu\u00e9s del evento para dar lugar a hermosas flores silvestres. Una forma simb\u00f3lica y duradera de celebrar vuestro amor.<\/p>\n<p><strong>Tarjeta de mesa con semillas - Douceur nature<\/strong><\/p>\n<p><img decoding=\"async\" class=\"alignnone size-medium wp-image-13406\" src=\"https:\/\/www.parsemains.com\/wp-content\/uploads\/2023\/04\/footer-payment-method-7-300x27.png\" alt=\"pie-m\u00e9todo-de-pago.png\" width=\"300\" height=\"27\" srcset=\"https:\/\/www.parsemains.com\/wp-content\/uploads\/2023\/04\/footer-payment-method-7-300x27.png 300w, https:\/\/www.parsemains.com\/wp-content\/uploads\/2023\/04\/footer-payment-method-7.png 358w\" sizes=\"(max-width: 300px) 100vw, 300px\" \/><\/p>","protected":false},"featured_media":31446,"comment_status":"open","ping_status":"closed","template":"","meta":[],"product_brand":[],"product_cat":[187],"product_tag":[],"class_list":{"0":"post-31343","1":"product","2":"type-product","3":"status-publish","4":"has-post-thumbnail","6":"product_cat-marque-place-ensemence-mariage","8":"first","9":"instock","10":"shipping-taxable","11":"purchasable","12":"product-type-variable"},"_links":{"self":[{"href":"https:\/\/www.parsemains.com\/es\/wp-json\/wp\/v2\/product\/31343","targetHints":{"allow":["GET"]}}],"collection":[{"href":"https:\/\/www.parsemains.com\/es\/wp-json\/wp\/v2\/product"}],"about":[{"href":"https:\/\/www.parsemains.com\/es\/wp-json\/wp\/v2\/types\/product"}],"replies":[{"embeddable":true,"href":"https:\/\/www.parsemains.com\/es\/wp-json\/wp\/v2\/comments?post=31343"}],"wp:featuredmedia":[{"embeddable":true,"href":"https:\/\/www.parsemains.com\/es\/wp-json\/wp\/v2\/media\/31446"}],"wp:attachment":[{"href":"https:\/\/www.parsemains.com\/es\/wp-json\/wp\/v2\/media?parent=31343"}],"wp:term":[{"taxonomy":"product_brand","embeddable":true,"href":"https:\/\/www.parsemains.com\/es\/wp-json\/wp\/v2\/product_brand?post=31343"},{"taxonomy":"product_cat","embeddable":true,"href":"https:\/\/www.parsemains.com\/es\/wp-json\/wp\/v2\/product_cat?post=31343"},{"taxonomy":"product_tag","embeddable":true,"href":"https:\/\/www.parsemains.com\/es\/wp-json\/wp\/v2\/product_tag?post=31343"}],"curies":[{"name":"wp","href":"https:\/\/api.w.org\/{rel}","templated":true}]}}