{"id":31239,"date":"2023-09-22T14:18:26","date_gmt":"2023-09-22T12:18:26","guid":{"rendered":"https:\/\/www.parsemains.com\/?post_type=product&#038;p=31239"},"modified":"2023-11-17T22:27:02","modified_gmt":"2023-11-17T21:27:02","slug":"marque-place-mariage-a-planter-hiver","status":"publish","type":"product","link":"https:\/\/www.parsemains.com\/es\/producto\/marca-semillas-de-boda-de-invierno\/","title":{"rendered":"Tarjeta de boda para plantar - Invierno"},"content":{"rendered":"<p><strong>Tarjeta de boda para plantar - Invierno<\/strong><\/p>\n<p><strong>Caracter\u00edsticas excepcionales :<\/strong><\/p>\n<p><strong>Papel sembrado de calidad superior<\/strong> Nuestras tarjetas de mesa est\u00e1n fabricadas en papel con semillas de alta calidad.<\/p>\n<p>Una vez que hayan cumplido su funci\u00f3n como marcadores de lugar, tus invitados podr\u00e1n plantar estos peque\u00f1os tesoros en su jard\u00edn, y crecer\u00e1n hasta convertirse en magn\u00edficas flores silvestres. Un aut\u00e9ntico recuerdo vivo de tu boda.<\/p>\n<p><strong>Elegante tema invernal<\/strong> Las tarjetas de mesa \"Invierno\" presentan un refinado dise\u00f1o inspirado en la estaci\u00f3n fr\u00eda.<\/p>\n<p>Delicados copos de nieve, \u00e1rboles nevados y una paleta de colores suaves crean una atm\u00f3sfera m\u00e1gica que evoca el amor y la calidez de su uni\u00f3n.<\/p>\n<p><strong>Personalizable<\/strong> Cada una de nuestras tarjetas puede personalizarse con los nombres de los invitados y la fecha de la boda. Esto a\u00f1ade un toque de sentimentalismo a cada detalle de su recepci\u00f3n.<\/p>\n<p><strong>Ecol\u00f3gico y sostenible<\/strong> Nuestro compromiso con la sostenibilidad es primordial. Al elegir nuestras tarjetas de papel con semillas, contribuyes a reducir tu huella ecol\u00f3gica y fomentas el crecimiento de la biodiversidad local.<\/p>\n<p><strong>Favoritos memorables<\/strong> Adem\u00e1s de servir como tarjetas de mesa, nuestros productos tambi\u00e9n pueden entregarse como peque\u00f1os regalos a tus invitados. Cada vez que vean florecer su jard\u00edn con recuerdos de tu boda, se acordar\u00e1n de ese d\u00eda tan especial.<\/p>\n<p>C\u00f3mo utilizar nuestros marcadores de semillas \"Invierno\" :<\/p>\n<p><strong>Personal\u00edcelos<\/strong> Antes de la boda, personaliza cada tarjeta con los nombres de los invitados y la fecha del evento.<\/p>\n<p><strong>Col\u00f3quelos con cuidado<\/strong> Coloque estas encantadoras tarjetas en cada mesa de la recepci\u00f3n para indicar d\u00f3nde debe sentarse cada invitado.<\/p>\n<p><strong>Ofrezca un recuerdo ecol\u00f3gico<\/strong> Anima a tus invitados a que se lleven sus tarjetas y las planten en sus jardines. Ver\u00e1s c\u00f3mo crecen y florecen, igual que vuestro amor.<\/p>\n<p><strong>Capturar recuerdos<\/strong> No olvide fotografiar estas peque\u00f1as obras maestras de la naturaleza en el entorno de su boda para inmortalizar este d\u00eda \u00fanico.<\/p>\n<p>Las tarjetas de mesa para bodas \"de invierno\" hechas de papel con semillas son mucho m\u00e1s que simples tarjetas de mesa. Son un s\u00edmbolo de amor, sostenibilidad y crecimiento, igual que tu boda.<\/p>\n<p>Haga que su d\u00eda especial sea inolvidable con estos maravillosos accesorios que dejan un impacto duradero.<\/p>\n<p><strong>Pida la suya hoy mismo y convierta su boda en una experiencia m\u00e1gica y ecol\u00f3gica.<\/strong><\/p>\n<p><strong>Tarjeta de boda para plantar - Invierno<\/strong><\/p>","protected":false},"excerpt":{"rendered":"<p><strong>Tarjeta de boda para plantar - Invierno<\/strong><\/p>\n<p>\u00bfBusca una forma elegante y ecol\u00f3gica de dar un toque especial a su boda de invierno? No busque m\u00e1s.<\/p>\n<p>Nuestras tarjetas de mesa de boda de papel con semillas \"Invierno\" son la opci\u00f3n perfecta para complementar su d\u00eda especial y, al mismo tiempo, ayudar a preservar nuestro hermoso planeta.<\/p>\n<p><strong>Tarjeta de boda para plantar - Invierno<\/strong><\/p>\n<p><img decoding=\"async\" class=\"alignnone size-medium wp-image-13406\" src=\"https:\/\/www.parsemains.com\/wp-content\/uploads\/2023\/04\/footer-payment-method-7-300x27.png\" alt=\"pie-m\u00e9todo-de-pago.png\" width=\"300\" height=\"27\" srcset=\"https:\/\/www.parsemains.com\/wp-content\/uploads\/2023\/04\/footer-payment-method-7-300x27.png 300w, https:\/\/www.parsemains.com\/wp-content\/uploads\/2023\/04\/footer-payment-method-7.png 358w\" sizes=\"(max-width: 300px) 100vw, 300px\" \/><\/p>","protected":false},"featured_media":31342,"comment_status":"open","ping_status":"closed","template":"","meta":[],"product_brand":[],"product_cat":[187],"product_tag":[],"class_list":{"0":"post-31239","1":"product","2":"type-product","3":"status-publish","4":"has-post-thumbnail","6":"product_cat-marque-place-ensemence-mariage","8":"first","9":"instock","10":"shipping-taxable","11":"purchasable","12":"product-type-variable"},"_links":{"self":[{"href":"https:\/\/www.parsemains.com\/es\/wp-json\/wp\/v2\/product\/31239","targetHints":{"allow":["GET"]}}],"collection":[{"href":"https:\/\/www.parsemains.com\/es\/wp-json\/wp\/v2\/product"}],"about":[{"href":"https:\/\/www.parsemains.com\/es\/wp-json\/wp\/v2\/types\/product"}],"replies":[{"embeddable":true,"href":"https:\/\/www.parsemains.com\/es\/wp-json\/wp\/v2\/comments?post=31239"}],"wp:featuredmedia":[{"embeddable":true,"href":"https:\/\/www.parsemains.com\/es\/wp-json\/wp\/v2\/media\/31342"}],"wp:attachment":[{"href":"https:\/\/www.parsemains.com\/es\/wp-json\/wp\/v2\/media?parent=31239"}],"wp:term":[{"taxonomy":"product_brand","embeddable":true,"href":"https:\/\/www.parsemains.com\/es\/wp-json\/wp\/v2\/product_brand?post=31239"},{"taxonomy":"product_cat","embeddable":true,"href":"https:\/\/www.parsemains.com\/es\/wp-json\/wp\/v2\/product_cat?post=31239"},{"taxonomy":"product_tag","embeddable":true,"href":"https:\/\/www.parsemains.com\/es\/wp-json\/wp\/v2\/product_tag?post=31239"}],"curies":[{"name":"wp","href":"https:\/\/api.w.org\/{rel}","templated":true}]}}