{"id":31134,"date":"2023-09-22T14:12:36","date_gmt":"2023-09-22T12:12:36","guid":{"rendered":"https:\/\/www.parsemains.com\/?post_type=product&#038;p=31134"},"modified":"2023-11-17T22:30:44","modified_gmt":"2023-11-17T21:30:44","slug":"marque-place-de-mariage-ensemence","status":"publish","type":"product","link":"https:\/\/www.parsemains.com\/es\/producto\/marca-semillas-de-boda-de-otono\/","title":{"rendered":"Tarjeta de mesa para boda - Oto\u00f1o"},"content":{"rendered":"<p><strong>Tarjeta de mesa para boda - Oto\u00f1o<\/strong><\/p>\n<p><strong>Caracter\u00edsticas principales :<\/strong><\/p>\n<p><strong>Papel sembrado de calidad superior<\/strong>\u00a0Fabricado con papel de alta calidad, cada mantel individual \"Oto\u00f1o\" lleva incrustadas semillas de flores silvestres. Una vez plantado, el papel se transforma en un magn\u00edfico oasis floral, evocador de los momentos especiales de tu boda.<\/p>\n<p><strong>Dise\u00f1o elegante y de temporada<\/strong>\u00a0Nuestro dise\u00f1o oto\u00f1al presenta delicados dibujos de hojas de arce, bellotas y ramas, que capturan la magia de esta rom\u00e1ntica estaci\u00f3n. Los colores c\u00e1lidos y vivos evocan la belleza de las hojas a medida que cambian de color.<\/p>\n<p><strong>Personalizable<\/strong> Cada tarjeta de mesa puede personalizarse con los nombres de los invitados y la fecha de la boda, a\u00f1adiendo un toque personal y memorable a la decoraci\u00f3n de la mesa.<\/p>\n<p><strong>Ecol\u00f3gico y sostenible<\/strong> Al elegir nuestras tarjetas de papel con semillas, estar\u00e1s ayudando a preservar el planeta. Despu\u00e9s de la boda, tus invitados podr\u00e1n plantar sus tarjetas y ver florecer hermosas flores silvestres, creando preciosos recuerdos de tu d\u00eda especial.<\/p>\n<p><strong>Embalaje cuidadoso<\/strong>\u00a0Cada juego de tarjetas de mesa \"Oto\u00f1o\" viene perfectamente empaquetado y listo para colocar en sus mesas de boda.<\/p>\n<p>A\u00f1ada un toque ecol\u00f3gico, po\u00e9tico y memorable a su boda con nuestras tarjetas de mesa \"Oto\u00f1o\" hechas de papel con semillas. Es la elecci\u00f3n perfecta para las parejas que quieren celebrar su amor cuidando de nuestro hermoso planeta.<\/p>\n<p><strong> Haz tu pedido hoy y deja que la magia del oto\u00f1o florezca en tu boda.<\/strong><\/p>\n<p><strong>Tarjeta de mesa para boda - Oto\u00f1o<\/strong><\/p>","protected":false},"excerpt":{"rendered":"<p><strong>Tarjeta de mesa para boda - Oto\u00f1o<\/strong><\/p>\n<p>A\u00f1ade un toque de elegancia natural y ecol\u00f3gica a tu boda con nuestras tarjetas de mesa de papel con semillas \"Oto\u00f1o\". Dise\u00f1adas pensando en el amor y el cuidado del planeta, estas tarjetas representan la belleza de la estaci\u00f3n oto\u00f1al y simbolizan el crecimiento y la prosperidad de tu amor.<\/p>\n<p><strong>Tarjeta de mesa para boda - Oto\u00f1o<\/strong><\/p>\n<p><img decoding=\"async\" class=\"alignnone size-medium wp-image-13406\" src=\"https:\/\/www.parsemains.com\/wp-content\/uploads\/2023\/04\/footer-payment-method-7-300x27.png\" alt=\"pie-m\u00e9todo-de-pago.png\" width=\"300\" height=\"27\" srcset=\"https:\/\/www.parsemains.com\/wp-content\/uploads\/2023\/04\/footer-payment-method-7-300x27.png 300w, https:\/\/www.parsemains.com\/wp-content\/uploads\/2023\/04\/footer-payment-method-7.png 358w\" sizes=\"(max-width: 300px) 100vw, 300px\" \/><\/p>","protected":false},"featured_media":31237,"comment_status":"open","ping_status":"closed","template":"","meta":[],"product_brand":[],"product_cat":[187],"product_tag":[],"class_list":{"0":"post-31134","1":"product","2":"type-product","3":"status-publish","4":"has-post-thumbnail","6":"product_cat-marque-place-ensemence-mariage","8":"first","9":"instock","10":"shipping-taxable","11":"purchasable","12":"product-type-variable"},"_links":{"self":[{"href":"https:\/\/www.parsemains.com\/es\/wp-json\/wp\/v2\/product\/31134","targetHints":{"allow":["GET"]}}],"collection":[{"href":"https:\/\/www.parsemains.com\/es\/wp-json\/wp\/v2\/product"}],"about":[{"href":"https:\/\/www.parsemains.com\/es\/wp-json\/wp\/v2\/types\/product"}],"replies":[{"embeddable":true,"href":"https:\/\/www.parsemains.com\/es\/wp-json\/wp\/v2\/comments?post=31134"}],"wp:featuredmedia":[{"embeddable":true,"href":"https:\/\/www.parsemains.com\/es\/wp-json\/wp\/v2\/media\/31237"}],"wp:attachment":[{"href":"https:\/\/www.parsemains.com\/es\/wp-json\/wp\/v2\/media?parent=31134"}],"wp:term":[{"taxonomy":"product_brand","embeddable":true,"href":"https:\/\/www.parsemains.com\/es\/wp-json\/wp\/v2\/product_brand?post=31134"},{"taxonomy":"product_cat","embeddable":true,"href":"https:\/\/www.parsemains.com\/es\/wp-json\/wp\/v2\/product_cat?post=31134"},{"taxonomy":"product_tag","embeddable":true,"href":"https:\/\/www.parsemains.com\/es\/wp-json\/wp\/v2\/product_tag?post=31134"}],"curies":[{"name":"wp","href":"https:\/\/api.w.org\/{rel}","templated":true}]}}