{"id":31030,"date":"2023-09-22T14:05:19","date_gmt":"2023-09-22T12:05:19","guid":{"rendered":"https:\/\/www.parsemains.com\/?post_type=product&#038;p=31030"},"modified":"2026-02-05T13:32:08","modified_gmt":"2026-02-05T12:32:08","slug":"marque-place-a-planter-mariage-ete","status":"publish","type":"product","link":"https:\/\/www.parsemains.com\/es\/producto\/marca-semillas-de-boda-de-verano\/","title":{"rendered":"Tarjetas de mesa para boda - Verano"},"content":{"rendered":"<p><strong>Tarjetas de mesa para boda - Verano<\/strong><\/p>\n<p><strong>Caracter\u00edsticas<\/strong>\u00a0:<\/p>\n<p><strong>Ecol\u00f3gico y sostenible<\/strong> Nuestras tarjetas de mesa \"Verano\" est\u00e1n hechas de papel con semillas de alta calidad. Despu\u00e9s de usarlas, simplemente pl\u00e1ntalas en el suelo y se convertir\u00e1n en preciosas flores silvestres.<\/p>\n<p>Una forma simb\u00f3lica y respetuosa de celebrar su amor al tiempo que ayuda a preservar la naturaleza.<\/p>\n<p><strong>Elegante dise\u00f1o veraniego<\/strong> Las tarjetas de mesa \"Verano\" presentan un elegante dise\u00f1o estival con motivos florales y colores suaves que evocan la calidez de la estaci\u00f3n.<\/p>\n<p>Aportan un toque fresco y alegre a tu mesa de boda.<\/p>\n<p><strong>Personalizable<\/strong> Cada tarjeta puede personalizarse con los nombres de los invitados y la fecha de la boda, lo que a\u00f1ade un toque personal a la decoraci\u00f3n de la mesa.<\/p>\n<p><strong>Pr\u00e1ctico y vers\u00e1til<\/strong> Las tarjetas de mesa \"de verano\" no s\u00f3lo guiar\u00e1n a tus invitados hasta sus asientos, sino que tambi\u00e9n pueden ser encantadores recuerdos que tus seres queridos podr\u00e1n llevarse a casa y plantar para que crezcan hermosas flores.<\/p>\n<p><strong>Envases ecol\u00f3gicos<\/strong> Nos comprometemos a reducir nuestro impacto en el medio ambiente. Nuestras tarjetas de mesa \"Summer\" se entregan en envases ecol\u00f3gicos y sin pl\u00e1stico para ayudar a preservar nuestro hermoso planeta.<\/p>\n<p><strong>Ideal para<\/strong> :<\/p>\n<p>- Bodas al aire libre<br \/>\n- Bodas de verano<br \/>\n- Parejas que se preocupan por el medio ambiente<br \/>\n- Los que buscan recuerdos de boda \u00fanicos y significativos<\/p>\n<p>Cree momentos inolvidables en plena naturaleza en su boda con nuestras tarjetas de mesa \"Verano\" hechas de papel con semillas.<\/p>\n<p>Convierta su d\u00eda especial en una celebraci\u00f3n del amor y de la belleza de la naturaleza, al tiempo que ofrece a sus invitados un regalo duradero que apreciar\u00e1n mucho despu\u00e9s del d\u00eda de su boda.<\/p>\n<p><strong>Pida el suyo hoy mismo y empiece a sembrar las semillas del amor y la vida.<\/strong><\/p>\n<p><strong>Tarjetas de mesa para boda - Verano<\/strong><\/p>","protected":false},"excerpt":{"rendered":"<p><strong>Tarjetas de mesa para boda - Verano<\/strong><\/p>\n<p>Evoca la dulzura y la belleza del verano con nuestras tarjetas de mesa para boda \"Summer\" hechas de papel con semillas.<\/p>\n<p>Estos delicados accesorios de boda a\u00f1aden un toque ecol\u00f3gico y elegante a su gran d\u00eda, al tiempo que permiten a sus invitados ayudar a crear recuerdos duraderos.<\/p>\n<p><b>dimensiones : <\/b>4 x 4 cm<br \/>\n<b>papel<\/b>\u00a0Parsemains ecorreciclados hechos a mano, aprox. 250 g\/m\u00b2.<br \/>\n<b>semillas<\/b> Una mezcla de flores silvestres ecol\u00f3gicas o hierbas arom\u00e1ticas ecol\u00f3gicas (a elegir)<\/p>\n<p><strong>Tarjetas de mesa para boda - Verano<\/strong><\/p>","protected":false},"featured_media":46791,"comment_status":"open","ping_status":"closed","template":"","meta":[],"product_brand":[],"product_cat":[187],"product_tag":[],"class_list":{"0":"post-31030","1":"product","2":"type-product","3":"status-publish","4":"has-post-thumbnail","6":"product_cat-marque-place-ensemence-mariage","8":"first","9":"instock","10":"shipping-taxable","11":"purchasable","12":"product-type-variable"},"_links":{"self":[{"href":"https:\/\/www.parsemains.com\/es\/wp-json\/wp\/v2\/product\/31030","targetHints":{"allow":["GET"]}}],"collection":[{"href":"https:\/\/www.parsemains.com\/es\/wp-json\/wp\/v2\/product"}],"about":[{"href":"https:\/\/www.parsemains.com\/es\/wp-json\/wp\/v2\/types\/product"}],"replies":[{"embeddable":true,"href":"https:\/\/www.parsemains.com\/es\/wp-json\/wp\/v2\/comments?post=31030"}],"wp:featuredmedia":[{"embeddable":true,"href":"https:\/\/www.parsemains.com\/es\/wp-json\/wp\/v2\/media\/46791"}],"wp:attachment":[{"href":"https:\/\/www.parsemains.com\/es\/wp-json\/wp\/v2\/media?parent=31030"}],"wp:term":[{"taxonomy":"product_brand","embeddable":true,"href":"https:\/\/www.parsemains.com\/es\/wp-json\/wp\/v2\/product_brand?post=31030"},{"taxonomy":"product_cat","embeddable":true,"href":"https:\/\/www.parsemains.com\/es\/wp-json\/wp\/v2\/product_cat?post=31030"},{"taxonomy":"product_tag","embeddable":true,"href":"https:\/\/www.parsemains.com\/es\/wp-json\/wp\/v2\/product_tag?post=31030"}],"curies":[{"name":"wp","href":"https:\/\/api.w.org\/{rel}","templated":true}]}}