{"id":30926,"date":"2023-09-22T13:57:12","date_gmt":"2023-09-22T11:57:12","guid":{"rendered":"https:\/\/www.parsemains.com\/?post_type=product&#038;p=30926"},"modified":"2024-02-27T12:48:43","modified_gmt":"2024-02-27T11:48:43","slug":"marque-place-mariage-ensemence","status":"publish","type":"product","link":"https:\/\/www.parsemains.com\/es\/producto\/tarjeta-primavera-semilla\/","title":{"rendered":"Tarjeta de mesa para boda - Primavera"},"content":{"rendered":"<p><strong>Tarjeta de mesa para boda - Primavera<\/strong><\/p>\n<p><strong>Caracter\u00edsticas principales<\/strong> :<\/p>\n<p><strong>Papel con semillas de alta calidad<\/strong> Cada tarjeta de mesa est\u00e1 hecha de papel con semillas de alta calidad. Cuando termine tu boda, podr\u00e1s plantarlas para que crezcan hermosas flores silvestres org\u00e1nicas. Una forma sostenible de celebrar vuestro amor.<\/p>\n<p><strong>Delicado dise\u00f1o \"Primavera<\/strong> Nuestras tarjetas de mesa presentan un delicado dise\u00f1o inspirado en la primavera. Elegantes motivos florales y colores suaves evocan el renacer de la naturaleza, creando una atm\u00f3sfera c\u00e1lida y rom\u00e1ntica.<\/p>\n<p><strong>Personalizable<\/strong> Cada tarjeta de mesa puede personalizarse con los nombres de tus invitados y el color de texto que elijas, a\u00f1adiendo un toque personal a tu mesa de boda. Solo tienes que decirnos qu\u00e9 quieres al hacer el pedido y cargar tu lista de invitados.<\/p>\n<p><strong>Promueve la biodiversidad<\/strong> Al plantar estas tarjetas de mesa, estar\u00e1s ayudando a preservar la biodiversidad local al proporcionar una fuente de n\u00e9ctar y polen para abejas, mariposas y otros polinizadores. Es una forma bonita y simb\u00f3lica de empezar vuestro viaje juntos como matrimonio.<\/p>\n<p>Las tarjetas de mesa para boda \"Primavera\" hechas de papel con semillas son mucho m\u00e1s que un simple accesorio de mesa. Son un s\u00edmbolo de tu compromiso con el amor, la naturaleza y un futuro sostenible.<\/p>\n<p>Ofrezca a sus invitados un recuerdo memorable y una importante contribuci\u00f3n al medio ambiente con estas tarjetas de mesa \u00fanicas y ecol\u00f3gicas.<\/p>\n<p><strong>Haga su pedido hoy mismo y a\u00f1ada un toque de frescura primaveral a su inolvidable boda.<br \/>\n<\/strong><\/p>\n<p><strong>Tarjeta de mesa para boda - Primavera<\/strong><\/p>","protected":false},"excerpt":{"rendered":"<p><strong>Tarjeta de mesa para boda - Primavera<\/strong><\/p>\n<p>Las tarjetas de mesa para boda de papel con semillas \"Primavera\" son el complemento perfecto para su d\u00eda especial. Dise\u00f1adas con amor y cuidado por el medio ambiente, estas tarjetas son elegantes y ecol\u00f3gicas.<\/p>\n<p>A\u00f1aden un toque de frescura y renovaci\u00f3n a la decoraci\u00f3n de su boda, al tiempo que permiten que florezcan magn\u00edficas flores silvestres org\u00e1nicas.<\/p>\n<p><b>dimensiones : <\/b>8,5 x 5,5 cm<br \/>\n<b>papel<\/b>\u00a0Parsemains ecorreciclados hechos a mano, aprox. 250 g\/m\u00b2.<br \/>\n<b>semillas<\/b> Mezcla de flores silvestres ecol\u00f3gicas o hierbas arom\u00e1ticas ecol\u00f3gicas (a elegir)<\/p>\n<p><strong>Tarjeta de mesa para boda - Primavera<\/strong><\/p>\n<p><img decoding=\"async\" class=\"alignnone size-medium wp-image-13406\" src=\"https:\/\/www.parsemains.com\/wp-content\/uploads\/2023\/04\/footer-payment-method-7-300x27.png\" alt=\"pie-m\u00e9todo-de-pago.png\" width=\"300\" height=\"27\" srcset=\"https:\/\/www.parsemains.com\/wp-content\/uploads\/2023\/04\/footer-payment-method-7-300x27.png 300w, https:\/\/www.parsemains.com\/wp-content\/uploads\/2023\/04\/footer-payment-method-7.png 358w\" sizes=\"(max-width: 300px) 100vw, 300px\" \/><\/p>\n<p>&nbsp;<\/p>","protected":false},"featured_media":41440,"comment_status":"open","ping_status":"closed","template":"","meta":[],"product_brand":[],"product_cat":[187],"product_tag":[],"class_list":{"0":"post-30926","1":"product","2":"type-product","3":"status-publish","4":"has-post-thumbnail","6":"product_cat-marque-place-ensemence-mariage","8":"first","9":"instock","10":"shipping-taxable","11":"purchasable","12":"product-type-variable"},"_links":{"self":[{"href":"https:\/\/www.parsemains.com\/es\/wp-json\/wp\/v2\/product\/30926","targetHints":{"allow":["GET"]}}],"collection":[{"href":"https:\/\/www.parsemains.com\/es\/wp-json\/wp\/v2\/product"}],"about":[{"href":"https:\/\/www.parsemains.com\/es\/wp-json\/wp\/v2\/types\/product"}],"replies":[{"embeddable":true,"href":"https:\/\/www.parsemains.com\/es\/wp-json\/wp\/v2\/comments?post=30926"}],"wp:featuredmedia":[{"embeddable":true,"href":"https:\/\/www.parsemains.com\/es\/wp-json\/wp\/v2\/media\/41440"}],"wp:attachment":[{"href":"https:\/\/www.parsemains.com\/es\/wp-json\/wp\/v2\/media?parent=30926"}],"wp:term":[{"taxonomy":"product_brand","embeddable":true,"href":"https:\/\/www.parsemains.com\/es\/wp-json\/wp\/v2\/product_brand?post=30926"},{"taxonomy":"product_cat","embeddable":true,"href":"https:\/\/www.parsemains.com\/es\/wp-json\/wp\/v2\/product_cat?post=30926"},{"taxonomy":"product_tag","embeddable":true,"href":"https:\/\/www.parsemains.com\/es\/wp-json\/wp\/v2\/product_tag?post=30926"}],"curies":[{"name":"wp","href":"https:\/\/api.w.org\/{rel}","templated":true}]}}