{"id":30821,"date":"2023-09-22T13:18:08","date_gmt":"2023-09-22T11:18:08","guid":{"rendered":"https:\/\/www.parsemains.com\/?post_type=product&#038;p=30821"},"modified":"2023-11-17T22:44:47","modified_gmt":"2023-11-17T21:44:47","slug":"marque-place-de-mariage-a-planter","status":"publish","type":"product","link":"https:\/\/www.parsemains.com\/es\/producto\/boda-moderna-marca-de-lugar\/","title":{"rendered":"Tarjeta de mesa para boda - Toque moderno"},"content":{"rendered":"<p><strong>Tarjeta de mesa para boda - Toque moderno<\/strong><\/p>\n<p><strong>Caracter\u00edsticas \u00fanicas<\/strong>\u00a0:<\/p>\n<p><strong>Elegancia moderna<\/strong> Las tarjetas de mesa \"Touche Moderne\" est\u00e1n dise\u00f1adas con una est\u00e9tica minimalista y contempor\u00e1nea que combina a la perfecci\u00f3n con cualquier tema de boda. Su elegante dise\u00f1o a\u00f1ade un toque de sofisticaci\u00f3n a la decoraci\u00f3n de su mesa.<\/p>\n<p><strong>Papel con semillas<\/strong> Fabricadas con papel de semillas de alta calidad, nuestras tarjetas de mesa no s\u00f3lo son bonitas, sino tambi\u00e9n respetuosas con el medio ambiente. Despu\u00e9s de cumplir su funci\u00f3n como gu\u00eda para tus invitados, estas tarjetas de sitio se convierten en una experiencia de plantaci\u00f3n \u00fanica. Simplemente pl\u00e1ntalas en el suelo, ri\u00e9galas y observa c\u00f3mo crecen las hermosas flores silvestres, creando un bonito recuerdo floral de tu boda.<\/p>\n<p><strong>Personalizable<\/strong> Las tarjetas de mesa \"Touche Moderne\" est\u00e1n disponibles en varios colores para que combinen con la decoraci\u00f3n de su boda. Tambi\u00e9n puede personalizarlas con los nombres de sus invitados y la fecha de su boda para darles un toque personal que las har\u00e1 a\u00fan m\u00e1s especiales.<\/p>\n<p><strong>Respeto del medio ambiente<\/strong> Si elige nuestras tarjetas de papel con semillas, estar\u00e1 tomando una decisi\u00f3n consciente en favor del planeta. Ayudar\u00e1 a reducir los residuos y promover\u00e1 la biodiversidad fomentando el crecimiento de plantas silvestres.<\/p>\n<p><strong>Recuerdos duraderos<\/strong> Sus invitados recordar\u00e1n no s\u00f3lo la belleza de su boda, sino tambi\u00e9n el significado ecol\u00f3gico que hay detr\u00e1s de cada marcador de posici\u00f3n. \"Touche Moderne\" ofrece una forma \u00fanica de marcar el comienzo de una vida juntos, plantando semillas de amor y sostenibilidad.<\/p>\n<p><strong>F\u00e1cil de usar<\/strong> Nuestras tarjetas de mesa est\u00e1n precortadas y listas para usar. Simplemente escriba los nombres de sus invitados y col\u00f3quelas elegantemente en su mesa de recepci\u00f3n.<\/p>\n<p>Dale a tu boda un toque moderno y responsable con nuestras tarjetas individuales de papel con semillas \"Touche Moderne\". Cree recuerdos duraderos que florecer\u00e1n con el tiempo, igual que su amor. Pida las suyas hoy mismo para una celebraci\u00f3n que quedar\u00e1 grabada en los corazones y en la naturaleza.<\/p>\n<p><strong>Tarjeta de mesa para boda - Toque moderno<\/strong><\/p>","protected":false},"excerpt":{"rendered":"<p><strong>Tarjeta de mesa para boda - Toque moderno<\/strong><\/p>\n<p>Cree recuerdos inolvidables de su d\u00eda especial con nuestras tarjetas de mesa para boda de papel con semillas \"Touche Moderne\". Dise\u00f1adas para a\u00f1adir un toque de elegancia contempor\u00e1nea a su mesa de recepci\u00f3n, estas tarjetas individuales combinan la belleza est\u00e9tica con la sostenibilidad ecol\u00f3gica.<\/p>\n<p><strong>Tarjeta de mesa para boda - Toque moderno<\/strong><\/p>\n<p><img decoding=\"async\" class=\"alignnone size-medium wp-image-13406\" src=\"https:\/\/www.parsemains.com\/wp-content\/uploads\/2023\/04\/footer-payment-method-7-300x27.png\" alt=\"pie-m\u00e9todo-de-pago.png\" width=\"300\" height=\"27\" srcset=\"https:\/\/www.parsemains.com\/wp-content\/uploads\/2023\/04\/footer-payment-method-7-300x27.png 300w, https:\/\/www.parsemains.com\/wp-content\/uploads\/2023\/04\/footer-payment-method-7.png 358w\" sizes=\"(max-width: 300px) 100vw, 300px\" \/><\/p>\n<p>&nbsp;<\/p>","protected":false},"featured_media":30924,"comment_status":"open","ping_status":"closed","template":"","meta":[],"product_brand":[],"product_cat":[187],"product_tag":[],"class_list":{"0":"post-30821","1":"product","2":"type-product","3":"status-publish","4":"has-post-thumbnail","6":"product_cat-marque-place-ensemence-mariage","8":"first","9":"instock","10":"shipping-taxable","11":"purchasable","12":"product-type-variable"},"_links":{"self":[{"href":"https:\/\/www.parsemains.com\/es\/wp-json\/wp\/v2\/product\/30821","targetHints":{"allow":["GET"]}}],"collection":[{"href":"https:\/\/www.parsemains.com\/es\/wp-json\/wp\/v2\/product"}],"about":[{"href":"https:\/\/www.parsemains.com\/es\/wp-json\/wp\/v2\/types\/product"}],"replies":[{"embeddable":true,"href":"https:\/\/www.parsemains.com\/es\/wp-json\/wp\/v2\/comments?post=30821"}],"wp:featuredmedia":[{"embeddable":true,"href":"https:\/\/www.parsemains.com\/es\/wp-json\/wp\/v2\/media\/30924"}],"wp:attachment":[{"href":"https:\/\/www.parsemains.com\/es\/wp-json\/wp\/v2\/media?parent=30821"}],"wp:term":[{"taxonomy":"product_brand","embeddable":true,"href":"https:\/\/www.parsemains.com\/es\/wp-json\/wp\/v2\/product_brand?post=30821"},{"taxonomy":"product_cat","embeddable":true,"href":"https:\/\/www.parsemains.com\/es\/wp-json\/wp\/v2\/product_cat?post=30821"},{"taxonomy":"product_tag","embeddable":true,"href":"https:\/\/www.parsemains.com\/es\/wp-json\/wp\/v2\/product_tag?post=30821"}],"curies":[{"name":"wp","href":"https:\/\/api.w.org\/{rel}","templated":true}]}}