{"id":30717,"date":"2023-09-22T12:51:34","date_gmt":"2023-09-22T10:51:34","guid":{"rendered":"https:\/\/www.parsemains.com\/?post_type=product&#038;p=30717"},"modified":"2026-02-05T13:51:30","modified_gmt":"2026-02-05T12:51:30","slug":"marque-place-ensemence-de-mariage","status":"publish","type":"product","link":"https:\/\/www.parsemains.com\/es\/producto\/wedding-divine-idylle-place-brand\/","title":{"rendered":"Tarjeta de mesa para boda - Divine Idylle"},"content":{"rendered":"<p><strong>Tarjeta de mesa para boda - Divine Idylle<\/strong><\/p>\n<p><strong>Caracter\u00edsticas principales <\/strong>:<\/p>\n<p><strong>Papel de siembra de alta gama<\/strong>Nuestras tarjetas de mesa est\u00e1n hechas de papel con semillas de alta calidad, lo que significa que una vez que la fiesta haya terminado, tus invitados podr\u00e1n plantar sus tarjetas de mesa y ver crecer el amor en forma de hermosas flores silvestres.<\/p>\n<p><strong>Un dise\u00f1o elegante<\/strong> Divine Idylle\" es sin\u00f3nimo de elegancia y romanticismo. Las tarjetas de mesa presentan un delicado motivo de eucalipto y una paleta de colores suaves, que aportan una est\u00e9tica refinada a su mesa de boda.<\/p>\n<p><strong>Personalizable<\/strong> Personaliza cada tarjeta con los nombres de los invitados y la fecha de la boda. Esto las har\u00e1 a\u00fan m\u00e1s especiales y memorables para quienes las reciban.<\/p>\n<p><strong>Respetuoso con el medio ambiente<\/strong> Nuestro compromiso con la sostenibilidad se refleja en la elecci\u00f3n del papel con semillas. As\u00ed podr\u00e1s ayudar a preservar nuestro hermoso planeta mientras celebras tu amor.<\/p>\n<p><strong>Un regalo para recordar<\/strong> Las tarjetas de mesa \"Divine Idylle\" tambi\u00e9n pueden utilizarse como regalos de boda memorables para tus invitados. Se llevar\u00e1n un recuerdo imborrable de tu d\u00eda especial.<\/p>\n<p>Si est\u00e1s planeando una boda al aire libre, una boda en el campo o simplemente una ceremonia que celebra la belleza de la naturaleza, las tarjetas de mesa de papel con semillas Divine Idylle a\u00f1aden una dimensi\u00f3n rom\u00e1ntica y ecol\u00f3gica a la decoraci\u00f3n de tu mesa.<\/p>\n<p>Regale a sus invitados una experiencia inolvidable y deje que florezca su amor con las tarjetas de mesa \"Divine Idylle\".<\/p>\n<p>Pida el suyo hoy mismo para una boda encantadora y duradera.<\/p>\n<p><strong>Tarjeta de mesa para boda - Divine Idylle<\/strong><\/p>","protected":false},"excerpt":{"rendered":"<p><strong>Tarjeta de mesa para boda - Divine Idylle<\/strong><\/p>\n<p>Cree un toque de magia natural y rom\u00e1ntica en su boda con nuestras tarjetas de mesa de papel con semillas \"Idilio Divino\".<\/p>\n<p>Estas magn\u00edficas tarjetas de mesa son mucho m\u00e1s que simples adornos. Representan el amor y la plenitud, al igual que vuestra futura uni\u00f3n.<\/p>\n<p><strong>Tarjeta de mesa para boda - Divine Idylle<\/strong><\/p>\n<p><img decoding=\"async\" class=\"alignnone size-medium wp-image-13406\" src=\"https:\/\/www.parsemains.com\/wp-content\/uploads\/2023\/04\/footer-payment-method-7-300x27.png\" alt=\"pie-m\u00e9todo-de-pago.png\" width=\"300\" height=\"27\" srcset=\"https:\/\/www.parsemains.com\/wp-content\/uploads\/2023\/04\/footer-payment-method-7-300x27.png 300w, https:\/\/www.parsemains.com\/wp-content\/uploads\/2023\/04\/footer-payment-method-7.png 358w\" sizes=\"(max-width: 300px) 100vw, 300px\" \/><\/p>","protected":false},"featured_media":42817,"comment_status":"open","ping_status":"closed","template":"","meta":[],"product_brand":[],"product_cat":[187],"product_tag":[],"class_list":{"0":"post-30717","1":"product","2":"type-product","3":"status-publish","4":"has-post-thumbnail","6":"product_cat-marque-place-ensemence-mariage","8":"first","9":"instock","10":"shipping-taxable","11":"purchasable","12":"product-type-variable"},"_links":{"self":[{"href":"https:\/\/www.parsemains.com\/es\/wp-json\/wp\/v2\/product\/30717","targetHints":{"allow":["GET"]}}],"collection":[{"href":"https:\/\/www.parsemains.com\/es\/wp-json\/wp\/v2\/product"}],"about":[{"href":"https:\/\/www.parsemains.com\/es\/wp-json\/wp\/v2\/types\/product"}],"replies":[{"embeddable":true,"href":"https:\/\/www.parsemains.com\/es\/wp-json\/wp\/v2\/comments?post=30717"}],"wp:featuredmedia":[{"embeddable":true,"href":"https:\/\/www.parsemains.com\/es\/wp-json\/wp\/v2\/media\/42817"}],"wp:attachment":[{"href":"https:\/\/www.parsemains.com\/es\/wp-json\/wp\/v2\/media?parent=30717"}],"wp:term":[{"taxonomy":"product_brand","embeddable":true,"href":"https:\/\/www.parsemains.com\/es\/wp-json\/wp\/v2\/product_brand?post=30717"},{"taxonomy":"product_cat","embeddable":true,"href":"https:\/\/www.parsemains.com\/es\/wp-json\/wp\/v2\/product_cat?post=30717"},{"taxonomy":"product_tag","embeddable":true,"href":"https:\/\/www.parsemains.com\/es\/wp-json\/wp\/v2\/product_tag?post=30717"}],"curies":[{"name":"wp","href":"https:\/\/api.w.org\/{rel}","templated":true}]}}