{"id":30613,"date":"2023-09-22T12:39:24","date_gmt":"2023-09-22T10:39:24","guid":{"rendered":"https:\/\/www.parsemains.com\/?post_type=product&#038;p=30613"},"modified":"2023-11-17T23:01:44","modified_gmt":"2023-11-17T22:01:44","slug":"marque-place-mariage-ecologique-ensemence","status":"publish","type":"product","link":"https:\/\/www.parsemains.com\/es\/producto\/boda-flores-de-tendencia-marca-de-lugar\/","title":{"rendered":"Tarjeta de mesa ecol\u00f3gica - Fleurs de tendresse"},"content":{"rendered":"<p><strong>Tarjeta de mesa ecol\u00f3gica - Fleurs de tendresse<\/strong><\/p>\n<p><strong>Caracter\u00edsticas principales<\/strong> :<\/p>\n<p><strong>Papel con semillas<\/strong> : Fabricado con papel de semillas de alta calidad, cada marcap\u00e1ginas es una pieza de papeler\u00eda con futuro.<\/p>\n<p>Tras el acontecimiento, puede plantarse para dar lugar a magn\u00edficas flores silvestres, evocadoras del florecimiento de vuestro amor.<\/p>\n<p><strong>Dise\u00f1o exquisito<\/strong> Fleurs de Tendresse\" tiene un dise\u00f1o floral delicado y rom\u00e1ntico.<\/p>\n<p>Cada pieza est\u00e1 cortada con precisi\u00f3n para crear encantadores detalles florales, incrustados con semillas que prometen futuras floraciones.<\/p>\n<p><strong>Personalizable<\/strong> Personaliza estas tarjetas de mesa con los nombres de tus invitados y la fecha de tu boda para convertirlas en un recuerdo \u00fanico de este d\u00eda inolvidable.<\/p>\n<p><strong>Eco-responsable<\/strong> Las tarjetas de mesa de papel con semillas \"Fleurs de Tendresse\" son una opci\u00f3n ecol\u00f3gica para su boda.<\/p>\n<p>Reduzca su huella de carbono mientras crea recuerdos que durar\u00e1n toda la vida.<\/p>\n<p><strong>Elemento decorativo<\/strong> Estas tarjetas individuales tambi\u00e9n son una magn\u00edfica decoraci\u00f3n de mesa. Su elegancia natural combina a la perfecci\u00f3n con cualquier tema de boda, a\u00f1adiendo un toque rom\u00e1ntico a cada mesa.<\/p>\n<p><strong>Un detalle de boda inolvidable<\/strong><\/p>\n<p>Regale a sus invitados un recuerdo \u00fanico que conservar\u00e1n para siempre.<\/p>\n<p>Las tarjetas de mesa \"Fleurs de Tendresse\" son un detalle de boda que trasciende el tiempo y simboliza el continuo crecimiento de su amor.<\/p>\n<p>Elija la opci\u00f3n ecol\u00f3gica, elija la elegancia atemporal, elija \"Fleurs de Tendresse\".<\/p>\n<p><strong>Haz tu pedido ahora y prep\u00e1rate para ver florecer tu amor, igual que estas preciosas flores silvestres.<\/strong><\/p>\n<p><strong>Tarjeta de mesa ecol\u00f3gica - Fleurs de tendresse<\/strong><\/p>","protected":false},"excerpt":{"rendered":"<p><strong>Tarjeta de mesa ecol\u00f3gica - Fleurs de tendresse<\/strong><\/p>\n<p>Sorprenda a sus invitados con recuerdos imborrables de su d\u00eda especial.<\/p>\n<p>Las tarjetas individuales de boda de papel con semillas \"Fleurs de Tendresse\" encarnan la belleza ef\u00edmera del amor, capturando la promesa de su uni\u00f3n en una excepcional obra de artesan\u00eda.<\/p>\n<p>Estas delicadas tarjetas de mesa a\u00f1aden un toque de refinamiento y ecorresponsabilidad a su celebraci\u00f3n, creando una experiencia memorable para usted y sus invitados.<\/p>\n<p><strong>Tarjeta de mesa ecol\u00f3gica - Fleurs de tendresse<\/strong><\/p>\n<p><img decoding=\"async\" class=\"alignnone size-medium wp-image-13406\" src=\"https:\/\/www.parsemains.com\/wp-content\/uploads\/2023\/04\/footer-payment-method-7-300x27.png\" alt=\"pie-m\u00e9todo-de-pago.png\" width=\"300\" height=\"27\" srcset=\"https:\/\/www.parsemains.com\/wp-content\/uploads\/2023\/04\/footer-payment-method-7-300x27.png 300w, https:\/\/www.parsemains.com\/wp-content\/uploads\/2023\/04\/footer-payment-method-7.png 358w\" sizes=\"(max-width: 300px) 100vw, 300px\" \/><\/p>","protected":false},"featured_media":30716,"comment_status":"open","ping_status":"closed","template":"","meta":[],"product_brand":[],"product_cat":[187],"product_tag":[],"class_list":{"0":"post-30613","1":"product","2":"type-product","3":"status-publish","4":"has-post-thumbnail","6":"product_cat-marque-place-ensemence-mariage","8":"first","9":"instock","10":"shipping-taxable","11":"purchasable","12":"product-type-variable"},"_links":{"self":[{"href":"https:\/\/www.parsemains.com\/es\/wp-json\/wp\/v2\/product\/30613","targetHints":{"allow":["GET"]}}],"collection":[{"href":"https:\/\/www.parsemains.com\/es\/wp-json\/wp\/v2\/product"}],"about":[{"href":"https:\/\/www.parsemains.com\/es\/wp-json\/wp\/v2\/types\/product"}],"replies":[{"embeddable":true,"href":"https:\/\/www.parsemains.com\/es\/wp-json\/wp\/v2\/comments?post=30613"}],"wp:featuredmedia":[{"embeddable":true,"href":"https:\/\/www.parsemains.com\/es\/wp-json\/wp\/v2\/media\/30716"}],"wp:attachment":[{"href":"https:\/\/www.parsemains.com\/es\/wp-json\/wp\/v2\/media?parent=30613"}],"wp:term":[{"taxonomy":"product_brand","embeddable":true,"href":"https:\/\/www.parsemains.com\/es\/wp-json\/wp\/v2\/product_brand?post=30613"},{"taxonomy":"product_cat","embeddable":true,"href":"https:\/\/www.parsemains.com\/es\/wp-json\/wp\/v2\/product_cat?post=30613"},{"taxonomy":"product_tag","embeddable":true,"href":"https:\/\/www.parsemains.com\/es\/wp-json\/wp\/v2\/product_tag?post=30613"}],"curies":[{"name":"wp","href":"https:\/\/api.w.org\/{rel}","templated":true}]}}