{"id":30196,"date":"2023-09-21T18:52:29","date_gmt":"2023-09-21T16:52:29","guid":{"rendered":"https:\/\/www.parsemains.com\/?post_type=product&#038;p=30196"},"modified":"2024-06-13T17:54:12","modified_gmt":"2024-06-13T15:54:12","slug":"faire-part-mariage-ensemence-histoire-de-coquelicot","status":"publish","type":"product","link":"https:\/\/www.parsemains.com\/es\/producto\/make-poppy-story-wedding-seed\/","title":{"rendered":"Invitaciones de boda con semillas - \"Histoire de Coquelicot\" (Historia de Amapola)"},"content":{"rendered":"<div class=\"flex-1 overflow-hidden\">\n<div class=\"react-scroll-to-bottom--css-qyzsl-79elbk h-full dark:bg-gray-800\">\n<div class=\"react-scroll-to-bottom--css-qyzsl-1n7m0yu\">\n<div class=\"flex flex-col text-sm dark:bg-gray-800\">\n<div class=\"group w-full text-token-text-primary border-b border-black\/10 dark:border-gray-900\/50 bg-gray-50 dark:bg-[#444654]\" data-testid=\"conversation-turn-2\">\n<div class=\"p-4 justify-center text-base md:gap-6 md:py-6 m-auto\">\n<div class=\"flex flex-1 gap-4 text-base mx-auto md:gap-6 md:max-w-2xl lg:max-w-[38rem] xl:max-w-3xl }\">\n<div class=\"relative flex w-[calc(100%-50px)] flex-col gap-1 md:gap-3 lg:w-[calc(100%-115px)]\">\n<div class=\"flex flex-grow flex-col gap-3 max-w-full\">\n<div class=\"min-h-[20px] flex flex-col items-start gap-3 overflow-x-auto whitespace-pre-wrap break-words\">\n<div class=\"markdown prose w-full break-words dark:prose-invert dark\">\n<p><strong>Invitaciones de boda con semillas - \"Histoire de Coquelicot\" (Historia de Amapola)<\/strong><\/p>\n<p><strong>Papel con semillas<\/strong> Nuestra invitaci\u00f3n \"Poppy Story\" est\u00e1 hecha de papel con semillas de alta calidad. Una vez finalizada la celebraci\u00f3n, tus invitados podr\u00e1n plantar esta invitaci\u00f3n en su jard\u00edn, creando un recuerdo vivo de vuestra uni\u00f3n.<\/p>\n<p><strong>Dise\u00f1o elegante<\/strong> La elegancia natural de la amapola queda perfectamente plasmada en nuestro art\u00edstico dise\u00f1o. Las delicadas l\u00edneas rojas se mezclan armoniosamente con un estilo moderno que recuerda al grabado para crear una invitaci\u00f3n que evoca tanto la pasi\u00f3n como el crecimiento.<\/p>\n<p><strong>Personalizaci\u00f3n<\/strong> Cada invitaci\u00f3n puede personalizarse seg\u00fan sus preferencias. Elige el tipo de letra, los colores y el texto para crear una invitaci\u00f3n que refleje tu estilo personal y la esencia de vuestra historia de amor.<\/p>\n<p><strong>Respetuoso con el medio ambiente<\/strong> Al elegir nuestra invitaci\u00f3n \"Histoire de Coquelicot\", est\u00e1 optando por una opci\u00f3n respetuosa con el medio ambiente. El papel con semillas no s\u00f3lo reduce los residuos, sino que tambi\u00e9n ayuda a preservar la naturaleza al permitir que las flores silvestres crezcan y florezcan.<\/p>\n<p>Deje que esta \"Historia de amapolas\" le ayude a contar su propia historia de amor de una forma \u00fanica y memorable. Invite a sus seres queridos a unirse a usted en la celebraci\u00f3n de este momento m\u00e1gico, mientras deja una impresi\u00f3n duradera en su jard\u00edn y en sus corazones.<\/p>\n<p><strong>Pida ahora su invitaci\u00f3n \"Histoire de Coquelicot\" y empiece a escribir el primer cap\u00edtulo de la historia de su boda de una forma excepcional y respetuosa con la naturaleza.<\/strong><\/p>\n<p><strong>Invitaciones de boda con semillas - \"Histoire de Coquelicot\" (Historia de Amapola)<\/strong><\/p>\n<\/div>\n<\/div>\n<\/div>\n<\/div>\n<\/div>\n<\/div>\n<\/div>\n<\/div>\n<\/div>\n<\/div>\n<\/div>","protected":false},"excerpt":{"rendered":"<p><strong>Invitaciones de boda con semillas - \"Histoire de Coquelicot\" (Historia de Amapola)<\/strong><\/p>\n<p>Descubra nuestra invitaci\u00f3n de boda \"Histoire de Coquelicot\", una invitaci\u00f3n excepcional dise\u00f1ada con cari\u00f1o para celebrar el comienzo de su propia historia de amor. Cuidadosamente elaborada con papel de semillas, esta invitaci\u00f3n encarna la belleza de la naturaleza y el simbolismo atemporal de la amapola, una flor que evoca la pasi\u00f3n, la delicadeza y la promesa de un futuro brillante.<\/p>\n<p><b>dimensiones : <\/b>10 x 14 cm<br \/>\n<b>papel<\/b>\u00a0Parsemains ecorreciclados hechos a mano, aprox. 250 g\/m\u00b2.<br \/>\n<b>semillas<\/b> Mezcla de flores silvestres ecol\u00f3gicas o hierbas arom\u00e1ticas ecol\u00f3gicas (a elegir)<\/p>\n<p><strong>Invitaciones de boda con semillas - \"Histoire de Coquelicot\" (Historia de Amapola)<\/strong><\/p>","protected":false},"featured_media":42537,"comment_status":"open","ping_status":"closed","template":"","meta":[],"product_brand":[],"product_cat":[180],"product_tag":[],"class_list":{"0":"post-30196","1":"product","2":"type-product","3":"status-publish","4":"has-post-thumbnail","6":"product_cat-faire-part-mariage-ensemence-ecologique","8":"first","9":"instock","10":"shipping-taxable","11":"purchasable","12":"product-type-variable"},"_links":{"self":[{"href":"https:\/\/www.parsemains.com\/es\/wp-json\/wp\/v2\/product\/30196","targetHints":{"allow":["GET"]}}],"collection":[{"href":"https:\/\/www.parsemains.com\/es\/wp-json\/wp\/v2\/product"}],"about":[{"href":"https:\/\/www.parsemains.com\/es\/wp-json\/wp\/v2\/types\/product"}],"replies":[{"embeddable":true,"href":"https:\/\/www.parsemains.com\/es\/wp-json\/wp\/v2\/comments?post=30196"}],"wp:featuredmedia":[{"embeddable":true,"href":"https:\/\/www.parsemains.com\/es\/wp-json\/wp\/v2\/media\/42537"}],"wp:attachment":[{"href":"https:\/\/www.parsemains.com\/es\/wp-json\/wp\/v2\/media?parent=30196"}],"wp:term":[{"taxonomy":"product_brand","embeddable":true,"href":"https:\/\/www.parsemains.com\/es\/wp-json\/wp\/v2\/product_brand?post=30196"},{"taxonomy":"product_cat","embeddable":true,"href":"https:\/\/www.parsemains.com\/es\/wp-json\/wp\/v2\/product_cat?post=30196"},{"taxonomy":"product_tag","embeddable":true,"href":"https:\/\/www.parsemains.com\/es\/wp-json\/wp\/v2\/product_tag?post=30196"}],"curies":[{"name":"wp","href":"https:\/\/api.w.org\/{rel}","templated":true}]}}