{"id":29989,"date":"2023-09-21T18:41:08","date_gmt":"2023-09-21T16:41:08","guid":{"rendered":"https:\/\/www.parsemains.com\/?post_type=product&#038;p=29989"},"modified":"2024-08-27T12:53:13","modified_gmt":"2024-08-27T10:53:13","slug":"faire-part-de-mariage-ensemence-nature","status":"publish","type":"product","link":"https:\/\/www.parsemains.com\/es\/producto\/faire-part-mariage-ensemence-douceur-nature\/","title":{"rendered":"Invitaciones de boda con semillas - Douceur Nature"},"content":{"rendered":"<div class=\"flex-1 overflow-hidden\">\n<div class=\"react-scroll-to-bottom--css-qyzsl-79elbk h-full dark:bg-gray-800\">\n<div class=\"react-scroll-to-bottom--css-qyzsl-1n7m0yu\">\n<div class=\"flex flex-col text-sm dark:bg-gray-800\">\n<div class=\"group w-full text-token-text-primary border-b border-black\/10 dark:border-gray-900\/50 bg-gray-50 dark:bg-[#444654]\" data-testid=\"conversation-turn-2\">\n<div class=\"p-4 justify-center text-base md:gap-6 md:py-6 m-auto\">\n<div class=\"flex flex-1 gap-4 text-base mx-auto md:gap-6 md:max-w-2xl lg:max-w-[38rem] xl:max-w-3xl }\">\n<div class=\"relative flex w-[calc(100%-50px)] flex-col gap-1 md:gap-3 lg:w-[calc(100%-115px)]\">\n<div class=\"flex flex-grow flex-col gap-3 max-w-full\">\n<div class=\"min-h-[20px] flex flex-col items-start gap-3 overflow-x-auto whitespace-pre-wrap break-words\">\n<div class=\"markdown prose w-full break-words dark:prose-invert dark\">\n<p><strong>Invitaciones de boda con semillas - Douceur Nature<\/strong><\/p>\n<p><strong>Caracter\u00edsticas destacadas<\/strong> :<\/p>\n<p><strong>Papel con semillas de alta calidad<\/strong> Fabricadas en papel de alta calidad, cada invitaci\u00f3n lleva incrustaciones de semillas de flores silvestres.<\/p>\n<p>Despu\u00e9s del evento, tus invitados podr\u00e1n plantar la invitaci\u00f3n y ver florecer una hermosa variedad de flores, creando una met\u00e1fora viviente de vuestro creciente amor.<\/p>\n<p><strong>Dise\u00f1o elegante<\/strong>\u00a0El aspecto suave y natural de la invitaci\u00f3n \"Douceur Nature\" evoca la pureza de su compromiso. Los suaves tonos de color, los delicados motivos y la refinada tipograf\u00eda a\u00f1aden un toque de sofisticaci\u00f3n al anuncio de su boda.<\/p>\n<p><strong>Tan personalizable como desee<\/strong> Cada pareja es \u00fanica. Personaliza tu invitaci\u00f3n con vuestros nombres, la fecha de vuestra boda y un mensaje especial para vuestros seres queridos, y convi\u00e9rtela en una invitaci\u00f3n que refleje vuestra historia de amor.<\/p>\n<p><strong>Conciencia ecol\u00f3gica<\/strong> Si elige la invitaci\u00f3n \"Douceur Nature\", reducir\u00e1 su impacto medioambiental. Una vez plantado, el papel con semillas se descompone de forma natural, dando paso a hermosas flores.<\/p>\n<p><strong>Una memoria viva<\/strong> Tus invitados recordar\u00e1n tu boda cada vez que vean crecer las flores, un testimonio del continuo crecimiento de vuestro amor y compromiso.<\/p>\n<p>Celebre el amor preservando el planeta. Elija la invitaci\u00f3n de boda \"Douceur Nature\" de papel con semillas y comparta un momento \u00fanico y significativo con sus seres queridos.<\/p>\n<p><strong>Pide el tuyo hoy mismo y empieza a sembrar las semillas de tu amor eterno.<br \/>\n<\/strong><\/p>\n<p><strong>Invitaciones de boda con semillas - Douceur Nature<\/strong><\/p>\n<\/div>\n<\/div>\n<\/div>\n<\/div>\n<\/div>\n<\/div>\n<\/div>\n<\/div>\n<\/div>\n<\/div>\n<\/div>","protected":false},"excerpt":{"rendered":"<p><strong>Invitaciones de boda con semillas - Douceur Nature<\/strong><\/p>\n<p>\u00bfQuiere celebrar su uni\u00f3n de un modo que sea hermoso y refleje su compromiso con nuestro hermoso planeta?<\/p>\n<p>Nuestro anuncio de boda \"Gentle Nature\" en papel con semillas encarna a la perfecci\u00f3n este equilibrio entre elegancia y durabilidad.<\/p>\n<p>Creada con amor para los amantes de la naturaleza, esta invitaci\u00f3n le permite crear recuerdos inolvidables al tiempo que preserva nuestro precioso medio ambiente.<\/p>\n<p><b>dimensiones : <\/b>13,5 x 13,5 cm<br \/>\n<b>papel<\/b>\u00a0Parsemains ecorreciclados hechos a mano, aprox. 250 g\/m\u00b2.<br \/>\n<b>semillas<\/b> Mezcla de flores silvestres ecol\u00f3gicas o hierbas arom\u00e1ticas ecol\u00f3gicas (a elegir)<\/p>\n<p><strong>Invitaciones de boda con semillas - Douceur Nature<\/strong><\/p>","protected":false},"featured_media":41763,"comment_status":"open","ping_status":"closed","template":"","meta":[],"product_brand":[],"product_cat":[180],"product_tag":[],"class_list":{"0":"post-29989","1":"product","2":"type-product","3":"status-publish","4":"has-post-thumbnail","6":"product_cat-faire-part-mariage-ensemence-ecologique","8":"first","9":"instock","10":"shipping-taxable","11":"purchasable","12":"product-type-variable"},"_links":{"self":[{"href":"https:\/\/www.parsemains.com\/es\/wp-json\/wp\/v2\/product\/29989","targetHints":{"allow":["GET"]}}],"collection":[{"href":"https:\/\/www.parsemains.com\/es\/wp-json\/wp\/v2\/product"}],"about":[{"href":"https:\/\/www.parsemains.com\/es\/wp-json\/wp\/v2\/types\/product"}],"replies":[{"embeddable":true,"href":"https:\/\/www.parsemains.com\/es\/wp-json\/wp\/v2\/comments?post=29989"}],"wp:featuredmedia":[{"embeddable":true,"href":"https:\/\/www.parsemains.com\/es\/wp-json\/wp\/v2\/media\/41763"}],"wp:attachment":[{"href":"https:\/\/www.parsemains.com\/es\/wp-json\/wp\/v2\/media?parent=29989"}],"wp:term":[{"taxonomy":"product_brand","embeddable":true,"href":"https:\/\/www.parsemains.com\/es\/wp-json\/wp\/v2\/product_brand?post=29989"},{"taxonomy":"product_cat","embeddable":true,"href":"https:\/\/www.parsemains.com\/es\/wp-json\/wp\/v2\/product_cat?post=29989"},{"taxonomy":"product_tag","embeddable":true,"href":"https:\/\/www.parsemains.com\/es\/wp-json\/wp\/v2\/product_tag?post=29989"}],"curies":[{"name":"wp","href":"https:\/\/api.w.org\/{rel}","templated":true}]}}