{"id":29781,"date":"2023-09-21T12:43:23","date_gmt":"2023-09-21T10:43:23","guid":{"rendered":"https:\/\/www.parsemains.com\/?post_type=product&#038;p=29781"},"modified":"2024-08-27T12:57:20","modified_gmt":"2024-08-27T10:57:20","slug":"faire-part-mariage-a-planter-hiver","status":"publish","type":"product","link":"https:\/\/www.parsemains.com\/es\/producto\/pareja-de-novios-de-invierno\/","title":{"rendered":"Invitaciones de boda para plantar - Invierno"},"content":{"rendered":"<div class=\"flex-1 overflow-hidden\">\n<div class=\"react-scroll-to-bottom--css-qyzsl-79elbk h-full dark:bg-gray-800\">\n<div class=\"react-scroll-to-bottom--css-qyzsl-1n7m0yu\">\n<div class=\"flex flex-col text-sm dark:bg-gray-800\">\n<div class=\"group w-full text-token-text-primary border-b border-black\/10 dark:border-gray-900\/50 bg-gray-50 dark:bg-[#444654]\" data-testid=\"conversation-turn-2\">\n<div class=\"p-4 justify-center text-base md:gap-6 md:py-6 m-auto\">\n<div class=\"flex flex-1 gap-4 text-base mx-auto md:gap-6 md:max-w-2xl lg:max-w-[38rem] xl:max-w-3xl }\">\n<div class=\"relative flex w-[calc(100%-50px)] flex-col gap-1 md:gap-3 lg:w-[calc(100%-115px)]\">\n<div class=\"flex flex-grow flex-col gap-3 max-w-full\">\n<div class=\"min-h-[20px] flex flex-col items-start gap-3 overflow-x-auto whitespace-pre-wrap break-words\">\n<div class=\"markdown prose w-full break-words dark:prose-invert dark\">\n<p><strong>Invitaciones de boda para plantar - Invierno<\/strong><\/p>\n<p><strong>La magia del invierno plasmada en un papel con semillas \u00fanico<\/strong><\/p>\n<p>Nuestra invitaci\u00f3n \"Invierno\" es mucho m\u00e1s que una invitaci\u00f3n. Est\u00e1 dise\u00f1ada con amor y hecha con cuidado a partir de <strong>papel con semillas<\/strong>lo que lo convierte en un recuerdo <strong>ecol\u00f3gico<\/strong> y <strong>sostenible<\/strong> de su d\u00eda especial. Este <strong>papel hecho a mano<\/strong> contiene semillas ecol\u00f3gicas de flores silvestres, una promesa de vida y renovaci\u00f3n. Una vez plantadas, dar\u00e1n a luz magn\u00edficas flores, igual que vuestro amor sigue creciendo.<\/p>\n<p><strong>Un dise\u00f1o elegante y atemporal<\/strong><\/p>\n<p>Nuestra invitaci\u00f3n \"Invierno\" encarna la magia de la estaci\u00f3n nevada. Su delicada corona adornada con bayas y copos de nieve en tonos azules evoca la belleza pura y la relajante atm\u00f3sfera del invierno, creando una primera impresi\u00f3n inolvidable.<\/p>\n<p><strong>Personalizado para su d\u00eda especial<\/strong><\/p>\n<p>Cada boda es \u00fanica, por lo que nuestro Anuncio de papel con semillas \"Invierno\" es personalizable. Puede elegir los colores, las fuentes y los detalles para que combinen a la perfecci\u00f3n con el tema de su boda. A\u00f1ade vuestros nombres, la fecha de la boda y todos los detalles importantes cuando hagas el pedido, para que tus invitados puedan prepararse para compartir contigo este momento tan especial.<\/p>\n<p><strong>Una invitaci\u00f3n permanente<\/strong><\/p>\n<p>Cuando tus seres queridos reciban esta invitaci\u00f3n especial, tendr\u00e1n en sus manos, junto a un magn\u00edfico anuncio, una verdadera promesa de amor y crecimiento. Despu\u00e9s de tu boda, podr\u00e1n plantar esta invitaci\u00f3n \"Invierno\" y ver crecer las flores silvestres, un recordatorio constante de vuestro amor perdurable.<\/p>\n<p><strong>Haz tu pedido hoy<\/strong><\/p>\n<p>Bienvenido a nuestra celebraci\u00f3n invernal del amor eterno. Pida su<strong> anuncio de boda \"Hiver<\/strong> de papel con semillas, y haga de su boda un acontecimiento que dejar\u00e1 una huella imborrable en el coraz\u00f3n de sus invitados.<\/p>\n<p>El amor es como el invierno, eterno y magn\u00edfico. As\u00ed que, \u00bfpor qu\u00e9 no celebrarlo y convertirlo en el centro de tu vida?<strong> invitaciones con semillas<\/strong>\u00bfla promesa de las flores de primavera?<\/p>\n<p><strong>Invitaciones de boda para plantar - Invierno<\/strong><\/p>\n<\/div>\n<\/div>\n<\/div>\n<\/div>\n<\/div>\n<\/div>\n<\/div>\n<\/div>\n<\/div>\n<\/div>\n<\/div>","protected":false},"excerpt":{"rendered":"<p><strong>Invitaciones de boda para plantar - Invierno<\/strong><\/p>\n<p>El amor es una estaci\u00f3n que dura para siempre, igual que los preciosos recuerdos de una boda inolvidable. Para celebrar este amor, estamos encantados de presentar nuestro <strong>anuncio de boda<\/strong> \"Invierno en <strong>papel con semillas<\/strong>Una invitaci\u00f3n que encarna la belleza de esta m\u00e1gica estaci\u00f3n.<\/p>\n<p><b>dimensiones : <\/b>9,5 x 20 cm<br \/>\n<b>papel<\/b>\u00a0Parsemains ecorreciclados hechos a mano, aprox. 250 g\/m\u00b2.<br \/>\n<b>semillas<\/b> Mezcla de flores silvestres ecol\u00f3gicas o hierbas arom\u00e1ticas ecol\u00f3gicas (a elegir)<\/p>\n<p><strong>Invitaciones de boda para plantar - Invierno<\/strong><\/p>\n<p><img decoding=\"async\" class=\"alignnone size-medium wp-image-13406\" src=\"https:\/\/www.parsemains.com\/wp-content\/uploads\/2023\/04\/footer-payment-method-7-300x27.png\" alt=\"pie-m\u00e9todo-de-pago.png\" width=\"300\" height=\"27\" srcset=\"https:\/\/www.parsemains.com\/wp-content\/uploads\/2023\/04\/footer-payment-method-7-300x27.png 300w, https:\/\/www.parsemains.com\/wp-content\/uploads\/2023\/04\/footer-payment-method-7.png 358w\" sizes=\"(max-width: 300px) 100vw, 300px\" \/><\/p>","protected":false},"featured_media":42325,"comment_status":"open","ping_status":"closed","template":"","meta":[],"product_brand":[],"product_cat":[180],"product_tag":[],"class_list":{"0":"post-29781","1":"product","2":"type-product","3":"status-publish","4":"has-post-thumbnail","6":"product_cat-faire-part-mariage-ensemence-ecologique","8":"first","9":"instock","10":"shipping-taxable","11":"purchasable","12":"product-type-variable"},"_links":{"self":[{"href":"https:\/\/www.parsemains.com\/es\/wp-json\/wp\/v2\/product\/29781","targetHints":{"allow":["GET"]}}],"collection":[{"href":"https:\/\/www.parsemains.com\/es\/wp-json\/wp\/v2\/product"}],"about":[{"href":"https:\/\/www.parsemains.com\/es\/wp-json\/wp\/v2\/types\/product"}],"replies":[{"embeddable":true,"href":"https:\/\/www.parsemains.com\/es\/wp-json\/wp\/v2\/comments?post=29781"}],"wp:featuredmedia":[{"embeddable":true,"href":"https:\/\/www.parsemains.com\/es\/wp-json\/wp\/v2\/media\/42325"}],"wp:attachment":[{"href":"https:\/\/www.parsemains.com\/es\/wp-json\/wp\/v2\/media?parent=29781"}],"wp:term":[{"taxonomy":"product_brand","embeddable":true,"href":"https:\/\/www.parsemains.com\/es\/wp-json\/wp\/v2\/product_brand?post=29781"},{"taxonomy":"product_cat","embeddable":true,"href":"https:\/\/www.parsemains.com\/es\/wp-json\/wp\/v2\/product_cat?post=29781"},{"taxonomy":"product_tag","embeddable":true,"href":"https:\/\/www.parsemains.com\/es\/wp-json\/wp\/v2\/product_tag?post=29781"}],"curies":[{"name":"wp","href":"https:\/\/api.w.org\/{rel}","templated":true}]}}