{"id":29574,"date":"2023-09-21T12:11:42","date_gmt":"2023-09-21T10:11:42","guid":{"rendered":"https:\/\/www.parsemains.com\/?post_type=product&#038;p=29574"},"modified":"2024-08-27T13:00:40","modified_gmt":"2024-08-27T11:00:40","slug":"faire-part-de-mariage-a-planter-automne","status":"publish","type":"product","link":"https:\/\/www.parsemains.com\/es\/producto\/hacer-parte-boda-semilla-otono\/","title":{"rendered":"Invitaciones de boda para plantar - Oto\u00f1o"},"content":{"rendered":"<div class=\"flex-1 overflow-hidden\">\n<div class=\"react-scroll-to-bottom--css-qyzsl-79elbk h-full dark:bg-gray-800\">\n<div class=\"react-scroll-to-bottom--css-qyzsl-1n7m0yu\">\n<div class=\"flex flex-col text-sm dark:bg-gray-800\">\n<div class=\"group w-full text-token-text-primary border-b border-black\/10 dark:border-gray-900\/50 bg-gray-50 dark:bg-[#444654]\" data-testid=\"conversation-turn-2\">\n<div class=\"p-4 justify-center text-base md:gap-6 md:py-6 m-auto\">\n<div class=\"flex flex-1 gap-4 text-base mx-auto md:gap-6 md:max-w-2xl lg:max-w-[38rem] xl:max-w-3xl }\">\n<div class=\"relative flex w-[calc(100%-50px)] flex-col gap-1 md:gap-3 lg:w-[calc(100%-115px)]\">\n<div class=\"flex flex-grow flex-col gap-3 max-w-full\">\n<div class=\"min-h-[20px] flex flex-col items-start gap-3 overflow-x-auto whitespace-pre-wrap break-words\">\n<div class=\"markdown prose w-full break-words dark:prose-invert dark\">\n<p><strong>Invitaciones de boda para plantar - Oto\u00f1o<\/strong><\/p>\n<p><strong>Caracter\u00edsticas<\/strong>\u00a0:<\/p>\n<p><strong>Papel con semillas de alta calidad<\/strong> Nuestras invitaciones est\u00e1n hechas de papel con semillas de la mejor calidad. Despu\u00e9s de compartir el anuncio de tu boda, tus invitados podr\u00e1n plantar la invitaci\u00f3n, que crecer\u00e1 hasta convertirse en hermosas flores silvestres. Un gesto respetuoso con el medio ambiente que simboliza el crecimiento de vuestro amor.<\/p>\n<p><strong>Elegante dise\u00f1o \"Oto\u00f1o<\/strong> La est\u00e9tica de nuestra invitaci\u00f3n Oto\u00f1o captura la magia de las estaciones con tonos ricos y c\u00e1lidos. Los delicados detalles evocan la belleza de la naturaleza en oto\u00f1o, creando una atm\u00f3sfera rom\u00e1ntica y encantadora.<\/p>\n<p><strong>Personalizable<\/strong> Cada invitaci\u00f3n se puede personalizar para que se adapte al estilo \u00fanico de su boda. Elige el tipo de letra, el color de la tinta y los detalles para crear un dise\u00f1o a tu medida.<\/p>\n<p><strong>Conciencia ecol\u00f3gica<\/strong> Invitaciones de papel con semillas : Al elegir nuestras invitaciones de papel con semillas, estar\u00e1s mostrando tu compromiso con un futuro sostenible a la vez que celebras el comienzo de tu uni\u00f3n.<\/p>\n<p><strong>Un s\u00edmbolo de amor y renovaci\u00f3n<\/strong> :<\/p>\n<p>El oto\u00f1o es la estaci\u00f3n de la renovaci\u00f3n, cuando las hojas caen para preparar el terreno para un nuevo crecimiento. Del mismo modo, su boda marca el comienzo de un nuevo cap\u00edtulo en su vida juntos. Nuestra invitaci\u00f3n \"Oto\u00f1o\" en papel con semillas capta este simbolismo de forma excepcional.<\/p>\n<p><strong>Instrucciones para los invitados<\/strong> :<\/p>\n<p>Cuando tus invitados reciban esta invitaci\u00f3n, descubrir\u00e1n la sorpresa especial que contiene. Despu\u00e9s de leer tus dulces palabras, podr\u00e1n plantar la invitaci\u00f3n en su jard\u00edn o en una maceta. Con un poco de cuidado y atenci\u00f3n, se convertir\u00e1 en un precioso jard\u00edn de flores silvestres, evocador del d\u00eda de tu boda.<\/p>\n<p><strong>Haga su pedido hoy mismo y convierta su boda en un acontecimiento inolvidable y respetuoso con el medio ambiente.<\/strong><\/p>\n<p>Nuestra invitaci\u00f3n de boda plantable \"Oto\u00f1o\" es el anuncio perfecto para un amor que florece y florece, igual que la naturaleza en oto\u00f1o.<\/p>\n<p><strong>Invitaciones de boda para plantar - Oto\u00f1o<\/strong><\/p>\n<\/div>\n<\/div>\n<\/div>\n<\/div>\n<\/div>\n<\/div>\n<\/div>\n<\/div>\n<\/div>\n<\/div>\n<\/div>","protected":false},"excerpt":{"rendered":"<p><strong>Invitaciones de boda para plantar - Oto\u00f1o<\/strong><\/p>\n<p>Capte la esencia de su amor en un gesto ecorresponsable y lleno de simbolismo con nuestra invitaci\u00f3n de boda \"Oto\u00f1o\", realizada en papel con semillas. Cuidadosamente creada para evocar la calidez y la belleza de la estaci\u00f3n en la que la naturaleza se ti\u00f1e de oro, esta invitaci\u00f3n \u00fanica marcar\u00e1 el inicio de vuestro viaje hacia una boda memorable.<\/p>\n<p><b>dimensiones : <\/b>13,5 x 13,5 cm<br \/>\n<b>papel<\/b>\u00a0Parsemains ecorreciclados hechos a mano, aprox. 250 g\/m\u00b2.<br \/>\n<b>semillas<\/b> Mezcla de flores silvestres ecol\u00f3gicas o hierbas arom\u00e1ticas ecol\u00f3gicas (a elegir)<\/p>\n<p><strong>Invitaciones de boda para plantar - Oto\u00f1o<\/strong><\/p>\n<p><img decoding=\"async\" class=\"alignnone size-medium wp-image-13406\" src=\"https:\/\/www.parsemains.com\/wp-content\/uploads\/2023\/04\/footer-payment-method-7-300x27.png\" alt=\"pie-m\u00e9todo-de-pago.png\" width=\"300\" height=\"27\" srcset=\"https:\/\/www.parsemains.com\/wp-content\/uploads\/2023\/04\/footer-payment-method-7-300x27.png 300w, https:\/\/www.parsemains.com\/wp-content\/uploads\/2023\/04\/footer-payment-method-7.png 358w\" sizes=\"(max-width: 300px) 100vw, 300px\" \/><\/p>","protected":false},"featured_media":41767,"comment_status":"open","ping_status":"closed","template":"","meta":[],"product_brand":[],"product_cat":[180],"product_tag":[],"class_list":{"0":"post-29574","1":"product","2":"type-product","3":"status-publish","4":"has-post-thumbnail","6":"product_cat-faire-part-mariage-ensemence-ecologique","8":"first","9":"instock","10":"shipping-taxable","11":"purchasable","12":"product-type-variable"},"_links":{"self":[{"href":"https:\/\/www.parsemains.com\/es\/wp-json\/wp\/v2\/product\/29574","targetHints":{"allow":["GET"]}}],"collection":[{"href":"https:\/\/www.parsemains.com\/es\/wp-json\/wp\/v2\/product"}],"about":[{"href":"https:\/\/www.parsemains.com\/es\/wp-json\/wp\/v2\/types\/product"}],"replies":[{"embeddable":true,"href":"https:\/\/www.parsemains.com\/es\/wp-json\/wp\/v2\/comments?post=29574"}],"wp:featuredmedia":[{"embeddable":true,"href":"https:\/\/www.parsemains.com\/es\/wp-json\/wp\/v2\/media\/41767"}],"wp:attachment":[{"href":"https:\/\/www.parsemains.com\/es\/wp-json\/wp\/v2\/media?parent=29574"}],"wp:term":[{"taxonomy":"product_brand","embeddable":true,"href":"https:\/\/www.parsemains.com\/es\/wp-json\/wp\/v2\/product_brand?post=29574"},{"taxonomy":"product_cat","embeddable":true,"href":"https:\/\/www.parsemains.com\/es\/wp-json\/wp\/v2\/product_cat?post=29574"},{"taxonomy":"product_tag","embeddable":true,"href":"https:\/\/www.parsemains.com\/es\/wp-json\/wp\/v2\/product_tag?post=29574"}],"curies":[{"name":"wp","href":"https:\/\/api.w.org\/{rel}","templated":true}]}}