{"id":29367,"date":"2023-09-20T19:21:46","date_gmt":"2023-09-20T17:21:46","guid":{"rendered":"https:\/\/www.parsemains.com\/?post_type=product&#038;p=29367"},"modified":"2024-08-27T13:06:03","modified_gmt":"2024-08-27T11:06:03","slug":"faire-part-ensemence-mariage-ete","status":"publish","type":"product","link":"https:\/\/www.parsemains.com\/es\/producto\/faire-part-mariage-ensemence-ete\/","title":{"rendered":"Invitaciones de boda con semillas - Verano"},"content":{"rendered":"<div class=\"flex-1 overflow-hidden\">\n<div class=\"react-scroll-to-bottom--css-qyzsl-79elbk h-full dark:bg-gray-800\">\n<div class=\"react-scroll-to-bottom--css-qyzsl-1n7m0yu\">\n<div class=\"flex flex-col text-sm dark:bg-gray-800\">\n<div class=\"group w-full text-token-text-primary border-b border-black\/10 dark:border-gray-900\/50 bg-gray-50 dark:bg-[#444654]\" data-testid=\"conversation-turn-2\">\n<div class=\"p-4 justify-center text-base md:gap-6 md:py-6 m-auto\">\n<div class=\"flex flex-1 gap-4 text-base mx-auto md:gap-6 md:max-w-2xl lg:max-w-[38rem] xl:max-w-3xl }\">\n<div class=\"relative flex w-[calc(100%-50px)] flex-col gap-1 md:gap-3 lg:w-[calc(100%-115px)]\">\n<div class=\"flex flex-grow flex-col gap-3 max-w-full\">\n<div class=\"min-h-[20px] flex flex-col items-start gap-3 overflow-x-auto whitespace-pre-wrap break-words\">\n<div class=\"markdown prose w-full break-words dark:prose-invert dark\">\n<p><strong>Invitaciones de boda con semillas - Verano<\/strong><\/p>\n<p><strong>Caracter\u00edsticas destacadas<\/strong> :<\/p>\n<p><strong>\ud83c\udf31 Ecol\u00f3gico<\/strong> Nuestra invitaci\u00f3n \"Verano\" est\u00e1 hecha de papel con semillas de alta calidad, lo que significa que una vez que hayas compartido tu felicidad con tus seres queridos, podr\u00e1n plantar este precioso recuerdo y ver crecer hermosas flores silvestres. Una forma simb\u00f3lica y duradera de celebrar vuestro amor.<\/p>\n<p><strong>\u2600\ufe0f Tema del verano<\/strong> Verano: el dise\u00f1o de nuestra invitaci\u00f3n \"Verano\" captura la magia de la estaci\u00f3n estival con colores vivos y motivos inspirados en la naturaleza. Cada elemento evoca el calor del sol, la suave brisa veraniega y la promesa de un amor que florecer\u00e1 como un hermoso d\u00eda soleado.<\/p>\n<p><strong>\ud83d\udc91 Personalizable<\/strong>e: sabemos que cada boda es \u00fanica. Por eso te ofrecemos la opci\u00f3n de personalizar tu invitaci\u00f3n \"Verano\" con vuestros nombres, la fecha de la boda e incluso un mensaje especial que refleje vuestro estilo y vuestra historia de amor.<\/p>\n<p><strong>\ud83d\udc8c Una invitaci\u00f3n memorable<\/strong> Cuando tus invitados reciban esta invitaci\u00f3n de papel con semillas, se emocionar\u00e1n por su originalidad y significado. Es una invitaci\u00f3n que no acabar\u00e1 en un caj\u00f3n, sino que crecer\u00e1 y florecer\u00e1, recordando a todos la belleza de vuestra uni\u00f3n.<\/p>\n<p><strong>\ud83c\udf3f Responsabilidad medioambiental<\/strong> Al elegir nuestra invitaci\u00f3n \"Verano\", est\u00e1s ayudando activamente a preservar nuestro planeta. Cada gesto cuenta, y cada invitaci\u00f3n hecha con papel con semillas es un paso m\u00e1s hacia un mundo m\u00e1s verde y sostenible.<\/p>\n<p>Ofrece a tus invitados una visi\u00f3n del esplendor de tu boda mientras cuidas de la Tierra con nuestra invitaci\u00f3n \"Verano\". Es m\u00e1s que una invitaci\u00f3n, es un s\u00edmbolo de tu compromiso con un futuro brillante y sostenible.<\/p>\n<p>Pide hoy mismo tu invitaci\u00f3n \"Verano\" y empieza a sembrar las semillas del amor y la sostenibilidad para una vida juntos que florecer\u00e1 para siempre.<\/p>\n<p><strong>Invitaciones de boda con semillas - Verano<\/strong><\/p>\n<\/div>\n<\/div>\n<\/div>\n<\/div>\n<\/div>\n<\/div>\n<\/div>\n<\/div>\n<\/div>\n<\/div>\n<\/div>","protected":false},"excerpt":{"rendered":"<p><strong>Invitaciones de boda con semillas - Verano<\/strong><\/p>\n<p>Cree recuerdos inolvidables de su boda al tiempo que preserva la naturaleza con nuestra soleada invitaci\u00f3n \"Verano\", dise\u00f1ada con amor y realizada en papel de semillas franc\u00e9s 100%.<\/p>\n<p>M\u00e1s que una invitaci\u00f3n, es el comienzo perfecto de tu viaje hacia un futuro lleno de amor y respeto por el medio ambiente.<\/p>\n<p><b>dimensiones : <\/b>13,5 x 13,5 cm<br \/>\n<b>papel<\/b>\u00a0Parsemains ecorreciclados hechos a mano, aprox. 250 g\/m\u00b2.<br \/>\n<b>semillas<\/b> Mezcla de flores silvestres ecol\u00f3gicas o hierbas arom\u00e1ticas ecol\u00f3gicas (a elegir)<\/p>\n<p><strong>Invitaciones de boda con semillas - Verano<\/strong><\/p>\n<p><img decoding=\"async\" class=\"alignnone size-medium wp-image-13406\" src=\"https:\/\/www.parsemains.com\/wp-content\/uploads\/2023\/04\/footer-payment-method-7-300x27.png\" alt=\"pie-m\u00e9todo-de-pago.png\" width=\"300\" height=\"27\" srcset=\"https:\/\/www.parsemains.com\/wp-content\/uploads\/2023\/04\/footer-payment-method-7-300x27.png 300w, https:\/\/www.parsemains.com\/wp-content\/uploads\/2023\/04\/footer-payment-method-7.png 358w\" sizes=\"(max-width: 300px) 100vw, 300px\" \/><\/p>","protected":false},"featured_media":42303,"comment_status":"open","ping_status":"closed","template":"","meta":[],"product_brand":[],"product_cat":[180],"product_tag":[],"class_list":{"0":"post-29367","1":"product","2":"type-product","3":"status-publish","4":"has-post-thumbnail","6":"product_cat-faire-part-mariage-ensemence-ecologique","8":"first","9":"instock","10":"shipping-taxable","11":"purchasable","12":"product-type-variable"},"_links":{"self":[{"href":"https:\/\/www.parsemains.com\/es\/wp-json\/wp\/v2\/product\/29367","targetHints":{"allow":["GET"]}}],"collection":[{"href":"https:\/\/www.parsemains.com\/es\/wp-json\/wp\/v2\/product"}],"about":[{"href":"https:\/\/www.parsemains.com\/es\/wp-json\/wp\/v2\/types\/product"}],"replies":[{"embeddable":true,"href":"https:\/\/www.parsemains.com\/es\/wp-json\/wp\/v2\/comments?post=29367"}],"wp:featuredmedia":[{"embeddable":true,"href":"https:\/\/www.parsemains.com\/es\/wp-json\/wp\/v2\/media\/42303"}],"wp:attachment":[{"href":"https:\/\/www.parsemains.com\/es\/wp-json\/wp\/v2\/media?parent=29367"}],"wp:term":[{"taxonomy":"product_brand","embeddable":true,"href":"https:\/\/www.parsemains.com\/es\/wp-json\/wp\/v2\/product_brand?post=29367"},{"taxonomy":"product_cat","embeddable":true,"href":"https:\/\/www.parsemains.com\/es\/wp-json\/wp\/v2\/product_cat?post=29367"},{"taxonomy":"product_tag","embeddable":true,"href":"https:\/\/www.parsemains.com\/es\/wp-json\/wp\/v2\/product_tag?post=29367"}],"curies":[{"name":"wp","href":"https:\/\/api.w.org\/{rel}","templated":true}]}}