{"id":28980,"date":"2023-09-20T18:51:48","date_gmt":"2023-09-20T16:51:48","guid":{"rendered":"https:\/\/www.parsemains.com\/?post_type=product&#038;p=28980"},"modified":"2024-08-27T13:11:06","modified_gmt":"2024-08-27T11:11:06","slug":"faire-part-a-planter-mariage-printemps","status":"publish","type":"product","link":"https:\/\/www.parsemains.com\/es\/producto\/faire-partage-wedding-seed-spring\/","title":{"rendered":"Invitaciones de boda - Primavera"},"content":{"rendered":"<div class=\"flex-1 overflow-hidden\">\n<div class=\"react-scroll-to-bottom--css-qyzsl-79elbk h-full dark:bg-gray-800\">\n<div class=\"react-scroll-to-bottom--css-qyzsl-1n7m0yu\">\n<div class=\"flex flex-col text-sm dark:bg-gray-800\">\n<div class=\"group w-full text-token-text-primary border-b border-black\/10 dark:border-gray-900\/50 bg-gray-50 dark:bg-[#444654]\" data-testid=\"conversation-turn-2\">\n<div class=\"p-4 justify-center text-base md:gap-6 md:py-6 m-auto\">\n<div class=\"flex flex-1 gap-4 text-base mx-auto md:gap-6 md:max-w-2xl lg:max-w-[38rem] xl:max-w-3xl }\">\n<div class=\"relative flex w-[calc(100%-50px)] flex-col gap-1 md:gap-3 lg:w-[calc(100%-115px)]\">\n<div class=\"flex flex-grow flex-col gap-3 max-w-full\">\n<div class=\"min-h-[20px] flex flex-col items-start gap-3 overflow-x-auto whitespace-pre-wrap break-words\">\n<div class=\"markdown prose w-full break-words dark:prose-invert dark\">\n<p><strong>Invitaciones de boda - Primavera<\/strong><\/p>\n<p><strong>Caracter\u00edsticas de la tarjeta de anuncio \"Primavera<\/strong><\/p>\n<p><strong>Ecol\u00f3gico y sostenible\u00a0<\/strong>Nuestra invitaci\u00f3n est\u00e1 fabricada con nuestro papel con semillas de alta gama, lo que significa que, tras ser le\u00edda, puede plantarse para que nazcan magn\u00edficas flores silvestres. Una invitaci\u00f3n que se convierte simb\u00f3licamente en un regalo para el planeta.<\/p>\n<p><strong>Dise\u00f1o elegante\u00a0<\/strong>La delicada y fresca est\u00e9tica de la invitaci\u00f3n \"Primavera\" es perfecta para bodas primaverales y cualquier boda de tem\u00e1tica campestre, eco-chic o bohemia. Con su sutil dise\u00f1o floral y sus tonos pastel, evoca la frescura y la pureza del amor.<\/p>\n<p><strong>Personalizable\u00a0<\/strong>Cada boda es \u00fanica, y nuestras invitaciones con semillas pueden personalizarse para reflejar su estilo personal. Cambia el texto, elige el tipo de letra, el color de la tinta... Tambi\u00e9n puedes a\u00f1adir una cita especial, por ejemplo.<\/p>\n<p><strong>Una invitaci\u00f3n a florecer\u00a0<\/strong>Tras plantarse en el suelo, el papel con semillas de la invitaci\u00f3n \"Primavera\" se biodegrada de forma natural para nutrir la tierra, mientras las semillas germinan y florecen en una hermosa manifestaci\u00f3n de vida, s\u00edmbolo tanto de vuestra uni\u00f3n como de vuestro compromiso con un futuro sostenible.<\/p>\n<p>La invitaci\u00f3n \"Primavera\" no es s\u00f3lo una invitaci\u00f3n que sorprender\u00e1 gratamente a sus invitados, sino tambi\u00e9n un s\u00edmbolo del amor que comparten. Haga de su boda un acontecimiento inolvidable para usted y para la naturaleza eligiendo nuestra invitaci\u00f3n \"Primavera\". Unidos en el amor, unidos en el respeto por nuestra hermosa Tierra. Pida la suya hoy mismo y empiece a sembrar las semillas del amor y de un futuro lleno de flores.<\/p>\n<p><strong>Invitaciones de boda - Primavera<\/strong><\/p>\n<\/div>\n<\/div>\n<\/div>\n<\/div>\n<\/div>\n<\/div>\n<\/div>\n<\/div>\n<\/div>\n<\/div>\n<\/div>","protected":false},"excerpt":{"rendered":"<p><strong>Invitaciones de boda - Primavera<\/strong><\/p>\n<p>Descubra nuestra invitaci\u00f3n de boda \"Primavera\", una invitaci\u00f3n elegante y respetuosa con el medio ambiente, dise\u00f1ada con amor y fabricada con papel sembrado de flores silvestres ecol\u00f3gicas.<\/p>\n<p>Esta invitaci\u00f3n encarna la belleza de la naturaleza y la promesa de renovaci\u00f3n, al tiempo que invita a sus seres queridos a celebrar el amor que comparten.<\/p>\n<p><b>dimensiones : <\/b>13,5 x 13,5 cm<br \/>\n<b>papel<\/b>\u00a0Parsemains ecorreciclados hechos a mano, aprox. 250 g\/m\u00b2.<br \/>\n<b>semillas<\/b> Mezcla de flores silvestres ecol\u00f3gicas o hierbas arom\u00e1ticas ecol\u00f3gicas (a elegir)<\/p>\n<p><strong>Invitaciones de boda - Primavera<\/strong><\/p>\n<p><img decoding=\"async\" class=\"alignnone size-medium wp-image-13406\" src=\"https:\/\/www.parsemains.com\/wp-content\/uploads\/2023\/04\/footer-payment-method-7-300x27.png\" alt=\"pie-m\u00e9todo-de-pago.png\" width=\"300\" height=\"27\" srcset=\"https:\/\/www.parsemains.com\/wp-content\/uploads\/2023\/04\/footer-payment-method-7-300x27.png 300w, https:\/\/www.parsemains.com\/wp-content\/uploads\/2023\/04\/footer-payment-method-7.png 358w\" sizes=\"(max-width: 300px) 100vw, 300px\" \/><\/p>","protected":false},"featured_media":41433,"comment_status":"open","ping_status":"closed","template":"","meta":[],"product_brand":[],"product_cat":[180],"product_tag":[],"class_list":{"0":"post-28980","1":"product","2":"type-product","3":"status-publish","4":"has-post-thumbnail","6":"product_cat-faire-part-mariage-ensemence-ecologique","8":"first","9":"instock","10":"shipping-taxable","11":"purchasable","12":"product-type-variable"},"_links":{"self":[{"href":"https:\/\/www.parsemains.com\/es\/wp-json\/wp\/v2\/product\/28980","targetHints":{"allow":["GET"]}}],"collection":[{"href":"https:\/\/www.parsemains.com\/es\/wp-json\/wp\/v2\/product"}],"about":[{"href":"https:\/\/www.parsemains.com\/es\/wp-json\/wp\/v2\/types\/product"}],"replies":[{"embeddable":true,"href":"https:\/\/www.parsemains.com\/es\/wp-json\/wp\/v2\/comments?post=28980"}],"wp:featuredmedia":[{"embeddable":true,"href":"https:\/\/www.parsemains.com\/es\/wp-json\/wp\/v2\/media\/41433"}],"wp:attachment":[{"href":"https:\/\/www.parsemains.com\/es\/wp-json\/wp\/v2\/media?parent=28980"}],"wp:term":[{"taxonomy":"product_brand","embeddable":true,"href":"https:\/\/www.parsemains.com\/es\/wp-json\/wp\/v2\/product_brand?post=28980"},{"taxonomy":"product_cat","embeddable":true,"href":"https:\/\/www.parsemains.com\/es\/wp-json\/wp\/v2\/product_cat?post=28980"},{"taxonomy":"product_tag","embeddable":true,"href":"https:\/\/www.parsemains.com\/es\/wp-json\/wp\/v2\/product_tag?post=28980"}],"curies":[{"name":"wp","href":"https:\/\/api.w.org\/{rel}","templated":true}]}}