{"id":28749,"date":"2023-09-20T18:42:36","date_gmt":"2023-09-20T16:42:36","guid":{"rendered":"https:\/\/www.parsemains.com\/?post_type=product&#038;p=28749"},"modified":"2024-08-27T13:15:13","modified_gmt":"2024-08-27T11:15:13","slug":"faire-part-mariage-ensemence-moderne","status":"publish","type":"product","link":"https:\/\/www.parsemains.com\/es\/producto\/bricolaje-boda-toque-moderno\/","title":{"rendered":"Invitaciones de boda con semillas - Touche Moderne"},"content":{"rendered":"<div class=\"flex-1 overflow-hidden\">\n<div class=\"react-scroll-to-bottom--css-qyzsl-79elbk h-full dark:bg-gray-800\">\n<div class=\"react-scroll-to-bottom--css-qyzsl-1n7m0yu\">\n<div class=\"flex flex-col text-sm dark:bg-gray-800\">\n<div class=\"group w-full text-token-text-primary border-b border-black\/10 dark:border-gray-900\/50 bg-gray-50 dark:bg-[#444654]\" data-testid=\"conversation-turn-2\">\n<div class=\"p-4 justify-center text-base md:gap-6 md:py-6 m-auto\">\n<div class=\"flex flex-1 gap-4 text-base mx-auto md:gap-6 md:max-w-2xl lg:max-w-[38rem] xl:max-w-3xl }\">\n<div class=\"relative flex w-[calc(100%-50px)] flex-col gap-1 md:gap-3 lg:w-[calc(100%-115px)]\">\n<div class=\"flex flex-grow flex-col gap-3 max-w-full\">\n<div class=\"min-h-[20px] flex flex-col items-start gap-3 overflow-x-auto whitespace-pre-wrap break-words\">\n<div class=\"markdown prose w-full break-words dark:prose-invert dark\">\n<p><strong>Invitaciones de boda con semillas - Touche Moderne<\/strong><\/p>\n<p><strong>Caracter\u00edsticas exquisitas :<\/strong><\/p>\n<p><strong>Dise\u00f1o moderno :<\/strong>\u00a0la invitaci\u00f3n \"Touche Moderne\" encarna la esencia del refinamiento contempor\u00e1neo. Su dise\u00f1o elegante y minimalista es perfecto para bodas elegantes y modernas.<\/p>\n<p><strong>Papel con semillas<\/strong> Nuestro papel de alta calidad est\u00e1 fabricado con materiales reciclados y es 100 % biodegradable. Despu\u00e9s de compartir tu anuncio de boda, tus invitados pueden plantar la invitaci\u00f3n para ver crecer hermosas flores silvestres, creando un recuerdo duradero de vuestro amor.<\/p>\n<p><strong>Personalizable<\/strong> Personalice su invitaci\u00f3n a\u00f1adiendo sus nombres, la fecha de su boda y cualquier otro detalle relevante para crear una invitaci\u00f3n que refleje su estilo personal.<\/p>\n<p><strong>Ecol\u00f3gico<\/strong> Al elegir nuestras invitaciones de boda \"Touche Moderne\" de papel con semillas, podr\u00e1 demostrar su compromiso con la preservaci\u00f3n del medio ambiente al tiempo que comparte la noticia de su boda con sus seres queridos.<\/p>\n<p><strong>Formato pr\u00e1ctico <\/strong>Con unas medidas de 9,5 cm x 20 cm, nuestra invitaci\u00f3n cabe perfectamente en sobres est\u00e1ndar, lo que facilita su env\u00edo a los invitados.<\/p>\n<p><strong>Un s\u00edmbolo duradero de vuestro amor<\/strong> Cada vez que tus seres queridos vean crecer las flores silvestres de esta invitaci\u00f3n, recordar\u00e1n el inicio de vuestro viaje juntos y el comienzo de una nueva vida llena de promesas.<\/p>\n<p>Celebre su amor de una forma moderna y respetuosa con el medio ambiente con nuestra invitaci\u00f3n \"Touche Moderne\" realizada en papel con semillas.<\/p>\n<p><strong>Pida el suyo ahora y cree recuerdos inolvidables al tiempo que contribuye a la belleza de la naturaleza.<\/strong><\/p>\n<p><strong>Invitaciones de boda con semillas - Touche Moderne<\/strong><\/p>\n<\/div>\n<\/div>\n<\/div>\n<\/div>\n<\/div>\n<\/div>\n<\/div>\n<\/div>\n<\/div>\n<\/div>\n<\/div>","protected":false},"excerpt":{"rendered":"<p><strong>Invitaciones de boda con semillas - Touche Moderne<\/strong><\/p>\n<p>\u00bfDesea a\u00f1adir un toque de elegancia contempor\u00e1nea a su boda sin dejar de ser respetuoso con el medio ambiente? Descubra nuestras invitaciones de boda \"Touche Moderne\" de papel con semillas, una invitaci\u00f3n excepcional dise\u00f1ada para celebrar su amor preservando al mismo tiempo nuestro precioso planeta.<\/p>\n<p><b>dimensiones : <\/b>9,5 x 20 cm<br \/>\n<b>papel<\/b>\u00a0Parsemains ecorreciclados hechos a mano en Francia, aprox. 250 g\/m\u00b2.<br \/>\n<b>semillas<\/b> una mezcla de flores silvestres ecol\u00f3gicas o hierbas arom\u00e1ticas (a elegir)<\/p>\n<p><strong>Invitaciones de boda con semillas - Touche Moderne<\/strong><\/p>\n<p><img decoding=\"async\" class=\"alignnone size-medium wp-image-13406\" src=\"https:\/\/www.parsemains.com\/wp-content\/uploads\/2023\/04\/footer-payment-method-7-300x27.png\" alt=\"pie-m\u00e9todo-de-pago.png\" width=\"300\" height=\"27\" srcset=\"https:\/\/www.parsemains.com\/wp-content\/uploads\/2023\/04\/footer-payment-method-7-300x27.png 300w, https:\/\/www.parsemains.com\/wp-content\/uploads\/2023\/04\/footer-payment-method-7.png 358w\" sizes=\"(max-width: 300px) 100vw, 300px\" \/><\/p>","protected":false},"featured_media":41748,"comment_status":"open","ping_status":"closed","template":"","meta":[],"product_brand":[],"product_cat":[180,183],"product_tag":[],"class_list":{"0":"post-28749","1":"product","2":"type-product","3":"status-publish","4":"has-post-thumbnail","6":"product_cat-faire-part-mariage-ensemence-ecologique","7":"product_cat-touche-moderne","9":"first","10":"instock","11":"shipping-taxable","12":"purchasable","13":"product-type-variable"},"_links":{"self":[{"href":"https:\/\/www.parsemains.com\/es\/wp-json\/wp\/v2\/product\/28749","targetHints":{"allow":["GET"]}}],"collection":[{"href":"https:\/\/www.parsemains.com\/es\/wp-json\/wp\/v2\/product"}],"about":[{"href":"https:\/\/www.parsemains.com\/es\/wp-json\/wp\/v2\/types\/product"}],"replies":[{"embeddable":true,"href":"https:\/\/www.parsemains.com\/es\/wp-json\/wp\/v2\/comments?post=28749"}],"wp:featuredmedia":[{"embeddable":true,"href":"https:\/\/www.parsemains.com\/es\/wp-json\/wp\/v2\/media\/41748"}],"wp:attachment":[{"href":"https:\/\/www.parsemains.com\/es\/wp-json\/wp\/v2\/media?parent=28749"}],"wp:term":[{"taxonomy":"product_brand","embeddable":true,"href":"https:\/\/www.parsemains.com\/es\/wp-json\/wp\/v2\/product_brand?post=28749"},{"taxonomy":"product_cat","embeddable":true,"href":"https:\/\/www.parsemains.com\/es\/wp-json\/wp\/v2\/product_cat?post=28749"},{"taxonomy":"product_tag","embeddable":true,"href":"https:\/\/www.parsemains.com\/es\/wp-json\/wp\/v2\/product_tag?post=28749"}],"curies":[{"name":"wp","href":"https:\/\/api.w.org\/{rel}","templated":true}]}}