{"id":28525,"date":"2023-09-12T09:09:02","date_gmt":"2023-09-12T07:09:02","guid":{"rendered":"https:\/\/www.parsemains.com\/?post_type=product&#038;p=28525"},"modified":"2024-08-27T13:18:56","modified_gmt":"2024-08-27T11:18:56","slug":"faire-part-mariage-ensemence-idylle","status":"publish","type":"product","link":"https:\/\/www.parsemains.com\/es\/producto\/faire-part-mariage-ensemence-divine-idylle\/","title":{"rendered":"Invitaciones de boda con semillas - Divine Idylle"},"content":{"rendered":"<div class=\"flex-1 overflow-hidden\">\n<div class=\"react-scroll-to-bottom--css-qyzsl-79elbk h-full dark:bg-gray-800\">\n<div class=\"react-scroll-to-bottom--css-qyzsl-1n7m0yu\">\n<div class=\"flex flex-col text-sm dark:bg-gray-800\">\n<div class=\"group w-full text-token-text-primary border-b border-black\/10 dark:border-gray-900\/50 bg-gray-50 dark:bg-[#444654]\" data-testid=\"conversation-turn-2\">\n<div class=\"p-4 justify-center text-base md:gap-6 md:py-6 m-auto\">\n<div class=\"flex flex-1 gap-4 text-base mx-auto md:gap-6 md:max-w-2xl lg:max-w-[38rem] xl:max-w-3xl }\">\n<div class=\"relative flex w-[calc(100%-50px)] flex-col gap-1 md:gap-3 lg:w-[calc(100%-115px)]\">\n<div class=\"flex flex-grow flex-col gap-3 max-w-full\">\n<div class=\"min-h-[20px] flex flex-col items-start gap-3 overflow-x-auto whitespace-pre-wrap break-words\">\n<div class=\"markdown prose w-full break-words dark:prose-invert dark\">\n<p><strong>Invitaciones de boda con semillas - Divine Idylle<\/strong><\/p>\n<p><strong>Caracter\u00edsticas :<\/strong><\/p>\n<p><strong>Elegancia natural<\/strong>\u00a0Divine Idylle\" es una invitaci\u00f3n delicada. Fabricada con nuestro papel de alta gama sembrado a mano, evoca la elegancia natural y la conciencia medioambiental. Cada invitaci\u00f3n es \u00fanica, adornada con delicados motivos de eucalipto que reflejan su amor por la naturaleza.<\/p>\n<p><strong>Un recuerdo que crece<\/strong> Esta invitaci\u00f3n especial contiene semillas org\u00e1nicas de flores silvestres, incrustadas directamente en el papel. Cuando acabe la fiesta, tus invitados podr\u00e1n plantar esta invitaci\u00f3n en su jard\u00edn y ver c\u00f3mo el amor que compart\u00eds crece y florece en hermosas y mel\u00edferas flores silvestres.<\/p>\n<p><strong>Personalizaci\u00f3n<\/strong>\u00a0Cada detalle de la invitaci\u00f3n Idilio Divino puede personalizarse para adaptarse a sus necesidades. Elige el texto y los colores para crear una invitaci\u00f3n que refleje a la perfecci\u00f3n tu estilo y el ambiente que quieres crear para tu boda.<\/p>\n<p><strong>Un mensaje duradero<\/strong> Al optar por esta invitaci\u00f3n ecol\u00f3gica, estar\u00e1s enviando un mensaje de sostenibilidad y respeto por la naturaleza. Tu boda ser\u00e1 una celebraci\u00f3n del amor, no solo entre vosotros dos, sino tambi\u00e9n por nuestro planeta.<\/p>\n<p><strong>Un romance divino por venir<\/strong> El anuncio \"Idilio divino\" en papel con semillas marca el inicio de una aventura compartida, la promesa de un futuro floreciente y un idilio divino que no ha hecho m\u00e1s que empezar.<\/p>\n<p>Ofrezca a sus invitados una experiencia inolvidable envi\u00e1ndoles el Anuncio de Papel Sembrado \"Idilio Divino\", una invitaci\u00f3n que encarna el amor, la naturaleza y la belleza atemporal. Pida la suya hoy mismo y comience su viaje hacia una boda excepcional.<\/p>\n<p><em>El amor es eterno, como la vida que crece y florece en cada semilla plantada.<\/em><\/p>\n<p><strong>Invitaciones de boda con semillas - Divine Idylle<\/strong><\/p>\n<p>&nbsp;<\/p>\n<\/div>\n<\/div>\n<\/div>\n<\/div>\n<\/div>\n<\/div>\n<\/div>\n<\/div>\n<\/div>\n<\/div>\n<\/div>","protected":false},"excerpt":{"rendered":"<p><strong>Invitaciones de boda con semillas - Divine Idylle<\/strong><\/p>\n<p>Una historia de amor \u00fanica significa una boda \u00fanica... Para celebrar este momento m\u00e1gico lleno de significado, presentamos la invitaci\u00f3n \"Idilio Divino\" en papel de semillas, una invitaci\u00f3n que subraya la belleza de su amor y la promesa de un futuro floreciente.<\/p>\n<p><b>dimensiones : <\/b>13,5 x 13,5 cm<br \/>\n<b>papel<\/b>\u00a0Parsemains ecorreciclados hechos a mano en Francia, aprox. 250 g\/m\u00b2.<br \/>\n<b>semillas<\/b> una mezcla de flores silvestres ecol\u00f3gicas o hierbas arom\u00e1ticas (a elegir)<\/p>\n<p><strong>Invitaciones de boda con semillas - Divine Idylle<\/strong><\/p>\n<p><img decoding=\"async\" class=\"alignnone size-medium wp-image-13406\" src=\"https:\/\/www.parsemains.com\/wp-content\/uploads\/2023\/04\/footer-payment-method-7-300x27.png\" alt=\"pie-m\u00e9todo-de-pago.png\" width=\"300\" height=\"27\" srcset=\"https:\/\/www.parsemains.com\/wp-content\/uploads\/2023\/04\/footer-payment-method-7-300x27.png 300w, https:\/\/www.parsemains.com\/wp-content\/uploads\/2023\/04\/footer-payment-method-7.png 358w\" sizes=\"(max-width: 300px) 100vw, 300px\" \/><\/p>","protected":false},"featured_media":41759,"comment_status":"open","ping_status":"closed","template":"","meta":[],"product_brand":[],"product_cat":[180],"product_tag":[],"class_list":{"0":"post-28525","1":"product","2":"type-product","3":"status-publish","4":"has-post-thumbnail","6":"product_cat-faire-part-mariage-ensemence-ecologique","8":"first","9":"instock","10":"shipping-taxable","11":"purchasable","12":"product-type-variable"},"_links":{"self":[{"href":"https:\/\/www.parsemains.com\/es\/wp-json\/wp\/v2\/product\/28525","targetHints":{"allow":["GET"]}}],"collection":[{"href":"https:\/\/www.parsemains.com\/es\/wp-json\/wp\/v2\/product"}],"about":[{"href":"https:\/\/www.parsemains.com\/es\/wp-json\/wp\/v2\/types\/product"}],"replies":[{"embeddable":true,"href":"https:\/\/www.parsemains.com\/es\/wp-json\/wp\/v2\/comments?post=28525"}],"wp:featuredmedia":[{"embeddable":true,"href":"https:\/\/www.parsemains.com\/es\/wp-json\/wp\/v2\/media\/41759"}],"wp:attachment":[{"href":"https:\/\/www.parsemains.com\/es\/wp-json\/wp\/v2\/media?parent=28525"}],"wp:term":[{"taxonomy":"product_brand","embeddable":true,"href":"https:\/\/www.parsemains.com\/es\/wp-json\/wp\/v2\/product_brand?post=28525"},{"taxonomy":"product_cat","embeddable":true,"href":"https:\/\/www.parsemains.com\/es\/wp-json\/wp\/v2\/product_cat?post=28525"},{"taxonomy":"product_tag","embeddable":true,"href":"https:\/\/www.parsemains.com\/es\/wp-json\/wp\/v2\/product_tag?post=28525"}],"curies":[{"name":"wp","href":"https:\/\/api.w.org\/{rel}","templated":true}]}}