{"id":28421,"date":"2023-09-12T07:31:58","date_gmt":"2023-09-12T05:31:58","guid":{"rendered":"https:\/\/www.parsemains.com\/?post_type=product&#038;p=28421"},"modified":"2024-08-27T13:23:05","modified_gmt":"2024-08-27T11:23:05","slug":"faire-part-mariage-ensemence-de-fleurs","status":"publish","type":"product","link":"https:\/\/www.parsemains.com\/es\/producto\/hacer-boda-boda-semillas-flores\/","title":{"rendered":"Faire-part mariage ensemenc\u00e9 - Flores de ternura"},"content":{"rendered":"<div class=\"flex-1 overflow-hidden\">\n<div class=\"react-scroll-to-bottom--css-qyzsl-79elbk h-full dark:bg-gray-800\">\n<div class=\"react-scroll-to-bottom--css-qyzsl-1n7m0yu\">\n<div class=\"flex flex-col text-sm dark:bg-gray-800\">\n<div class=\"group w-full text-token-text-primary border-b border-black\/10 dark:border-gray-900\/50 bg-gray-50 dark:bg-[#444654]\" data-testid=\"conversation-turn-2\">\n<div class=\"p-4 justify-center text-base md:gap-6 md:py-6 m-auto\">\n<div class=\"flex flex-1 gap-4 text-base mx-auto md:gap-6 md:max-w-2xl lg:max-w-[38rem] xl:max-w-3xl }\">\n<div class=\"relative flex w-[calc(100%-50px)] flex-col gap-1 md:gap-3 lg:w-[calc(100%-115px)]\">\n<div class=\"flex flex-grow flex-col gap-3 max-w-full\">\n<div class=\"min-h-[20px] flex flex-col items-start gap-3 overflow-x-auto whitespace-pre-wrap break-words\">\n<div class=\"markdown prose w-full break-words dark:prose-invert dark\">\n<p><strong>Faire-part mariage ensemenc\u00e9 - Flores de ternura<\/strong><\/p>\n<p><strong>Caracter\u00edsticas<\/strong>\u00a0:<\/p>\n<p><strong>Papel ecol\u00f3gico con semillas<\/strong> Nuestra invitaci\u00f3n est\u00e1 hecha de papel con semillas, lo que significa que una vez que tus invitados la hayan recibido y le\u00eddo, podr\u00e1n plantarla para que crezcan hermosas flores silvestres. Una forma muy simb\u00f3lica de marcar el comienzo de vuestra nueva vida juntos.<\/p>\n<p><strong>Dise\u00f1o elegante y refinado<\/strong> Fleurs de Tendresse\" es un dise\u00f1o refinado y art\u00edstico con delicados motivos florales, curvas suaves y una paleta de colores relajante. Esta invitaci\u00f3n a\u00f1ade un toque de romanticismo a su anuncio de boda.<\/p>\n<p><strong>Personalizaci\u00f3n<\/strong> Sabemos que cada boda es \u00fanica. Puede personalizar esta invitaci\u00f3n para que refleje a la perfecci\u00f3n su estilo y su historia de amor. A\u00f1ade vuestros nombres, la fecha de la boda e incluso una cita especial para hacerla a\u00fan m\u00e1s personal.<\/p>\n<p><strong>Eco-responsable<\/strong> Al elegir nuestras invitaciones de papel con semillas, estar\u00e1s aportando tu granito de arena al planeta. Contribuye a reducir los residuos y a fomentar la biodiversidad ofreciendo a tus invitados una invitaci\u00f3n que se convierte en una hermosa planta sorpresa.<\/p>\n<p><strong>Facilidad de uso<\/strong> Se incluyen instrucciones para plantar el papel con semillas, lo que hace que el proceso sea sencillo y divertido para tus invitados. Podr\u00e1n crear su propio trozo de naturaleza en honor a tu boda.<\/p>\n<p><strong>\"Flores de ternura<\/strong> es mucho m\u00e1s que una simple invitaci\u00f3n de boda; es un s\u00edmbolo de su amor en plena floraci\u00f3n y de su compromiso con el medio ambiente. Regale a sus seres queridos una experiencia memorable y duradera eligiendo esta invitaci\u00f3n excepcional.<\/p>\n<p>D\u00e9 el primer paso hacia una vida en com\u00fan evocando la belleza de la naturaleza con nuestra invitaci\u00f3n de boda de papel con semillas \"Fleurs de Tendresse\".<\/p>\n<p><strong>Pida el suyo hoy mismo y plante las semillas de su amor que florecer\u00e1n para siempre.<\/strong><\/p>\n<p><strong>Faire-part mariage ensemenc\u00e9 - Flores de ternura<\/strong><\/p>\n<\/div>\n<\/div>\n<\/div>\n<\/div>\n<\/div>\n<\/div>\n<\/div>\n<\/div>\n<\/div>\n<\/div>\n<\/div>","protected":false},"excerpt":{"rendered":"<p><strong>Faire-part mariage ensemenc\u00e9 - Flores de ternura<\/strong><\/p>\n<p>Deje que su amor florezca con nuestro magn\u00edfico anuncio de boda \"Fleurs de Tendresse\", una invitaci\u00f3n tan bella como significativa para celebrar este nuevo comienzo de su viaje juntos.<\/p>\n<p>Dise\u00f1ada con esmero y fabricada con nuestro papel sembrado artesanal de alta gama, esta invitaci\u00f3n francesa 100% combina la elegancia atemporal con un toque ecol\u00f3gico.<\/p>\n<p><b>dimensiones : <\/b>10 x 14 cm<br \/>\n<b>papel<\/b>\u00a0Parsemains ecorreciclados hechos a mano en Francia, aprox. 250 g\/m\u00b2.<br \/>\n<b>semillas<\/b> una mezcla de flores silvestres ecol\u00f3gicas o hierbas arom\u00e1ticas (a elegir)<\/p>\n<p><strong>Faire-part mariage ensemenc\u00e9 - Flores de ternura<\/strong><\/p>\n<p><img decoding=\"async\" class=\"alignnone size-medium wp-image-13406\" src=\"https:\/\/www.parsemains.com\/wp-content\/uploads\/2023\/04\/footer-payment-method-7-300x27.png\" alt=\"pie-m\u00e9todo-de-pago.png\" width=\"300\" height=\"27\" srcset=\"https:\/\/www.parsemains.com\/wp-content\/uploads\/2023\/04\/footer-payment-method-7-300x27.png 300w, https:\/\/www.parsemains.com\/wp-content\/uploads\/2023\/04\/footer-payment-method-7.png 358w\" sizes=\"(max-width: 300px) 100vw, 300px\" \/><\/p>","protected":false},"featured_media":41755,"comment_status":"open","ping_status":"closed","template":"","meta":[],"product_brand":[],"product_cat":[180,451],"product_tag":[],"class_list":{"0":"post-28421","1":"product","2":"type-product","3":"status-publish","4":"has-post-thumbnail","6":"product_cat-faire-part-mariage-ensemence-ecologique","7":"product_cat-fleurs-de-tendresse","9":"first","10":"instock","11":"shipping-taxable","12":"purchasable","13":"product-type-variable"},"_links":{"self":[{"href":"https:\/\/www.parsemains.com\/es\/wp-json\/wp\/v2\/product\/28421","targetHints":{"allow":["GET"]}}],"collection":[{"href":"https:\/\/www.parsemains.com\/es\/wp-json\/wp\/v2\/product"}],"about":[{"href":"https:\/\/www.parsemains.com\/es\/wp-json\/wp\/v2\/types\/product"}],"replies":[{"embeddable":true,"href":"https:\/\/www.parsemains.com\/es\/wp-json\/wp\/v2\/comments?post=28421"}],"wp:featuredmedia":[{"embeddable":true,"href":"https:\/\/www.parsemains.com\/es\/wp-json\/wp\/v2\/media\/41755"}],"wp:attachment":[{"href":"https:\/\/www.parsemains.com\/es\/wp-json\/wp\/v2\/media?parent=28421"}],"wp:term":[{"taxonomy":"product_brand","embeddable":true,"href":"https:\/\/www.parsemains.com\/es\/wp-json\/wp\/v2\/product_brand?post=28421"},{"taxonomy":"product_cat","embeddable":true,"href":"https:\/\/www.parsemains.com\/es\/wp-json\/wp\/v2\/product_cat?post=28421"},{"taxonomy":"product_tag","embeddable":true,"href":"https:\/\/www.parsemains.com\/es\/wp-json\/wp\/v2\/product_tag?post=28421"}],"curies":[{"name":"wp","href":"https:\/\/api.w.org\/{rel}","templated":true}]}}