{"id":27490,"date":"2023-09-11T05:08:23","date_gmt":"2023-09-11T03:08:23","guid":{"rendered":"https:\/\/www.parsemains.com\/?post_type=product&#038;p=27490"},"modified":"2024-10-17T13:27:53","modified_gmt":"2024-10-17T11:27:53","slug":"carte-de-remerciement-mariage-ecologique-ensemencee-histoire-de-coquelicot","status":"publish","type":"product","link":"https:\/\/www.parsemains.com\/es\/producto\/agradecimiento-tarjeta-ecologica-semilla-de-boda-amapola-historia\/","title":{"rendered":"Tarjeta de agradecimiento de boda ecol\u00f3gica con semillas - \"Histoire de coquelicot\" (Historia de la amapola)"},"content":{"rendered":"<div class=\"flex-1 overflow-hidden\">\n<div class=\"react-scroll-to-bottom--css-qyzsl-79elbk h-full dark:bg-gray-800\">\n<div class=\"react-scroll-to-bottom--css-qyzsl-1n7m0yu\">\n<div class=\"flex flex-col text-sm dark:bg-gray-800\">\n<div class=\"group w-full text-token-text-primary border-b border-black\/10 dark:border-gray-900\/50 bg-gray-50 dark:bg-[#444654]\" data-testid=\"conversation-turn-2\">\n<div class=\"p-4 justify-center text-base md:gap-6 md:py-6 m-auto\">\n<div class=\"flex flex-1 gap-4 text-base mx-auto md:gap-6 md:max-w-2xl lg:max-w-[38rem] xl:max-w-3xl }\">\n<div class=\"relative flex w-[calc(100%-50px)] flex-col gap-1 md:gap-3 lg:w-[calc(100%-115px)]\">\n<div class=\"flex flex-grow flex-col gap-3 max-w-full\">\n<div class=\"min-h-[20px] flex flex-col items-start gap-3 overflow-x-auto whitespace-pre-wrap break-words\">\n<div class=\"markdown prose w-full break-words dark:prose-invert dark\">\n<p><strong>Tarjeta de agradecimiento de boda ecol\u00f3gica con semillas - \"Histoire de coquelicot\" (Historia de la amapola)<\/strong><\/p>\n<p><strong>Ecol\u00f3gico y sostenible<\/strong> :<br \/>\nFabricada en papel con semillas, esta tarjeta de agradecimiento es una opci\u00f3n respetuosa con el medio ambiente. Una vez le\u00edda y disfrutada, puede plantarse en una maceta o en el jard\u00edn, donde se transformar\u00e1 en una maravillosa sorpresa floral. Las semillas de flores silvestres ecol\u00f3gicas del papel germinar\u00e1n para crear hermosas flores, que recordar\u00e1n a sus seres queridos el amor que comparten.<\/p>\n<p><strong>Personalizaci\u00f3n \u00edntima<\/strong> :<br \/>\nLa tarjeta \"Histoire de Coquelicot\" ofrece un generoso espacio para escribir sus notas de agradecimiento personalizadas. Tanto si desea expresar su gratitud por los regalos, el apoyo o simplemente la presencia de sus seres queridos en su boda, esta tarjeta le permite expresar sus sentimientos de forma c\u00e1lida y aut\u00e9ntica.<\/p>\n<p><strong>El arte de celebrar el amor<\/strong> :<br \/>\nCada tarjeta est\u00e1 cuidadosamente dise\u00f1ada, combinando elegancia y emoci\u00f3n. Encarna el arte de celebrar el amor, y ser\u00e1 un precioso recuerdo para quienes la reciban. Regale a sus seres queridos una tarjeta que prolongue la magia de su boda y simbolice el continuo crecimiento de su uni\u00f3n.<\/p>\n<p><strong>Una memoria viva<\/strong> :<br \/>\nCada vez que tus amigos y familiares vean las amapolas en flor, recordar\u00e1n no s\u00f3lo vuestro d\u00eda especial, sino tambi\u00e9n el amor que sigue creciendo entre vosotros.<\/p>\n<p>Haga de su agradecimiento una experiencia memorable con la tarjeta de agradecimiento \"Poppy Story\" hecha de papel con semillas. Una forma hermosa, significativa y respetuosa de dar las gracias a quienes compartieron tu d\u00eda inolvidable. Deje que su amor florezca y crezca como las hermosas amapolas que nacer\u00e1n de esta tarjeta especial.<\/p>\n<p><strong>Tarjeta de agradecimiento de boda ecol\u00f3gica con semillas - \"Histoire de coquelicot\" (Historia de la amapola)<\/strong><\/p>\n<\/div>\n<\/div>\n<\/div>\n<\/div>\n<\/div>\n<\/div>\n<\/div>\n<\/div>\n<\/div>\n<\/div>\n<\/div>","protected":false},"excerpt":{"rendered":"<p><strong>Tarjeta de agradecimiento de boda ecol\u00f3gica con semillas - \"Histoire de coquelicot\" (Historia de la amapola)<\/strong><\/p>\n<p>Captar la esencia del amor en una tarjeta de agradecimiento, eso es lo que le ofrece la tarjeta \"Poppy Story\" en papel con semillas. Esta exquisita tarjeta es mucho m\u00e1s que un simple gesto de gratitud; es una invitaci\u00f3n a participar en el crecimiento del amor eterno.<\/p>\n<p>Las amapolas, con su brillante color rojo y su fugaz delicadeza, simbolizan el amor, la pasi\u00f3n y la promesa de un futuro brillante. Cada tarjeta \"Poppy Story\" est\u00e1 adornada con un elegante motivo de amapolas, que aporta un toque de romanticismo moderno a su mensaje de agradecimiento.<\/p>\n<p><b>dimensiones <\/b>9,5 x 9,5 cm<br \/>\n<b>papel<\/b>\u00a0Parsemains ecorreciclados hechos a mano, aprox. 250 g\/m\u00b2.<br \/>\n<b>semillas<\/b> Mezcla de flores silvestres ecol\u00f3gicas<\/p>\n<p><strong>Tarjeta de agradecimiento de boda ecol\u00f3gica con semillas - \"Histoire de coquelicot\" (Historia de la amapola)<\/strong><\/p>","protected":false},"featured_media":39597,"comment_status":"open","ping_status":"closed","template":"","meta":[],"product_brand":[],"product_cat":[173,209],"product_tag":[],"class_list":{"0":"post-27490","1":"product","2":"type-product","3":"status-publish","4":"has-post-thumbnail","6":"product_cat-carte-remerciement-ensemencee-mariage","7":"product_cat-cartes-de-remerciement-a-planter","9":"first","10":"instock","11":"shipping-taxable","12":"purchasable","13":"product-type-variable"},"_links":{"self":[{"href":"https:\/\/www.parsemains.com\/es\/wp-json\/wp\/v2\/product\/27490","targetHints":{"allow":["GET"]}}],"collection":[{"href":"https:\/\/www.parsemains.com\/es\/wp-json\/wp\/v2\/product"}],"about":[{"href":"https:\/\/www.parsemains.com\/es\/wp-json\/wp\/v2\/types\/product"}],"replies":[{"embeddable":true,"href":"https:\/\/www.parsemains.com\/es\/wp-json\/wp\/v2\/comments?post=27490"}],"wp:featuredmedia":[{"embeddable":true,"href":"https:\/\/www.parsemains.com\/es\/wp-json\/wp\/v2\/media\/39597"}],"wp:attachment":[{"href":"https:\/\/www.parsemains.com\/es\/wp-json\/wp\/v2\/media?parent=27490"}],"wp:term":[{"taxonomy":"product_brand","embeddable":true,"href":"https:\/\/www.parsemains.com\/es\/wp-json\/wp\/v2\/product_brand?post=27490"},{"taxonomy":"product_cat","embeddable":true,"href":"https:\/\/www.parsemains.com\/es\/wp-json\/wp\/v2\/product_cat?post=27490"},{"taxonomy":"product_tag","embeddable":true,"href":"https:\/\/www.parsemains.com\/es\/wp-json\/wp\/v2\/product_tag?post=27490"}],"curies":[{"name":"wp","href":"https:\/\/api.w.org\/{rel}","templated":true}]}}