{"id":27386,"date":"2023-09-10T21:37:03","date_gmt":"2023-09-10T19:37:03","guid":{"rendered":"https:\/\/www.parsemains.com\/?post_type=product&#038;p=27386"},"modified":"2023-11-18T00:19:55","modified_gmt":"2023-11-17T23:19:55","slug":"carte-remerciement-mariage-ensemencee","status":"publish","type":"product","link":"https:\/\/www.parsemains.com\/es\/producto\/tarjeta-de-agradecimiento-por-la-boda-de-invierno\/","title":{"rendered":"Tarjeta de agradecimiento de boda con semillas - Invierno"},"content":{"rendered":"<div class=\"flex-1 overflow-hidden\">\n<div class=\"react-scroll-to-bottom--css-qyzsl-79elbk h-full dark:bg-gray-800\">\n<div class=\"react-scroll-to-bottom--css-qyzsl-1n7m0yu\">\n<div class=\"flex flex-col text-sm dark:bg-gray-800\">\n<div class=\"group w-full text-token-text-primary border-b border-black\/10 dark:border-gray-900\/50 bg-gray-50 dark:bg-[#444654]\" data-testid=\"conversation-turn-2\">\n<div class=\"p-4 justify-center text-base md:gap-6 md:py-6 m-auto\">\n<div class=\"flex flex-1 gap-4 text-base mx-auto md:gap-6 md:max-w-2xl lg:max-w-[38rem] xl:max-w-3xl }\">\n<div class=\"relative flex w-[calc(100%-50px)] flex-col gap-1 md:gap-3 lg:w-[calc(100%-115px)]\">\n<div class=\"flex flex-grow flex-col gap-3 max-w-full\">\n<div class=\"min-h-[20px] flex flex-col items-start gap-3 overflow-x-auto whitespace-pre-wrap break-words\">\n<div class=\"markdown prose w-full break-words dark:prose-invert dark\">\n<p><strong>Tarjeta de agradecimiento de boda con semillas - Invierno<\/strong><\/p>\n<p><strong>Caracter\u00edsticas :<\/strong><\/p>\n<p><strong>Dise\u00f1o elegante y de temporada<\/strong> Nuestra tarjeta de agradecimiento \"Invierno\" tiene un dise\u00f1o art\u00edstico e invernal, con tonos azules y plateados que evocan la magia de la estaci\u00f3n.<\/p>\n<p><strong>Eco-responsable<\/strong> Fabricada en papel con semillas de alta calidad, esta tarjeta es 100 % biodegradable. Despu\u00e9s de ser le\u00edda y disfrutada, puede plantarse para que crezcan hermosas flores silvestres o hierbas, creando un recuerdo inolvidable de su boda.<\/p>\n<p><strong>Personalizable<\/strong> Puedes personalizar tu tarjeta con vuestros nombres, la fecha de la boda y un mensaje especial de agradecimiento. Convi\u00e9rtala en un recuerdo \u00fanico y significativo para sus invitados.<\/p>\n<p><strong>Formato pr\u00e1ctico<\/strong> El tama\u00f1o de esta tarjeta de agradecimiento facilita su introducci\u00f3n en un sobre est\u00e1ndar y su env\u00edo a amigos y familiares.<\/p>\n<p><strong>Un regalo que no pasa de moda<\/strong> Al elegir nuestra tarjeta de agradecimiento \"Invierno\" de papel con semillas, estar\u00e1 ofreciendo a sus invitados mucho m\u00e1s que un simple agradecimiento. Les est\u00e1s dando la oportunidad de cultivar flores y ayudar a preservar nuestro medio ambiente.<\/p>\n<p>Tanto si celebra una boda nevada como si simplemente desea capturar la belleza de la estaci\u00f3n, nuestra tarjeta de agradecimiento \"Invierno\" de papel con semillas es la elecci\u00f3n perfecta para compartir su gratitud de una forma memorable y respetuosa con la naturaleza.<\/p>\n<p>Demuestre su amor por sus seres queridos y por el planeta con esta tarjeta de agradecimiento \u00fanica y elegante.<\/p>\n<p><strong>Haga su pedido hoy mismo para crear recuerdos inolvidables.<\/strong><\/p>\n<p><strong>Tarjeta de agradecimiento de boda con semillas - Invierno<\/strong><\/p>\n<\/div>\n<\/div>\n<\/div>\n<\/div>\n<\/div>\n<\/div>\n<\/div>\n<\/div>\n<\/div>\n<\/div>\n<\/div>","protected":false},"excerpt":{"rendered":"<p><strong>Tarjeta de agradecimiento de boda con semillas - Invierno<\/strong><\/p>\n<p>\u00bfEst\u00e1 buscando una forma elegante y ecol\u00f3gica de expresar su gratitud a sus seres queridos tras su boda de invierno? Nuestra tarjeta de agradecimiento \"Invierno\" hecha con papel de semillas es la soluci\u00f3n perfecta.<\/p>\n<p>Esta exquisita tarjeta de agradecimiento no s\u00f3lo muestra su aprecio, sino que tambi\u00e9n est\u00e1 dise\u00f1ada para crear recuerdos maravillosos y duraderos.<\/p>\n<p><strong>Tarjeta de agradecimiento de boda con semillas - Invierno<\/strong><\/p>\n<p><img decoding=\"async\" class=\"alignnone size-medium wp-image-13406\" src=\"https:\/\/www.parsemains.com\/wp-content\/uploads\/2023\/04\/footer-payment-method-7-300x27.png\" alt=\"pie-m\u00e9todo-de-pago.png\" width=\"300\" height=\"27\" srcset=\"https:\/\/www.parsemains.com\/wp-content\/uploads\/2023\/04\/footer-payment-method-7-300x27.png 300w, https:\/\/www.parsemains.com\/wp-content\/uploads\/2023\/04\/footer-payment-method-7.png 358w\" sizes=\"(max-width: 300px) 100vw, 300px\" \/><\/p>","protected":false},"featured_media":27489,"comment_status":"open","ping_status":"closed","template":"","meta":[],"product_brand":[],"product_cat":[173],"product_tag":[],"class_list":{"0":"post-27386","1":"product","2":"type-product","3":"status-publish","4":"has-post-thumbnail","6":"product_cat-carte-remerciement-ensemencee-mariage","8":"first","9":"instock","10":"shipping-taxable","11":"purchasable","12":"product-type-variable"},"_links":{"self":[{"href":"https:\/\/www.parsemains.com\/es\/wp-json\/wp\/v2\/product\/27386","targetHints":{"allow":["GET"]}}],"collection":[{"href":"https:\/\/www.parsemains.com\/es\/wp-json\/wp\/v2\/product"}],"about":[{"href":"https:\/\/www.parsemains.com\/es\/wp-json\/wp\/v2\/types\/product"}],"replies":[{"embeddable":true,"href":"https:\/\/www.parsemains.com\/es\/wp-json\/wp\/v2\/comments?post=27386"}],"wp:featuredmedia":[{"embeddable":true,"href":"https:\/\/www.parsemains.com\/es\/wp-json\/wp\/v2\/media\/27489"}],"wp:attachment":[{"href":"https:\/\/www.parsemains.com\/es\/wp-json\/wp\/v2\/media?parent=27386"}],"wp:term":[{"taxonomy":"product_brand","embeddable":true,"href":"https:\/\/www.parsemains.com\/es\/wp-json\/wp\/v2\/product_brand?post=27386"},{"taxonomy":"product_cat","embeddable":true,"href":"https:\/\/www.parsemains.com\/es\/wp-json\/wp\/v2\/product_cat?post=27386"},{"taxonomy":"product_tag","embeddable":true,"href":"https:\/\/www.parsemains.com\/es\/wp-json\/wp\/v2\/product_tag?post=27386"}],"curies":[{"name":"wp","href":"https:\/\/api.w.org\/{rel}","templated":true}]}}