{"id":27282,"date":"2023-09-10T21:27:55","date_gmt":"2023-09-10T19:27:55","guid":{"rendered":"https:\/\/www.parsemains.com\/?post_type=product&#038;p=27282"},"modified":"2023-11-18T00:26:34","modified_gmt":"2023-11-17T23:26:34","slug":"carte-remerciement-ensemencee-mariage","status":"publish","type":"product","link":"https:\/\/www.parsemains.com\/es\/producto\/tarjeta-de-agradecimiento-boda-semilla-otono\/","title":{"rendered":"Tarjeta de agradecimiento de boda con semillas - Oto\u00f1o"},"content":{"rendered":"<div class=\"flex-1 overflow-hidden\">\n<div class=\"react-scroll-to-bottom--css-qyzsl-79elbk h-full dark:bg-gray-800\">\n<div class=\"react-scroll-to-bottom--css-qyzsl-1n7m0yu\">\n<div class=\"flex flex-col text-sm dark:bg-gray-800\">\n<div class=\"group w-full text-token-text-primary border-b border-black\/10 dark:border-gray-900\/50 bg-gray-50 dark:bg-[#444654]\" data-testid=\"conversation-turn-2\">\n<div class=\"p-4 justify-center text-base md:gap-6 md:py-6 m-auto\">\n<div class=\"flex flex-1 gap-4 text-base mx-auto md:gap-6 md:max-w-2xl lg:max-w-[38rem] xl:max-w-3xl }\">\n<div class=\"relative flex w-[calc(100%-50px)] flex-col gap-1 md:gap-3 lg:w-[calc(100%-115px)]\">\n<div class=\"flex flex-grow flex-col gap-3 max-w-full\">\n<div class=\"min-h-[20px] flex flex-col items-start gap-3 overflow-x-auto whitespace-pre-wrap break-words\">\n<div class=\"markdown prose w-full break-words dark:prose-invert dark\">\n<p><strong>Tarjeta de agradecimiento de boda con semillas - Oto\u00f1o<\/strong><\/p>\n<p><strong>Caracter\u00edsticas excepcionales :<\/strong><\/p>\n<p><strong>Papel sembrado de calidad superior<\/strong> Nuestra tarjeta est\u00e1 hecha de papel con semillas de alta calidad, una innovaci\u00f3n ecol\u00f3gica que devuelve la vida a la naturaleza. Despu\u00e9s de leerla y disfrutarla, simplemente pl\u00e1ntala en el suelo y florecer\u00e1n hermosas flores silvestres o hierbas, creando recuerdos hermosos y duraderos.<\/p>\n<p><strong>Exquisito dise\u00f1o oto\u00f1al<\/strong> La est\u00e9tica del oto\u00f1o queda plasmada en cada detalle de esta tarjeta. Los ricos tonos rojos, naranjas y marrones recuerdan las hojas de arce y roble que caen suavemente al suelo. La delicada ilustraci\u00f3n de una rama de \u00e1rbol adornada con hojas doradas a\u00f1ade un toque rom\u00e1ntico al conjunto.<\/p>\n<p><strong>F\u00e1cil personalizaci\u00f3n<\/strong> A\u00f1ada su toque personal personalizando el mensaje de la tarjeta para expresar su gratitud de forma sincera y aut\u00e9ntica. Tambi\u00e9n le ofrecemos la opci\u00f3n de incluir los nombres de los novios y la fecha de la boda para un recuerdo a\u00fan m\u00e1s memorable.<\/p>\n<p><strong>\u00bfPor qu\u00e9 elegir nuestra tarjeta de agradecimiento de papel con semillas \"Oto\u00f1o\"?<\/strong><\/p>\n<p><strong>Compromiso con el medio ambiente<\/strong> Al elegir nuestra tarjeta de agradecimiento hecha con papel sembrado, est\u00e1 mostrando su compromiso con la conservaci\u00f3n de nuestro planeta. Cada tarjeta plantada se convierte en un peque\u00f1o gesto por la biodiversidad.<\/p>\n<p><strong>Belleza ef\u00edmera y duradera<\/strong> El oto\u00f1o, aunque fugaz, deja una impresi\u00f3n duradera. Nuestra tarjeta encarna esta dualidad, ofreciendo una belleza ef\u00edmera en el momento presente y la promesa de una nueva vida que florecer\u00e1 en el futuro.<\/p>\n<p><strong>Un recuerdo inolvidable<\/strong> Sus invitados recordar\u00e1n su boda gracias a esta excepcional tarjeta de agradecimiento. Se convierte en objeto de conversaci\u00f3n y en una muestra tangible de tu amor.<\/p>\n<p>Para celebrar el amor, el oto\u00f1o y la naturaleza, elija nuestra Tarjeta de agradecimiento \"Oto\u00f1o\" de Papel de Semilla. Realice un gesto ecol\u00f3gico a la vez que expresa su gratitud con elegancia.<\/p>\n<p><strong>Haga su pedido hoy mismo y cree recuerdos inolvidables.<\/strong><\/p>\n<p><strong>Tarjeta de agradecimiento de boda con semillas - Oto\u00f1o<\/strong><\/p>\n<\/div>\n<\/div>\n<\/div>\n<\/div>\n<\/div>\n<\/div>\n<\/div>\n<\/div>\n<\/div>\n<\/div>\n<\/div>","protected":false},"excerpt":{"rendered":"<p><strong>Tarjeta de agradecimiento de boda con semillas - Oto\u00f1o<\/strong><\/p>\n<p>La elegancia natural del oto\u00f1o en una tarjeta de agradecimiento<\/p>\n<p>Sum\u00e9rjase en la c\u00e1lida atm\u00f3sfera del oto\u00f1o con nuestra tarjeta de agradecimiento \"Oto\u00f1o\" en papel de semillas, una fusi\u00f3n perfecta de la belleza de la naturaleza y la elegancia atemporal. Dise\u00f1ada para capturar el esp\u00edritu de esta encantadora estaci\u00f3n, esta tarjeta es mucho m\u00e1s que un simple gesto de gratitud: es toda una experiencia.<\/p>\n<p><strong>Tarjeta de agradecimiento de boda con semillas - Oto\u00f1o<\/strong><\/p>\n<p><img decoding=\"async\" class=\"alignnone size-medium wp-image-13406\" src=\"https:\/\/www.parsemains.com\/wp-content\/uploads\/2023\/04\/footer-payment-method-7-300x27.png\" alt=\"pie-m\u00e9todo-de-pago.png\" width=\"300\" height=\"27\" srcset=\"https:\/\/www.parsemains.com\/wp-content\/uploads\/2023\/04\/footer-payment-method-7-300x27.png 300w, https:\/\/www.parsemains.com\/wp-content\/uploads\/2023\/04\/footer-payment-method-7.png 358w\" sizes=\"(max-width: 300px) 100vw, 300px\" \/><\/p>","protected":false},"featured_media":27385,"comment_status":"open","ping_status":"closed","template":"","meta":[],"product_brand":[],"product_cat":[173],"product_tag":[],"class_list":{"0":"post-27282","1":"product","2":"type-product","3":"status-publish","4":"has-post-thumbnail","6":"product_cat-carte-remerciement-ensemencee-mariage","8":"first","9":"instock","10":"shipping-taxable","11":"purchasable","12":"product-type-variable"},"_links":{"self":[{"href":"https:\/\/www.parsemains.com\/es\/wp-json\/wp\/v2\/product\/27282","targetHints":{"allow":["GET"]}}],"collection":[{"href":"https:\/\/www.parsemains.com\/es\/wp-json\/wp\/v2\/product"}],"about":[{"href":"https:\/\/www.parsemains.com\/es\/wp-json\/wp\/v2\/types\/product"}],"replies":[{"embeddable":true,"href":"https:\/\/www.parsemains.com\/es\/wp-json\/wp\/v2\/comments?post=27282"}],"wp:featuredmedia":[{"embeddable":true,"href":"https:\/\/www.parsemains.com\/es\/wp-json\/wp\/v2\/media\/27385"}],"wp:attachment":[{"href":"https:\/\/www.parsemains.com\/es\/wp-json\/wp\/v2\/media?parent=27282"}],"wp:term":[{"taxonomy":"product_brand","embeddable":true,"href":"https:\/\/www.parsemains.com\/es\/wp-json\/wp\/v2\/product_brand?post=27282"},{"taxonomy":"product_cat","embeddable":true,"href":"https:\/\/www.parsemains.com\/es\/wp-json\/wp\/v2\/product_cat?post=27282"},{"taxonomy":"product_tag","embeddable":true,"href":"https:\/\/www.parsemains.com\/es\/wp-json\/wp\/v2\/product_tag?post=27282"}],"curies":[{"name":"wp","href":"https:\/\/api.w.org\/{rel}","templated":true}]}}