{"id":27178,"date":"2023-09-10T21:19:37","date_gmt":"2023-09-10T19:19:37","guid":{"rendered":"https:\/\/www.parsemains.com\/?post_type=product&#038;p=27178"},"modified":"2023-11-18T00:32:06","modified_gmt":"2023-11-17T23:32:06","slug":"carte-de-remerciement-a-planter-mariage","status":"publish","type":"product","link":"https:\/\/www.parsemains.com\/es\/producto\/tarjeta-de-agradecimiento-boda-verano\/","title":{"rendered":"Tarjeta de agradecimiento de boda - Verano"},"content":{"rendered":"<div class=\"flex-1 overflow-hidden\">\n<div class=\"react-scroll-to-bottom--css-qyzsl-79elbk h-full dark:bg-gray-800\">\n<div class=\"react-scroll-to-bottom--css-qyzsl-1n7m0yu\">\n<div class=\"flex flex-col text-sm dark:bg-gray-800\">\n<div class=\"group w-full text-token-text-primary border-b border-black\/10 dark:border-gray-900\/50 bg-gray-50 dark:bg-[#444654]\" data-testid=\"conversation-turn-2\">\n<div class=\"p-4 justify-center text-base md:gap-6 md:py-6 m-auto\">\n<div class=\"flex flex-1 gap-4 text-base mx-auto md:gap-6 md:max-w-2xl lg:max-w-[38rem] xl:max-w-3xl }\">\n<div class=\"relative flex w-[calc(100%-50px)] flex-col gap-1 md:gap-3 lg:w-[calc(100%-115px)]\">\n<div class=\"flex flex-grow flex-col gap-3 max-w-full\">\n<div class=\"min-h-[20px] flex flex-col items-start gap-3 overflow-x-auto whitespace-pre-wrap break-words\">\n<div class=\"markdown prose w-full break-words dark:prose-invert dark\">\n<p><strong>Tarjeta de agradecimiento de boda - Verano<\/strong><\/p>\n<p><strong>Hazte eco de la belleza de tu d\u00eda especial:<\/strong> La tarjeta de agradecimiento \"Verano\" encarna la maravilla de su boda estival. Elaborada con esmero, presenta un dise\u00f1o delicado y refinado que evoca los suaves rayos del sol y las frescas brisas veraniegas. Los colores vibrantes y los motivos florales captar\u00e1n a la perfecci\u00f3n la esencia de su uni\u00f3n, creando un recuerdo imborrable para sus invitados.<\/p>\n<p><strong>Un mensaje de agradecimiento personalizado<\/strong> Personalice cada tarjeta con sus sentidas palabras de agradecimiento. Exprese su gratitud de forma genuina y espec\u00edfica, haciendo que cada tarjeta sea \u00fanica e inolvidable para sus seres queridos.<\/p>\n<p><strong>Eco-responsabilidad y amor eterno<\/strong> Al elegir nuestra tarjeta de agradecimiento \"Verano\" de papel con semillas, estar\u00e1s haciendo un gesto a favor del medio ambiente al tiempo que honras vuestro amor eterno. Es un recuerdo que seguir\u00e1 floreciendo y creciendo con el tiempo, igual que vuestra boda.<\/p>\n<p><strong>Un compromiso con la naturaleza<\/strong> Dise\u00f1ada con un profundo respeto por el planeta, nuestra tarjeta de agradecimiento \"Verano\" est\u00e1 fabricada con papel con semillas de alta calidad. Despu\u00e9s de compartir tus palabras de gratitud, tus invitados podr\u00e1n plantar la tarjeta en su jard\u00edn o en una maceta. Se transformar\u00e1 en una flor silvestre o en un hermoso ramo de hierbas, un recuerdo de tu amor que sigue creciendo, igual que estas hermosas plantas.<\/p>\n<p>Deje que la belleza del verano y el amor eterno brillen a trav\u00e9s de nuestra tarjeta de agradecimiento \"Verano\" hecha de papel con semillas. Una forma excepcional de dar las gracias a tus seres queridos a la vez que ayudas a preservar nuestro planeta.<\/p>\n<p><strong>Haz tu pedido hoy y mant\u00e9n viva la magia de tu boda a lo largo de las estaciones.<\/strong><\/p>\n<p><strong>Tarjeta de agradecimiento de boda - Verano<\/strong><\/p>\n<p>&nbsp;<\/p>\n<\/div>\n<\/div>\n<\/div>\n<\/div>\n<\/div>\n<\/div>\n<\/div>\n<\/div>\n<\/div>\n<\/div>\n<\/div>","protected":false},"excerpt":{"rendered":"<p><strong>Tarjeta de agradecimiento de boda - Verano<\/strong><\/p>\n<p>Celebre el amor y la naturaleza con nuestra tarjeta de agradecimiento \"Verano\" hecha de papel con semillas, una forma extraordinaria de prolongar la magia de su boda al tiempo que ayuda a preservar nuestro planeta.<\/p>\n<p>Deja que la belleza del verano y el amor eterno brillen a trav\u00e9s de nuestra tarjeta de agradecimiento \"Verano\" de papel con semillas.<\/p>\n<p><strong>Tarjeta de agradecimiento de boda - Verano<\/strong><\/p>\n<p><img decoding=\"async\" class=\"alignnone size-medium wp-image-13406\" src=\"https:\/\/www.parsemains.com\/wp-content\/uploads\/2023\/04\/footer-payment-method-7-300x27.png\" alt=\"pie-m\u00e9todo-de-pago.png\" width=\"300\" height=\"27\" srcset=\"https:\/\/www.parsemains.com\/wp-content\/uploads\/2023\/04\/footer-payment-method-7-300x27.png 300w, https:\/\/www.parsemains.com\/wp-content\/uploads\/2023\/04\/footer-payment-method-7.png 358w\" sizes=\"(max-width: 300px) 100vw, 300px\" \/><\/p>\n<p>&nbsp;<\/p>","protected":false},"featured_media":27281,"comment_status":"open","ping_status":"closed","template":"","meta":[],"product_brand":[],"product_cat":[173],"product_tag":[],"class_list":{"0":"post-27178","1":"product","2":"type-product","3":"status-publish","4":"has-post-thumbnail","6":"product_cat-carte-remerciement-ensemencee-mariage","8":"first","9":"instock","10":"shipping-taxable","11":"purchasable","12":"product-type-variable"},"_links":{"self":[{"href":"https:\/\/www.parsemains.com\/es\/wp-json\/wp\/v2\/product\/27178","targetHints":{"allow":["GET"]}}],"collection":[{"href":"https:\/\/www.parsemains.com\/es\/wp-json\/wp\/v2\/product"}],"about":[{"href":"https:\/\/www.parsemains.com\/es\/wp-json\/wp\/v2\/types\/product"}],"replies":[{"embeddable":true,"href":"https:\/\/www.parsemains.com\/es\/wp-json\/wp\/v2\/comments?post=27178"}],"wp:featuredmedia":[{"embeddable":true,"href":"https:\/\/www.parsemains.com\/es\/wp-json\/wp\/v2\/media\/27281"}],"wp:attachment":[{"href":"https:\/\/www.parsemains.com\/es\/wp-json\/wp\/v2\/media?parent=27178"}],"wp:term":[{"taxonomy":"product_brand","embeddable":true,"href":"https:\/\/www.parsemains.com\/es\/wp-json\/wp\/v2\/product_brand?post=27178"},{"taxonomy":"product_cat","embeddable":true,"href":"https:\/\/www.parsemains.com\/es\/wp-json\/wp\/v2\/product_cat?post=27178"},{"taxonomy":"product_tag","embeddable":true,"href":"https:\/\/www.parsemains.com\/es\/wp-json\/wp\/v2\/product_tag?post=27178"}],"curies":[{"name":"wp","href":"https:\/\/api.w.org\/{rel}","templated":true}]}}