{"id":27074,"date":"2023-09-10T21:08:53","date_gmt":"2023-09-10T19:08:53","guid":{"rendered":"https:\/\/www.parsemains.com\/?post_type=product&#038;p=27074"},"modified":"2024-02-08T12:29:58","modified_gmt":"2024-02-08T11:29:58","slug":"carte-remerciement-mariage-a-planter","status":"publish","type":"product","link":"https:\/\/www.parsemains.com\/es\/producto\/tarjeta-de-agradecimiento-boda-semilla-primavera\/","title":{"rendered":"Tarjeta de agradecimiento de boda para plantar - Primavera"},"content":{"rendered":"<p><strong>Tarjeta de agradecimiento de boda para plantar - Primavera<\/strong><\/p>\n<p><strong>Caracter\u00edsticas destacadas :<\/strong><\/p>\n<p><strong>Ecol\u00f3gico y sostenible<\/strong> Nuestra tarjeta est\u00e1 hecha de papel con semillas, una iniciativa respetuosa con el medio ambiente. Una vez que hayas compartido tu sincero agradecimiento, puedes plantarla en una maceta o jard\u00edn. En unas semanas, dar\u00e1 a luz hermosas flores silvestres, un s\u00edmbolo de tu amor que sigue creciendo.<\/p>\n<p><strong>Exquisito dise\u00f1o de muelles<\/strong> La tarjeta \"Primavera\" est\u00e1 adornada con delicadas ilustraciones florales que recuerdan la frescura y la belleza de esta estaci\u00f3n. La elecci\u00f3n de colores vivos y motivos elegantes resaltar\u00e1 el mensaje de alegr\u00eda y renovaci\u00f3n que desea compartir.<\/p>\n<p><strong>F\u00e1cil personalizaci\u00f3n:<\/strong> Puedes personalizar cada tarjeta con vuestros nombres, la fecha de la boda y un mensaje especial de agradecimiento. Convi\u00e9rtalas en un recuerdo \u00fanico para sus invitados.<\/p>\n<p><strong>Formato pr\u00e1ctico:<\/strong> Las tarjetas \"Primavera\" tienen el tama\u00f1o perfecto, ni demasiado grandes ni demasiado peque\u00f1as, para que tus invitados puedan conservarlas f\u00e1cilmente como un precioso recuerdo de tu boda.<\/p>\n<p>Al elegir nuestra tarjeta de agradecimiento de boda \"Primavera\", hecha de papel con semillas, no s\u00f3lo est\u00e1s haciendo un gesto de agradecimiento, sino que tambi\u00e9n est\u00e1s plantando las semillas del amor y la esperanza de un futuro brillante.<\/p>\n<p>Da las gracias a tus seres queridos con una tarjeta que encarna la belleza de la naturaleza y el amor perdurable.<\/p>\n<p><strong>Pida ahora su tarjeta de agradecimiento de boda de papel con semillas \"Primavera\" y deje que la magia de la primavera florezca en los corazones y jardines de sus seres queridos.<\/strong><\/p>\n<p><strong>Tarjeta de agradecimiento de boda para plantar - Primavera<\/strong><\/p>\n<p>&nbsp;<\/p>","protected":false},"excerpt":{"rendered":"<p><strong>Tarjeta de agradecimiento de boda para plantar - Primavera<\/strong><\/p>\n<p>Siembra las semillas del amor con nuestra tarjeta de agradecimiento \"Primavera\" hecha de papel sembrado a mano, una maravilla bot\u00e1nica que asombrar\u00e1 a tus invitados y les invitar\u00e1 a sembrar estos s\u00edmbolos de vuestra uni\u00f3n y vuestro amor por la naturaleza.<\/p>\n<p>Adem\u00e1s de ser un elegante gesto de gratitud, esta tarjeta especial de agradecimiento es una invitaci\u00f3n a mirar al futuro con esperanza, al igual que la estaci\u00f3n de la renovaci\u00f3n.<\/p>\n<p><b>dimensiones : <\/b>9,5 x 9,5 cm<br \/>\n<b>papel<\/b>\u00a0Parsemains ecorreciclados hechos a mano, aprox. 250 g\/m\u00b2.<br \/>\n<b>semillas<\/b> Mezcla de flores silvestres ecol\u00f3gicas o hierbas arom\u00e1ticas ecol\u00f3gicas (a elegir)<\/p>\n<p><strong>Tarjeta de agradecimiento de boda para plantar - Primavera<\/strong><\/p>\n<p><img decoding=\"async\" class=\"alignnone size-medium wp-image-13406\" src=\"https:\/\/www.parsemains.com\/wp-content\/uploads\/2023\/04\/footer-payment-method-7-300x27.png\" alt=\"pie-m\u00e9todo-de-pago.png\" width=\"300\" height=\"27\" srcset=\"https:\/\/www.parsemains.com\/wp-content\/uploads\/2023\/04\/footer-payment-method-7-300x27.png 300w, https:\/\/www.parsemains.com\/wp-content\/uploads\/2023\/04\/footer-payment-method-7.png 358w\" sizes=\"(max-width: 300px) 100vw, 300px\" \/><\/p>","protected":false},"featured_media":41444,"comment_status":"open","ping_status":"closed","template":"","meta":[],"product_brand":[],"product_cat":[173],"product_tag":[],"class_list":{"0":"post-27074","1":"product","2":"type-product","3":"status-publish","4":"has-post-thumbnail","6":"product_cat-carte-remerciement-ensemencee-mariage","8":"first","9":"instock","10":"shipping-taxable","11":"purchasable","12":"product-type-variable"},"_links":{"self":[{"href":"https:\/\/www.parsemains.com\/es\/wp-json\/wp\/v2\/product\/27074","targetHints":{"allow":["GET"]}}],"collection":[{"href":"https:\/\/www.parsemains.com\/es\/wp-json\/wp\/v2\/product"}],"about":[{"href":"https:\/\/www.parsemains.com\/es\/wp-json\/wp\/v2\/types\/product"}],"replies":[{"embeddable":true,"href":"https:\/\/www.parsemains.com\/es\/wp-json\/wp\/v2\/comments?post=27074"}],"wp:featuredmedia":[{"embeddable":true,"href":"https:\/\/www.parsemains.com\/es\/wp-json\/wp\/v2\/media\/41444"}],"wp:attachment":[{"href":"https:\/\/www.parsemains.com\/es\/wp-json\/wp\/v2\/media?parent=27074"}],"wp:term":[{"taxonomy":"product_brand","embeddable":true,"href":"https:\/\/www.parsemains.com\/es\/wp-json\/wp\/v2\/product_brand?post=27074"},{"taxonomy":"product_cat","embeddable":true,"href":"https:\/\/www.parsemains.com\/es\/wp-json\/wp\/v2\/product_cat?post=27074"},{"taxonomy":"product_tag","embeddable":true,"href":"https:\/\/www.parsemains.com\/es\/wp-json\/wp\/v2\/product_tag?post=27074"}],"curies":[{"name":"wp","href":"https:\/\/api.w.org\/{rel}","templated":true}]}}