{"id":26970,"date":"2023-09-10T20:48:56","date_gmt":"2023-09-10T18:48:56","guid":{"rendered":"https:\/\/www.parsemains.com\/?post_type=product&#038;p=26970"},"modified":"2023-11-18T00:44:54","modified_gmt":"2023-11-17T23:44:54","slug":"carte-remerciement-mariage-ensemencee-2","status":"publish","type":"product","link":"https:\/\/www.parsemains.com\/es\/producto\/tarjeta-de-agradecimiento-boda-ensemencia-divina-idylle\/","title":{"rendered":"Tarjeta de agradecimiento de boda con semillas - Divine Idylle"},"content":{"rendered":"<div class=\"flex-1 overflow-hidden\">\n<div class=\"react-scroll-to-bottom--css-qyzsl-79elbk h-full dark:bg-gray-800\">\n<div class=\"react-scroll-to-bottom--css-qyzsl-1n7m0yu\">\n<div class=\"flex flex-col text-sm dark:bg-gray-800\">\n<div class=\"group w-full text-token-text-primary border-b border-black\/10 dark:border-gray-900\/50 bg-gray-50 dark:bg-[#444654]\" data-testid=\"conversation-turn-2\">\n<div class=\"p-4 justify-center text-base md:gap-6 md:py-6 m-auto\">\n<div class=\"flex flex-1 gap-4 text-base mx-auto md:gap-6 md:max-w-2xl lg:max-w-[38rem] xl:max-w-3xl }\">\n<div class=\"relative flex w-[calc(100%-50px)] flex-col gap-1 md:gap-3 lg:w-[calc(100%-115px)]\">\n<div class=\"flex flex-grow flex-col gap-3 max-w-full\">\n<div class=\"min-h-[20px] flex flex-col items-start gap-3 overflow-x-auto whitespace-pre-wrap break-words\">\n<div class=\"markdown prose w-full break-words dark:prose-invert dark\">\n<p><strong>Tarjeta de agradecimiento de boda con semillas - Divine Idylle<\/strong><\/p>\n<p><strong>Ecol\u00f3gico y responsable<\/strong> La tarjeta Idilio divino est\u00e1 hecha de papel con semillas de alta calidad. Una vez terminada la celebraci\u00f3n, simplemente pl\u00e1ntala en el suelo y crecer\u00e1 hasta convertirse en una hermosa flor silvestre. Un recuerdo duradero y respetuoso con el medio ambiente de tu boda.<\/p>\n<p><strong>Dise\u00f1o elegante<\/strong> El dise\u00f1o Divine Idyll es el ep\u00edtome de la elegancia y la sofisticaci\u00f3n. Un delicado motivo de hojas, con una paleta de colores suave y rom\u00e1ntica, capturar\u00e1 la esencia del d\u00eda de su boda con una gracia atemporal.<\/p>\n<p><strong>Personalizable<\/strong> Personaliza la tarjeta con vuestros nombres y la fecha de vuestra boda, as\u00ed como con un mensaje especial de agradecimiento para vuestros invitados. Cree un recuerdo personalizado que conservar\u00e1 durante a\u00f1os.<\/p>\n<p><strong>Emocionalmente significativo<\/strong> Esta exclusiva tarjeta de agradecimiento simboliza el amor que crece y florece, igual que vuestra relaci\u00f3n. Regala a tus invitados un trozo de esa magia.<\/p>\n<p><strong>\u00bfPor qu\u00e9 elegir la tarjeta \"Idilio divino\"?<\/strong><\/p>\n<p>Tu boda fue un d\u00eda m\u00e1gico, un momento en el que el amor y la naturaleza se unieron para crear algo especial. Con nuestra tarjeta de agradecimiento Divine Idyll, puedes prolongar esa magia y regalar a tus invitados un recuerdo significativo y ecol\u00f3gico que apreciar\u00e1n tanto como t\u00fa aprecias el amor que compart\u00eds.<\/p>\n<p>Exprese su gratitud de una forma \u00fanica y ecol\u00f3gica con la tarjeta de agradecimiento Idilio Divino. P\u00eddala hoy mismo para capturar el esp\u00edritu de su boda y la belleza de la naturaleza en un inolvidable gesto de agradecimiento.<\/p>\n<p><strong>Tarjeta de agradecimiento de boda con semillas - Divine Idylle<\/strong><\/p>\n<\/div>\n<\/div>\n<\/div>\n<\/div>\n<\/div>\n<\/div>\n<\/div>\n<\/div>\n<\/div>\n<\/div>\n<\/div>","protected":false},"excerpt":{"rendered":"<p><strong>Tarjeta de agradecimiento de boda con semillas - Divine Idylle<\/strong><\/p>\n<p>\u00bfQuiere expresar su gratitud de una forma tan memorable como su d\u00eda especial?<\/p>\n<p>No busque m\u00e1s: nuestra tarjeta de agradecimiento \"Idilio divino\" en papel de semillas, una exquisita fusi\u00f3n de gracia, amor y durabilidad.<\/p>\n<p>Esta tarjeta de agradecimiento encarna el esp\u00edritu mismo de su boda, uniendo la maravilla del amor con el respeto por la naturaleza.<\/p>\n<p><strong>Tarjeta de agradecimiento de boda con semillas - Divine Idylle<\/strong><\/p>\n<p><img decoding=\"async\" class=\"alignnone size-medium wp-image-13406\" src=\"https:\/\/www.parsemains.com\/wp-content\/uploads\/2023\/04\/footer-payment-method-7-300x27.png\" alt=\"pie-m\u00e9todo-de-pago.png\" width=\"300\" height=\"27\" srcset=\"https:\/\/www.parsemains.com\/wp-content\/uploads\/2023\/04\/footer-payment-method-7-300x27.png 300w, https:\/\/www.parsemains.com\/wp-content\/uploads\/2023\/04\/footer-payment-method-7.png 358w\" sizes=\"(max-width: 300px) 100vw, 300px\" \/><\/p>","protected":false},"featured_media":27073,"comment_status":"open","ping_status":"closed","template":"","meta":[],"product_brand":[],"product_cat":[173],"product_tag":[],"class_list":{"0":"post-26970","1":"product","2":"type-product","3":"status-publish","4":"has-post-thumbnail","6":"product_cat-carte-remerciement-ensemencee-mariage","8":"first","9":"instock","10":"shipping-taxable","11":"purchasable","12":"product-type-variable"},"_links":{"self":[{"href":"https:\/\/www.parsemains.com\/es\/wp-json\/wp\/v2\/product\/26970","targetHints":{"allow":["GET"]}}],"collection":[{"href":"https:\/\/www.parsemains.com\/es\/wp-json\/wp\/v2\/product"}],"about":[{"href":"https:\/\/www.parsemains.com\/es\/wp-json\/wp\/v2\/types\/product"}],"replies":[{"embeddable":true,"href":"https:\/\/www.parsemains.com\/es\/wp-json\/wp\/v2\/comments?post=26970"}],"wp:featuredmedia":[{"embeddable":true,"href":"https:\/\/www.parsemains.com\/es\/wp-json\/wp\/v2\/media\/27073"}],"wp:attachment":[{"href":"https:\/\/www.parsemains.com\/es\/wp-json\/wp\/v2\/media?parent=26970"}],"wp:term":[{"taxonomy":"product_brand","embeddable":true,"href":"https:\/\/www.parsemains.com\/es\/wp-json\/wp\/v2\/product_brand?post=26970"},{"taxonomy":"product_cat","embeddable":true,"href":"https:\/\/www.parsemains.com\/es\/wp-json\/wp\/v2\/product_cat?post=26970"},{"taxonomy":"product_tag","embeddable":true,"href":"https:\/\/www.parsemains.com\/es\/wp-json\/wp\/v2\/product_tag?post=26970"}],"curies":[{"name":"wp","href":"https:\/\/api.w.org\/{rel}","templated":true}]}}