{"id":26754,"date":"2023-09-10T18:59:18","date_gmt":"2023-09-10T16:59:18","guid":{"rendered":"https:\/\/www.parsemains.com\/?post_type=product&#038;p=26754"},"modified":"2023-11-18T00:51:14","modified_gmt":"2023-11-17T23:51:14","slug":"carte-remerciement-mariage-ensemencee-3","status":"publish","type":"product","link":"https:\/\/www.parsemains.com\/es\/producto\/tarjeta-de-agradecimiento-boda-entrelacs-dano\/","title":{"rendered":"Tarjeta de agradecimiento de boda - Entrelacs d'amour"},"content":{"rendered":"<p><strong>Tarjeta de agradecimiento de boda - Entrelacs d'amour<\/strong><\/p>\n<p><strong>Papel ecol\u00f3gico sembrado :<\/strong> Nuestra tarjeta \"Amor entrelazado\" est\u00e1 hecha de papel con semillas de alta calidad. Despu\u00e9s de disfrutar del mensaje de agradecimiento, tus invitados podr\u00e1n plantar la tarjeta para ver crecer hermosas flores silvestres, s\u00edmbolo del amor que crece.<\/p>\n<p><strong>Dise\u00f1o elegante :<\/strong> Esta tarjeta de agradecimiento presenta un delicado dise\u00f1o de entrelazados en forma de coraz\u00f3n, que evoca la uni\u00f3n y el amor que os unen. Los colores suaves y los minuciosos detalles a\u00f1aden un toque de gracia a cada tarjeta.<\/p>\n<p><strong>Personalizable :<\/strong> Personalice f\u00e1cilmente su mensaje de agradecimiento en el interior de la tarjeta para expresar su gratitud de forma c\u00e1lida y genuina. A\u00f1ade vuestros nombres y la fecha de la boda para tener un recuerdo a\u00fan m\u00e1s personal.<\/p>\n<p><strong>Ecol\u00f3gico y responsable:<\/strong> Al elegir nuestras tarjetas de agradecimiento de papel con semillas, estar\u00e1 ayudando a proteger el medio ambiente. El papel utilizado es reciclado y biodegradable, lo que reduce tu huella de carbono.<\/p>\n<p><strong>Formato pr\u00e1ctico :<\/strong> Cada tarjeta mide [dimensiones], por lo que ofrece espacio suficiente para su mensaje y es f\u00e1cil de enviar por correo.<\/p>\n<p>Cree recuerdos duraderos de su boda al tiempo que contribuye a un futuro m\u00e1s ecol\u00f3gico.<\/p>\n<p>Regala una tarjeta que encarne tu amor y compromiso con el planeta.<\/p>\n<p><strong>Pida hoy mismo sus tarjetas de agradecimiento \"Intertwining Love\" hechas de papel con semillas y comparta su felicidad mientras siembra flores para el futuro.<\/strong><\/p>\n<p><strong>Tarjeta de agradecimiento de boda - Entrelacs d'amour<\/strong><\/p>","protected":false},"excerpt":{"rendered":"<p><strong>Tarjeta de agradecimiento de boda - Entrelacs d'amour<\/strong><\/p>\n<p>Queridos amantes,<\/p>\n<p>Despu\u00e9s de este d\u00eda m\u00e1gico e inolvidable, es hora de repartir amor y gratitud. Nuestra tarjeta de agradecimiento de papel con semillas \"Amor entrelazado\" es la forma perfecta de hacerlo. No s\u00f3lo captura la belleza de vuestro amor, sino que tambi\u00e9n deja una huella ecol\u00f3gica positiva.<\/p>\n<p>Tanto si desea agradecer a sus amigos y familiares su cari\u00f1o y apoyo como si desea compartir su compromiso con el medio ambiente, nuestra tarjeta de agradecimiento \"Amor entrelazado\" de papel con semillas es la elecci\u00f3n perfecta.<\/p>\n<p><strong>Tarjeta de agradecimiento de boda - Entrelacs d'amour<\/strong><\/p>\n<p><img decoding=\"async\" class=\"alignnone size-medium wp-image-13406\" src=\"https:\/\/www.parsemains.com\/wp-content\/uploads\/2023\/04\/footer-payment-method-7-300x27.png\" alt=\"pie-m\u00e9todo-de-pago.png\" width=\"300\" height=\"27\" srcset=\"https:\/\/www.parsemains.com\/wp-content\/uploads\/2023\/04\/footer-payment-method-7-300x27.png 300w, https:\/\/www.parsemains.com\/wp-content\/uploads\/2023\/04\/footer-payment-method-7.png 358w\" sizes=\"(max-width: 300px) 100vw, 300px\" \/><\/p>","protected":false},"featured_media":26857,"comment_status":"open","ping_status":"closed","template":"","meta":[],"product_brand":[],"product_cat":[173],"product_tag":[],"class_list":{"0":"post-26754","1":"product","2":"type-product","3":"status-publish","4":"has-post-thumbnail","6":"product_cat-carte-remerciement-ensemencee-mariage","8":"first","9":"instock","10":"shipping-taxable","11":"purchasable","12":"product-type-variable"},"_links":{"self":[{"href":"https:\/\/www.parsemains.com\/es\/wp-json\/wp\/v2\/product\/26754","targetHints":{"allow":["GET"]}}],"collection":[{"href":"https:\/\/www.parsemains.com\/es\/wp-json\/wp\/v2\/product"}],"about":[{"href":"https:\/\/www.parsemains.com\/es\/wp-json\/wp\/v2\/types\/product"}],"replies":[{"embeddable":true,"href":"https:\/\/www.parsemains.com\/es\/wp-json\/wp\/v2\/comments?post=26754"}],"wp:featuredmedia":[{"embeddable":true,"href":"https:\/\/www.parsemains.com\/es\/wp-json\/wp\/v2\/media\/26857"}],"wp:attachment":[{"href":"https:\/\/www.parsemains.com\/es\/wp-json\/wp\/v2\/media?parent=26754"}],"wp:term":[{"taxonomy":"product_brand","embeddable":true,"href":"https:\/\/www.parsemains.com\/es\/wp-json\/wp\/v2\/product_brand?post=26754"},{"taxonomy":"product_cat","embeddable":true,"href":"https:\/\/www.parsemains.com\/es\/wp-json\/wp\/v2\/product_cat?post=26754"},{"taxonomy":"product_tag","embeddable":true,"href":"https:\/\/www.parsemains.com\/es\/wp-json\/wp\/v2\/product_tag?post=26754"}],"curies":[{"name":"wp","href":"https:\/\/api.w.org\/{rel}","templated":true}]}}